{"id":13397,"date":"2021-04-07T07:27:08","date_gmt":"2021-04-07T10:27:08","guid":{"rendered":"https:\/\/preview.tutorlms.com\/elementor-university\/?page_id=13397"},"modified":"2023-05-29T22:27:07","modified_gmt":"2023-05-30T01:27:07","slug":"contato","status":"publish","type":"page","link":"https:\/\/espacomerkaba.com.br\/site\/contato\/","title":{"rendered":"Entre em Contato"},"content":{"rendered":"\t\t<div data-elementor-type=\"wp-page\" data-elementor-id=\"13397\" class=\"elementor elementor-13397\">\n\t\t\t\t\t\t<section class=\"elementor-section elementor-top-section elementor-element elementor-element-7191ee9 elementor-section-boxed elementor-section-height-default elementor-section-height-default\" data-id=\"7191ee9\" data-element_type=\"section\" data-settings=\"{&quot;background_background&quot;:&quot;classic&quot;}\">\n\t\t\t\t\t\t\t<div class=\"elementor-background-overlay\"><\/div>\n\t\t\t\t\t\t\t<div class=\"elementor-container elementor-column-gap-default\">\n\t\t\t\t\t<div class=\"elementor-column elementor-col-100 elementor-top-column elementor-element elementor-element-48e420b\" data-id=\"48e420b\" data-element_type=\"column\">\n\t\t\t<div class=\"elementor-widget-wrap elementor-element-populated\">\n\t\t\t\t\t\t<div class=\"elementor-element elementor-element-766bf09 elementor-widget elementor-widget-heading\" data-id=\"766bf09\" data-element_type=\"widget\" data-widget_type=\"heading.default\">\n\t\t\t\t<div class=\"elementor-widget-container\">\n\t\t\t\t\t<h2 class=\"elementor-heading-title elementor-size-default\">Contato<\/h2>\t\t\t\t<\/div>\n\t\t\t\t<\/div>\n\t\t\t\t<div class=\"elementor-element elementor-element-c7abfbf elementor-widget elementor-widget-heading\" data-id=\"c7abfbf\" data-element_type=\"widget\" data-widget_type=\"heading.default\">\n\t\t\t\t<div class=\"elementor-widget-container\">\n\t\t\t\t\t<h2 class=\"elementor-heading-title elementor-size-default\"><a href=\"https:\/\/espacomerkaba.com.br\/site\">P\u00c1GINA INICIAL &gt; ENTRE EM CONTATO<\/a><\/h2>\t\t\t\t<\/div>\n\t\t\t\t<\/div>\n\t\t\t\t\t<\/div>\n\t\t<\/div>\n\t\t\t\t\t<\/div>\n\t\t<\/section>\n\t\t\t\t<section class=\"elementor-section elementor-top-section elementor-element elementor-element-037d684 elementor-section-boxed elementor-section-height-default elementor-section-height-default\" data-id=\"037d684\" data-element_type=\"section\">\n\t\t\t\t\t\t<div class=\"elementor-container elementor-column-gap-default\">\n\t\t\t\t\t<div class=\"elementor-column elementor-col-100 elementor-top-column elementor-element elementor-element-c74165b\" data-id=\"c74165b\" data-element_type=\"column\">\n\t\t\t<div class=\"elementor-widget-wrap elementor-element-populated\">\n\t\t\t\t\t\t<div class=\"elementor-element elementor-element-42db4fd elementor-widget elementor-widget-heading\" data-id=\"42db4fd\" data-element_type=\"widget\" data-widget_type=\"heading.default\">\n\t\t\t\t<div class=\"elementor-widget-container\">\n\t\t\t\t\t<h2 class=\"elementor-heading-title elementor-size-default\">Entre em contato com o Espa\u00e7o Merkaba<\/h2>\t\t\t\t<\/div>\n\t\t\t\t<\/div>\n\t\t\t\t\t<\/div>\n\t\t<\/div>\n\t\t\t\t\t<\/div>\n\t\t<\/section>\n\t\t\t\t<section class=\"elementor-section elementor-top-section elementor-element elementor-element-0d6493a elementor-section-content-middle elementor-section-boxed elementor-section-height-default elementor-section-height-default\" data-id=\"0d6493a\" data-element_type=\"section\">\n\t\t\t\t\t\t<div class=\"elementor-container elementor-column-gap-wider\">\n\t\t\t\t\t<div class=\"elementor-column elementor-col-50 elementor-top-column elementor-element elementor-element-239934a\" data-id=\"239934a\" data-element_type=\"column\">\n\t\t\t<div class=\"elementor-widget-wrap elementor-element-populated\">\n\t\t\t\t\t\t<div class=\"elementor-element elementor-element-321c8a3 elementor-widget elementor-widget-heading\" data-id=\"321c8a3\" data-element_type=\"widget\" data-widget_type=\"heading.default\">\n\t\t\t\t<div class=\"elementor-widget-container\">\n\t\t\t\t\t<h2 class=\"elementor-heading-title elementor-size-default\">Queremos falar com voc\u00ea!<\/h2>\t\t\t\t<\/div>\n\t\t\t\t<\/div>\n\t\t\t\t<div class=\"elementor-element elementor-element-ded9799 elementor-widget elementor-widget-html\" data-id=\"ded9799\" data-element_type=\"widget\" data-widget_type=\"html.default\">\n\t\t\t\t<div class=\"elementor-widget-container\">\n\t\t\t\t\t<!DOCTYPE html>\n<html>\n    <style>\n    form {\n       padding: 10px;\n    }\n    \n    label {\n        color: #0A083B;\n        font-family: Inter;\n        font-size: 16px;\n        line-height: 24px;\n        font-weight: 600;\n    }\n    input {\n        padding: 20px 25px;\n        margin: 10px 0 0px;\n        border: 2px solid #E8E7ED;\n        border-radius: 6px;\n    }\n    input:focus, textarea:focus {\n        outline: 0;\n    }\n    input[type=\"text\"],input[type=\"email\"] {\n         width: 100%;\n        font-family: Inter;\n        font-weight: 400;\n        font-size: 16px;\n        line-height: 19px;\n        color: rgba(10, 8, 59, 0.50);\n    }\n    textarea {\n        width: 100%;\n        height: 135px;\n        padding: 20px 25px;\n        margin: 10px 0 0px;\n        border: 2px solid #E8E7ED;\n        border-radius: 6px;\n        font-family: Inter;\n        font-weight: 400;\n        font-size: 16px;\n        line-height: 19px;\n    }\n    .form-button {\n        font-family: Inter;\n        font-weight: 600;\n        font-size: 16px;\n        line-height: 19px;\n        padding: 16px 34px;\n        color: #fff;\n        background-color: #1950D1;\n        border-radius: 33px;\n        cursor: pointer;\n        float: right;\n        margin-top: 40px;\n    }\n    .form-button:hover {\n        background-color: #175CFF;\n        transition: .6s;\n    }\n    @media (max-width:768px) {\n        input {\n        padding: 15px 15px;\n    }\n    input[type=\"text\"],input[type=\"email\"] {\n        font-size: 14px;\n        line-height: 19px;\n    }\n     textarea {\n        font-size: 14px;\n         padding: 15px 15px;\n         height: 100px;\n    }\n    }\n    \n    <\/style>\n    <body>\n        <form action=\"\/action_page.php\">\n            \n            <label for=\"fname\">Nome <\/label><br>\n            <input type=\"text\" name=\"fname\" id=\"fname\" value=\"\" placeholder=\"Seu nome\">\n            <br><br>\n            \n            <label for=\"email\">Email <\/label><br>\n            <input type=\"email\" name=\"email\" id=\"email\" value=\"\" placeholder=\"nome@exemplo.com\"> <br> <br>\n            \n            <label for=\"fname\">Assunto <\/label><br>\n            <input type=\"text\" name=\"fname\" id=\"fname\" value=\"\" placeholder=\"Assunto da mensagem\">\n            <br><br>\n            \n            <label for=\"text\"> Mensagem <\/label><br>\n            <textarea placeholder=\"Escreva sua mensagem\" rows=\"7\"><\/textarea>\n            \n            \n            <a href=\"#\" class=\"form-button\">Enviar<\/a>\n            \n        <\/form>\n    <\/body>\n<\/html>\t\t\t\t<\/div>\n\t\t\t\t<\/div>\n\t\t\t\t\t<\/div>\n\t\t<\/div>\n\t\t\t\t<div class=\"elementor-column elementor-col-50 elementor-top-column elementor-element elementor-element-080ea3c\" data-id=\"080ea3c\" data-element_type=\"column\">\n\t\t\t<div class=\"elementor-widget-wrap elementor-element-populated\">\n\t\t\t\t\t\t<div class=\"elementor-element elementor-element-5389430 elementor-widget elementor-widget-heading\" data-id=\"5389430\" data-element_type=\"widget\" data-widget_type=\"heading.default\">\n\t\t\t\t<div class=\"elementor-widget-container\">\n\t\t\t\t\t<h2 class=\"elementor-heading-title elementor-size-default\">Ligue ou envie um WhatsApp<\/h2>\t\t\t\t<\/div>\n\t\t\t\t<\/div>\n\t\t\t\t<div class=\"elementor-element elementor-element-633df47 elementor-widget elementor-widget-text-editor\" data-id=\"633df47\" data-element_type=\"widget\" data-widget_type=\"text-editor.default\">\n\t\t\t\t<div class=\"elementor-widget-container\">\n\t\t\t\t\t\t\t\t\t<p>(11) 9.7205.5181<\/p>\t\t\t\t\t\t\t\t<\/div>\n\t\t\t\t<\/div>\n\t\t\t\t<div class=\"elementor-element elementor-element-69ac94b elementor-widget elementor-widget-text-editor\" data-id=\"69ac94b\" data-element_type=\"widget\" data-widget_type=\"text-editor.default\">\n\t\t\t\t<div class=\"elementor-widget-container\">\n\t\t\t\t\t\t\t\t\t<p><a href=\"https:\/\/wa.me\/5511972055181\" target=\"_blank\" rel=\"noopener\">Clique para enviar WhatsApp<\/a><\/p>\t\t\t\t\t\t\t\t<\/div>\n\t\t\t\t<\/div>\n\t\t\t\t<section class=\"elementor-section elementor-inner-section elementor-element elementor-element-c920b21 elementor-section-boxed elementor-section-height-default elementor-section-height-default\" data-id=\"c920b21\" data-element_type=\"section\">\n\t\t\t\t\t\t<div class=\"elementor-container elementor-column-gap-default\">\n\t\t\t\t\t<div class=\"elementor-column elementor-col-50 elementor-inner-column elementor-element elementor-element-21461c3\" data-id=\"21461c3\" data-element_type=\"column\">\n\t\t\t<div class=\"elementor-widget-wrap elementor-element-populated\">\n\t\t\t\t\t\t<div class=\"elementor-element elementor-element-5808238 elementor-view-default elementor-widget elementor-widget-icon\" data-id=\"5808238\" data-element_type=\"widget\" data-widget_type=\"icon.default\">\n\t\t\t\t<div class=\"elementor-widget-container\">\n\t\t\t\t\t\t\t<div class=\"elementor-icon-wrapper\">\n\t\t\t<a class=\"elementor-icon\" href=\"https:\/\/wa.me\/5511972055181\" target=\"_blank\">\n\t\t\t<i aria-hidden=\"true\" class=\"fab fa-whatsapp\"><\/i>\t\t\t<\/a>\n\t\t<\/div>\n\t\t\t\t\t\t<\/div>\n\t\t\t\t<\/div>\n\t\t\t\t\t<\/div>\n\t\t<\/div>\n\t\t\t\t<div class=\"elementor-column elementor-col-50 elementor-inner-column elementor-element elementor-element-f97cca7\" data-id=\"f97cca7\" data-element_type=\"column\">\n\t\t\t<div class=\"elementor-widget-wrap elementor-element-populated\">\n\t\t\t\t\t\t<div class=\"elementor-element elementor-element-cee7ce2 elementor-widget elementor-widget-text-editor\" data-id=\"cee7ce2\" data-element_type=\"widget\" data-widget_type=\"text-editor.default\">\n\t\t\t\t<div class=\"elementor-widget-container\">\n\t\t\t\t\t\t\t\t\t<p>A maneira mais r\u00e1pida de voc\u00ea ser atendid@, \u00e9 nos enviando uma mensagem de WhatsApp!<\/p>\t\t\t\t\t\t\t\t<\/div>\n\t\t\t\t<\/div>\n\t\t\t\t\t<\/div>\n\t\t<\/div>\n\t\t\t\t\t<\/div>\n\t\t<\/section>\n\t\t\t\t<div class=\"elementor-element elementor-element-cddc918 elementor-widget elementor-widget-heading\" data-id=\"cddc918\" data-element_type=\"widget\" data-widget_type=\"heading.default\">\n\t\t\t\t<div class=\"elementor-widget-container\">\n\t\t\t\t\t<h2 class=\"elementor-heading-title elementor-size-default\">Envie um e-mail<\/h2>\t\t\t\t<\/div>\n\t\t\t\t<\/div>\n\t\t\t\t<div class=\"elementor-element elementor-element-13b5c76 elementor-widget elementor-widget-text-editor\" data-id=\"13b5c76\" data-element_type=\"widget\" data-widget_type=\"text-editor.default\">\n\t\t\t\t<div class=\"elementor-widget-container\">\n\t\t\t\t\t\t\t\t\t<p>espacomerkaba@gmail.com<\/p>\t\t\t\t\t\t\t\t<\/div>\n\t\t\t\t<\/div>\n\t\t\t\t<div class=\"elementor-element elementor-element-f0e0955 elementor-widget elementor-widget-heading\" data-id=\"f0e0955\" data-element_type=\"widget\" data-widget_type=\"heading.default\">\n\t\t\t\t<div class=\"elementor-widget-container\">\n\t\t\t\t\t<h2 class=\"elementor-heading-title elementor-size-default\">Venha nos visitar<\/h2>\t\t\t\t<\/div>\n\t\t\t\t<\/div>\n\t\t\t\t<div class=\"elementor-element elementor-element-4369b7f elementor-widget elementor-widget-text-editor\" data-id=\"4369b7f\" data-element_type=\"widget\" data-widget_type=\"text-editor.default\">\n\t\t\t\t<div class=\"elementor-widget-container\">\n\t\t\t\t\t\t\t\t\t<p><span style=\"letter-spacing: -0.66px; background-color: var(--body-bg-color); text-transform: var(--body-text-transform);\">Rua Herman Teles Ribeiro<\/span><\/p><p><span style=\"letter-spacing: -0.66px; background-color: var(--body-bg-color); text-transform: var(--body-text-transform);\">Jardim An\u00e1lia Franco &#8211; SP &#8211; S\u00e3o Paulo<\/span><\/p>\t\t\t\t\t\t\t\t<\/div>\n\t\t\t\t<\/div>\n\t\t\t\t\t<\/div>\n\t\t<\/div>\n\t\t\t\t\t<\/div>\n\t\t<\/section>\n\t\t\t\t<\/div>\n\t\t","protected":false},"excerpt":{"rendered":"<p>Contato P\u00c1GINA INICIAL &gt; ENTRE EM CONTATO Entre em contato com o Espa\u00e7o Merkaba Queremos falar com voc\u00ea! Nome Email<\/p>\n","protected":false},"author":1,"featured_media":0,"parent":0,"menu_order":0,"comment_status":"closed","ping_status":"closed","template":"elementor_header_footer","meta":{"content-type":"","_tutorstarter_page_metadata":{"sidebar_select":"","footer_select":"","page_title_toggle":false,"header_toggle":false,"header_trans_toggle":true,"footer_toggle":false},"_joinchat":[],"footnotes":""},"class_list":["post-13397","page","type-page","status-publish","hentry"],"_links":{"self":[{"href":"https:\/\/espacomerkaba.com.br\/site\/wp-json\/wp\/v2\/pages\/13397","targetHints":{"allow":["GET"]}}],"collection":[{"href":"https:\/\/espacomerkaba.com.br\/site\/wp-json\/wp\/v2\/pages"}],"about":[{"href":"https:\/\/espacomerkaba.com.br\/site\/wp-json\/wp\/v2\/types\/page"}],"author":[{"embeddable":true,"href":"https:\/\/espacomerkaba.com.br\/site\/wp-json\/wp\/v2\/users\/1"}],"replies":[{"embeddable":true,"href":"https:\/\/espacomerkaba.com.br\/site\/wp-json\/wp\/v2\/comments?post=13397"}],"version-history":[{"count":31,"href":"https:\/\/espacomerkaba.com.br\/site\/wp-json\/wp\/v2\/pages\/13397\/revisions"}],"predecessor-version":[{"id":15015,"href":"https:\/\/espacomerkaba.com.br\/site\/wp-json\/wp\/v2\/pages\/13397\/revisions\/15015"}],"wp:attachment":[{"href":"https:\/\/espacomerkaba.com.br\/site\/wp-json\/wp\/v2\/media?parent=13397"}],"curies":[{"name":"wp","href":"https:\/\/api.w.org\/{rel}","templated":true}]}}