{"id":14690,"date":"2023-05-27T00:33:08","date_gmt":"2023-05-27T03:33:08","guid":{"rendered":"https:\/\/espacomerkaba.com.br\/site\/?post_type=product&#038;p=14690"},"modified":"2023-05-27T00:33:08","modified_gmt":"2023-05-27T03:33:08","slug":"cabala-dos-relacionamentos","status":"publish","type":"product","link":"https:\/\/espacomerkaba.com.br\/site\/produto\/cabala-dos-relacionamentos\/","title":{"rendered":"Cabal\u00e1 dos Relacionamentos"},"content":{"rendered":"<p>Os relacionamentos que temos na vida s\u00e3o um dos aspectos mais importantes em nossa eleva\u00e7\u00e3o espiritual.<\/p>\n<p>Assim sendo, a Cabal\u00e1 n\u00e3o poderia ter deixado de acumular uma sabedoria enorme sobre essa \u00e1rea da vida humana.<\/p>\n<p>&nbsp;<\/p>\n<p>No curso discutiremos as rela\u00e7\u00f5es humanas em geral, e as amorosas em especial, focando no que podemos aprender de nossas intera\u00e7\u00f5es sociais.<\/p>\n<p>&nbsp;<\/p>\n<p>Este curso \u00e9 destinado a todos os que desejam entender como suas rela\u00e7\u00f5es refletem nas outras \u00e1reas de nossas vidas, bem como nossas a\u00e7\u00f5es, pensamentos e energia refletem em nossas rela\u00e7\u00f5es, trazendo essa realidade para o entendimento cabal\u00edstico, de maneira que possamos nos adequar para ter relacionamentos mais saud\u00e1veis e pr\u00f3speros.<\/p>\n<p>&nbsp;<\/p>\n<p><strong><u>Temas abordados no Curso:<\/u><\/strong><\/p>\n<p>&nbsp;<\/p>\n<ul>\n<li>como ter relacionamentos mais significativos e duradouros<\/li>\n<li>o que a Cabal\u00e1 tem a dizer sobre rela\u00e7\u00f5es amorosas<\/li>\n<li>como lidar com pessoas dif\u00edceis<\/li>\n<li>como melhorar o conv\u00edvio com aqueles que me rodeiam<\/li>\n<li>e\u00a0muito\u00a0mais<\/li>\n<\/ul>\n<p>&nbsp;<\/p>\n<p><strong><u>O curso inclui:<\/u><\/strong><\/p>\n<p><strong>\u00a0<\/strong><\/p>\n<p>\u2705 Material Digital para Download<\/p>\n<p>\u2705 Acesso por pelo menos 12 meses \u00e0s grava\u00e7\u00f5es das aulas<\/p>\n<p>\u2705 Acesso ao grupo exclusivo de estudos com o professor Yair Alon<\/p>\n<p>\u2705 Certificado de Conclus\u00e3o ao final do curso<\/p>\n","protected":false},"excerpt":{"rendered":"<p>Os relacionamentos que temos na vida s\u00e3o um dos aspectos mais importantes em nossa eleva\u00e7\u00e3o espiritual.<\/p>\n<p>Assim sendo, a Cabal\u00e1 n\u00e3o poderia ter deixado de acumular uma sabedoria enorme sobre essa \u00e1rea da vida humana.<\/p>\n<p>&nbsp;<\/p>\n<p>No curso discutiremos as rela\u00e7\u00f5es humanas em geral, e as amorosas em especial, focando no que podemos aprender de nossas intera\u00e7\u00f5es sociais.<\/p>\n<p>&nbsp;<\/p>\n<p>Este curso \u00e9 destinado a todos os que desejam entender como suas rela\u00e7\u00f5es refletem nas outras \u00e1reas de nossas vidas, bem como nossas a\u00e7\u00f5es, pensamentos e energia refletem em nossas rela\u00e7\u00f5es, trazendo essa realidade para o entendimento cabal\u00edstico, de maneira que possamos nos adequar para ter relacionamentos mais saud\u00e1veis e pr\u00f3speros.<\/p>\n<p>&nbsp;<\/p>\n<p><strong><u>Temas abordados no Curso:<\/u><\/strong><\/p>\n<p>&nbsp;<\/p>\n<ul>\n<li>como ter relacionamentos mais significativos e duradouros<\/li>\n<li>o que a Cabal\u00e1 tem a dizer sobre rela\u00e7\u00f5es amorosas<\/li>\n<li>como lidar com pessoas dif\u00edceis<\/li>\n<li>como melhorar o conv\u00edvio com aqueles que me rodeiam<\/li>\n<li>e\u00a0muito\u00a0mais<\/li>\n<\/ul>\n<p>&nbsp;<\/p>\n<p><strong><u>O curso inclui:<\/u><\/strong><\/p>\n<p><strong>\u00a0<\/strong><\/p>\n<p>\u2705 Material Digital para Download<\/p>\n<p>\u2705 Acesso por pelo menos 12 meses \u00e0s grava\u00e7\u00f5es das aulas<\/p>\n<p>\u2705 Acesso ao grupo exclusivo de estudos com o professor Yair Alon<\/p>\n<p>\u2705 Certificado de Conclus\u00e3o ao final do curso<\/p>\n","protected":false},"featured_media":14691,"comment_status":"closed","ping_status":"closed","template":"","meta":{"content-type":"","_joinchat":[]},"product_brand":[],"product_cat":[103],"product_tag":[],"class_list":{"0":"post-14690","1":"product","2":"type-product","3":"status-publish","4":"has-post-thumbnail","6":"product_cat-cabala","8":"first","9":"instock","10":"virtual","11":"purchasable","12":"product-type-simple"},"_links":{"self":[{"href":"https:\/\/espacomerkaba.com.br\/site\/wp-json\/wp\/v2\/product\/14690","targetHints":{"allow":["GET"]}}],"collection":[{"href":"https:\/\/espacomerkaba.com.br\/site\/wp-json\/wp\/v2\/product"}],"about":[{"href":"https:\/\/espacomerkaba.com.br\/site\/wp-json\/wp\/v2\/types\/product"}],"replies":[{"embeddable":true,"href":"https:\/\/espacomerkaba.com.br\/site\/wp-json\/wp\/v2\/comments?post=14690"}],"version-history":[{"count":1,"href":"https:\/\/espacomerkaba.com.br\/site\/wp-json\/wp\/v2\/product\/14690\/revisions"}],"predecessor-version":[{"id":14692,"href":"https:\/\/espacomerkaba.com.br\/site\/wp-json\/wp\/v2\/product\/14690\/revisions\/14692"}],"wp:featuredmedia":[{"embeddable":true,"href":"https:\/\/espacomerkaba.com.br\/site\/wp-json\/wp\/v2\/media\/14691"}],"wp:attachment":[{"href":"https:\/\/espacomerkaba.com.br\/site\/wp-json\/wp\/v2\/media?parent=14690"}],"wp:term":[{"taxonomy":"product_brand","embeddable":true,"href":"https:\/\/espacomerkaba.com.br\/site\/wp-json\/wp\/v2\/product_brand?post=14690"},{"taxonomy":"product_cat","embeddable":true,"href":"https:\/\/espacomerkaba.com.br\/site\/wp-json\/wp\/v2\/product_cat?post=14690"},{"taxonomy":"product_tag","embeddable":true,"href":"https:\/\/espacomerkaba.com.br\/site\/wp-json\/wp\/v2\/product_tag?post=14690"}],"curies":[{"name":"wp","href":"https:\/\/api.w.org\/{rel}","templated":true}]}}