{"id":14719,"date":"2023-05-27T01:04:01","date_gmt":"2023-05-27T04:04:01","guid":{"rendered":"https:\/\/espacomerkaba.com.br\/site\/?post_type=product&#038;p=14719"},"modified":"2023-05-27T01:10:36","modified_gmt":"2023-05-27T04:10:36","slug":"tiferet-autoconhecimento-com-a-cabala","status":"publish","type":"product","link":"https:\/\/espacomerkaba.com.br\/site\/produto\/tiferet-autoconhecimento-com-a-cabala\/","title":{"rendered":"Os Segredos de Tiferet &#8211; Autoconhecimento com a Cabal\u00e1"},"content":{"rendered":"<p>Desde S\u00f3crates (com sua m\u00e1xima: &#8220;conhece-te a ti mesmo&#8221;) at\u00e9 a psicologia moderna, passando pelas doutrinas m\u00edsticas e religiosas, o autoconhecimento tem sido uma das buscas mais importantes do ser humano que deseja se aprimorar.<\/p>\n<p>O autoconhecimento nos permite saber n\u00e3o apenas quem somos, mas tamb\u00e9m como agimos na vida, como trabalhamos, amamos e o que estamos fazendo no Universo.<\/p>\n<p>Nesse curso, baseando-se no que a Cabal\u00e1 tem a dizer sobre a Sefir\u00e1 de Tif\u00e9ret e seu simbolismo, faremos uma viagem profunda para o mais essencial de n\u00f3s mesmos visando a entender nosso \u00e2mago.<\/p>\n<p>Ao entender por que o Sol e o Rei Salom\u00e3o, apenas para citar dois exemplos, s\u00e3o s\u00edmbolos dessa Sefir\u00e1 e, portanto, do autoconhecimento, teremos uma vis\u00e3o muito mais clara do Eu, aprenderemos muito sobre a nossa miss\u00e3o na vida e como realizar o nosso verdadeiro potencial.<\/p>\n<p>O curso online inclui:<br \/>\n\u2705 Oportunidade \u00fanica de assistir a uma aula com o Rabino Yair Alon de qualquer lugar do Mundo!<br \/>\n\u2705 Acesso por pelo menos 12 meses \u00e0s grava\u00e7\u00f5es das aulas<br \/>\n\u2705 Acesso ao grupo exclusivo de estudos com o Rabino Yair Alon<br \/>\n\u2705 Certificado Digital de Conclus\u00e3o ao final do curso<\/p>\n<p>&nbsp;<\/p>\n","protected":false},"excerpt":{"rendered":"<p>Desde S\u00f3crates (com sua m\u00e1xima: &#8220;conhece-te a ti mesmo&#8221;) at\u00e9 a psicologia moderna, passando pelas doutrinas m\u00edsticas e religiosas, o autoconhecimento tem sido uma das buscas mais importantes do ser humano que deseja se aprimorar.<\/p>\n<p>O autoconhecimento nos permite saber n\u00e3o apenas quem somos, mas tamb\u00e9m como agimos na vida, como trabalhamos, amamos e o que estamos fazendo no Universo.<\/p>\n<p>Nesse curso, baseando-se no que a Cabal\u00e1 tem a dizer sobre a Sefir\u00e1 de Tif\u00e9ret e seu simbolismo, faremos uma viagem profunda para o mais essencial de n\u00f3s mesmos visando a entender nosso \u00e2mago.<\/p>\n<p>Ao entender por que o Sol e o Rei Salom\u00e3o, apenas para citar dois exemplos, s\u00e3o s\u00edmbolos dessa Sefir\u00e1 e, portanto, do autoconhecimento, teremos uma vis\u00e3o muito mais clara do Eu, aprenderemos muito sobre a nossa miss\u00e3o na vida e como realizar o nosso verdadeiro potencial.<\/p>\n<p>O curso online inclui:<br \/>\n\u2705 Oportunidade \u00fanica de assistir a uma aula com o Rabino Yair Alon de qualquer lugar do Mundo!<br \/>\n\u2705 Acesso por pelo menos 12 meses \u00e0s grava\u00e7\u00f5es das aulas<br \/>\n\u2705 Acesso ao grupo exclusivo de estudos com o Rabino Yair Alon<br \/>\n\u2705 Certificado Digital de Conclus\u00e3o ao final do curso<\/p>\n<p>&nbsp;<\/p>\n","protected":false},"featured_media":14724,"comment_status":"closed","ping_status":"closed","template":"","meta":{"content-type":"","_joinchat":[]},"product_brand":[],"product_cat":[105,103],"product_tag":[],"class_list":{"0":"post-14719","1":"product","2":"type-product","3":"status-publish","4":"has-post-thumbnail","6":"product_cat-espiritualidade","7":"product_cat-cabala","9":"first","10":"instock","11":"virtual","12":"purchasable","13":"product-type-simple"},"_links":{"self":[{"href":"https:\/\/espacomerkaba.com.br\/site\/wp-json\/wp\/v2\/product\/14719","targetHints":{"allow":["GET"]}}],"collection":[{"href":"https:\/\/espacomerkaba.com.br\/site\/wp-json\/wp\/v2\/product"}],"about":[{"href":"https:\/\/espacomerkaba.com.br\/site\/wp-json\/wp\/v2\/types\/product"}],"replies":[{"embeddable":true,"href":"https:\/\/espacomerkaba.com.br\/site\/wp-json\/wp\/v2\/comments?post=14719"}],"version-history":[{"count":2,"href":"https:\/\/espacomerkaba.com.br\/site\/wp-json\/wp\/v2\/product\/14719\/revisions"}],"predecessor-version":[{"id":14726,"href":"https:\/\/espacomerkaba.com.br\/site\/wp-json\/wp\/v2\/product\/14719\/revisions\/14726"}],"wp:featuredmedia":[{"embeddable":true,"href":"https:\/\/espacomerkaba.com.br\/site\/wp-json\/wp\/v2\/media\/14724"}],"wp:attachment":[{"href":"https:\/\/espacomerkaba.com.br\/site\/wp-json\/wp\/v2\/media?parent=14719"}],"wp:term":[{"taxonomy":"product_brand","embeddable":true,"href":"https:\/\/espacomerkaba.com.br\/site\/wp-json\/wp\/v2\/product_brand?post=14719"},{"taxonomy":"product_cat","embeddable":true,"href":"https:\/\/espacomerkaba.com.br\/site\/wp-json\/wp\/v2\/product_cat?post=14719"},{"taxonomy":"product_tag","embeddable":true,"href":"https:\/\/espacomerkaba.com.br\/site\/wp-json\/wp\/v2\/product_tag?post=14719"}],"curies":[{"name":"wp","href":"https:\/\/api.w.org\/{rel}","templated":true}]}}