{"id":14778,"date":"2023-05-27T02:21:10","date_gmt":"2023-05-27T05:21:10","guid":{"rendered":"https:\/\/espacomerkaba.com.br\/site\/?post_type=product&#038;p=14778"},"modified":"2023-05-27T02:21:10","modified_gmt":"2023-05-27T05:21:10","slug":"introducao-e-pratica-tarot-de-thoth","status":"publish","type":"product","link":"https:\/\/espacomerkaba.com.br\/site\/produto\/introducao-e-pratica-tarot-de-thoth\/","title":{"rendered":"Introdu\u00e7\u00e3o e Pr\u00e1tica &#8211; Tarot de Thoth"},"content":{"rendered":"<p>Este curso vai te ensinar a compreender o Tarot de Thoth, decifrando a sua simbologia \u00fanica que faz desse baralho um tarot diferente de todos os outros.<\/p>\n<p>Com o curso INTRODU\u00c7\u00c3O E PR\u00c1TICA AO TAROT DE THOTH voc\u00ea estar\u00e1 apto a jogar com este or\u00e1culo, respeitando suas premissas e de acordo com os conceitos de Aleister Crowley, seu criador, conforme os preceitos da Ordem Herm\u00e9tica da Aurora Dourada (Golden Dawn).<\/p>\n<p>Este curso \u00e9 desenvolvido para quem nunca estudou Tarot na vida e tem vontade de aprender a ler e a compreender todos os mist\u00e9rios das 78 l\u00e2minas, para estudantes que n\u00e3o se sentem seguros em trabalhar profissionalmente com o or\u00e1culo, para tar\u00f3log@s que desejam aprimorar seu olhar e leitura sobre as cartas e para todo o p\u00fablico focado no autoconhecimento e espiritualidade, com pretens\u00f5es de trabalhar ou n\u00e3o com o Tarot de Thoth.<\/p>\n<p>Temas abordados no Curso:<\/p>\n<p>\u2022 Estrutura do Tarot<br \/>\n\u2022 Hist\u00f3ria do Tarot de Thoth<br \/>\n\u2022 Arcanos Maiores<br \/>\n\u2022 Arcanos Menores<br \/>\n\u2022 Corte do Tarot<br \/>\n\u2022 Pr\u00e1tica: m\u00e9todo 3 cartas, m\u00e9todo de 5 cartas, m\u00e9todo de 7 cartas, m\u00e9todo Espelho do Relacionamento (10 cartas), m\u00e9todo Cruz Celta e m\u00e9todo Golden Dawn<\/p>\n<p>O curso inclui:<\/p>\n<p>\u2705 Material Digital para Download<br \/>\n\u2705 Acesso por pelo menos 12 meses \u00e0s grava\u00e7\u00f5es das aulas<br \/>\n\u2705 Acesso ao grupo exclusivo de estudos com os professores Bruno e Luiz<br \/>\n\u2705 Certificado de Conclus\u00e3o ao final do curso<\/p>\n","protected":false},"excerpt":{"rendered":"<p>Este curso vai te ensinar a compreender o Tarot de Thoth, decifrando a sua simbologia \u00fanica que faz desse baralho um tarot diferente de todos os outros.<\/p>\n<p>Com o curso INTRODU\u00c7\u00c3O E PR\u00c1TICA AO TAROT DE THOTH voc\u00ea estar\u00e1 apto a jogar com este or\u00e1culo, respeitando suas premissas e de acordo com os conceitos de Aleister Crowley, seu criador, conforme os preceitos da Ordem Herm\u00e9tica da Aurora Dourada (Golden Dawn).<\/p>\n<p>Este curso \u00e9 desenvolvido para quem nunca estudou Tarot na vida e tem vontade de aprender a ler e a compreender todos os mist\u00e9rios das 78 l\u00e2minas, para estudantes que n\u00e3o se sentem seguros em trabalhar profissionalmente com o or\u00e1culo, para tar\u00f3log@s que desejam aprimorar seu olhar e leitura sobre as cartas e para todo o p\u00fablico focado no autoconhecimento e espiritualidade, com pretens\u00f5es de trabalhar ou n\u00e3o com o Tarot de Thoth.<\/p>\n<p>Temas abordados no Curso:<\/p>\n<p>\u2022 Estrutura do Tarot<br \/>\n\u2022 Hist\u00f3ria do Tarot de Thoth<br \/>\n\u2022 Arcanos Maiores<br \/>\n\u2022 Arcanos Menores<br \/>\n\u2022 Corte do Tarot<br \/>\n\u2022 Pr\u00e1tica: m\u00e9todo 3 cartas, m\u00e9todo de 5 cartas, m\u00e9todo de 7 cartas, m\u00e9todo Espelho do Relacionamento (10 cartas), m\u00e9todo Cruz Celta e m\u00e9todo Golden Dawn<\/p>\n<p>O curso inclui:<\/p>\n<p>\u2705 Material Digital para Download<br \/>\n\u2705 Acesso por pelo menos 12 meses \u00e0s grava\u00e7\u00f5es das aulas<br \/>\n\u2705 Acesso ao grupo exclusivo de estudos com os professores Bruno e Luiz<br \/>\n\u2705 Certificado de Conclus\u00e3o ao final do curso<\/p>\n","protected":false},"featured_media":14779,"comment_status":"closed","ping_status":"closed","template":"","meta":{"content-type":"","_joinchat":[]},"product_brand":[],"product_cat":[100],"product_tag":[],"class_list":{"0":"post-14778","1":"product","2":"type-product","3":"status-publish","4":"has-post-thumbnail","6":"product_cat-tarot","8":"first","9":"instock","10":"virtual","11":"purchasable","12":"product-type-simple"},"_links":{"self":[{"href":"https:\/\/espacomerkaba.com.br\/site\/wp-json\/wp\/v2\/product\/14778","targetHints":{"allow":["GET"]}}],"collection":[{"href":"https:\/\/espacomerkaba.com.br\/site\/wp-json\/wp\/v2\/product"}],"about":[{"href":"https:\/\/espacomerkaba.com.br\/site\/wp-json\/wp\/v2\/types\/product"}],"replies":[{"embeddable":true,"href":"https:\/\/espacomerkaba.com.br\/site\/wp-json\/wp\/v2\/comments?post=14778"}],"version-history":[{"count":1,"href":"https:\/\/espacomerkaba.com.br\/site\/wp-json\/wp\/v2\/product\/14778\/revisions"}],"predecessor-version":[{"id":14780,"href":"https:\/\/espacomerkaba.com.br\/site\/wp-json\/wp\/v2\/product\/14778\/revisions\/14780"}],"wp:featuredmedia":[{"embeddable":true,"href":"https:\/\/espacomerkaba.com.br\/site\/wp-json\/wp\/v2\/media\/14779"}],"wp:attachment":[{"href":"https:\/\/espacomerkaba.com.br\/site\/wp-json\/wp\/v2\/media?parent=14778"}],"wp:term":[{"taxonomy":"product_brand","embeddable":true,"href":"https:\/\/espacomerkaba.com.br\/site\/wp-json\/wp\/v2\/product_brand?post=14778"},{"taxonomy":"product_cat","embeddable":true,"href":"https:\/\/espacomerkaba.com.br\/site\/wp-json\/wp\/v2\/product_cat?post=14778"},{"taxonomy":"product_tag","embeddable":true,"href":"https:\/\/espacomerkaba.com.br\/site\/wp-json\/wp\/v2\/product_tag?post=14778"}],"curies":[{"name":"wp","href":"https:\/\/api.w.org\/{rel}","templated":true}]}}