{"id":14796,"date":"2023-05-27T02:40:13","date_gmt":"2023-05-27T05:40:13","guid":{"rendered":"https:\/\/espacomerkaba.com.br\/site\/?post_type=product&#038;p=14796"},"modified":"2023-09-18T15:48:38","modified_gmt":"2023-09-18T18:48:38","slug":"evento-literatura-de-hechalot","status":"publish","type":"product","link":"https:\/\/espacomerkaba.com.br\/site\/produto\/evento-literatura-de-hechalot\/","title":{"rendered":"Evento &#8211; Literatura de Hechalot"},"content":{"rendered":"<p style=\"text-align: left;\"><span class=\"WdYUQQ\">Um evento \u00fanico, que reunir\u00e1 dois grandes profissionais, que trar\u00e3o as an\u00e1lises dos textos fundamentais do Pensamento Cabal\u00edstico e do Misticismo de Mercav\u00e1.<\/span><\/p>\n<p><strong>Dia 05 de Agosto \u2013 S\u00e1bado \u2013 Frater Goya<\/strong><\/p>\n<p><strong>A Literatura de Hechalot e o Desenvolvimento da pr\u00e1tica M\u00edstica Vision\u00e1ria<br \/>\n<\/strong>Vamos contextualizar a influ\u00eancia da Literatura de Hechalot no Hermetismo, na Magia Medieval e outras pr\u00e1ticas como o Desenvolvimento da Literatura Apocal\u00edptica, o misticismo no Cristianismo Primitivo, a Magia Enochiana de John Dee, o esoterismo crist\u00e3o dos Rosacruzes e Martinistas, o Ritual da Magia Sagrada de Abramelin \u2013 O Mago, o desenvolvimento de uma Cabala Herm\u00e9tica, a din\u00e2mica da experi\u00eancia vision\u00e1ria e os processos de transe, a cria\u00e7\u00e3o da Jerusal\u00e9m Celeste no ide\u00e1rio m\u00edstico.<\/p>\n<p>&nbsp;<\/p>\n<p><strong>Dia 06 de Agosto \u2013 Domingo \u2013 Yair Alon<\/strong><\/p>\n<p><strong>An\u00e1lise e exposi\u00e7\u00e3o das t\u00e9cnicas e m\u00e9todos da Literatura de Hechalot, incluindo sua vis\u00e3o de mundo<br \/>\n<\/strong>Vamos analisar a Literatura de Hechalot e a Jornada M\u00edstica feita pelos praticantes, analisando as t\u00e9cnicas e pr\u00e1ticas utilizadas por eles.<br \/>\nCom isso, veremos brevemente qual \u00e9 a descri\u00e7\u00e3o dos mundos superiores e seus significados, incluindo o papel dos anjos e dem\u00f4nios na literatura de Hechalot.<br \/>\nPor fim veremos como funciona a teurgia e a magia na literatura de Hechalot e sua influ\u00eancia na magia judaica e cabal\u00edstica, em especial quanto ao segredos dos Nomes Divinos e o Poder da Linguagem na sua fun\u00e7\u00e3o de altera\u00e7\u00e3o da realidade.<\/p>\n<p>&nbsp;<\/p>\n<p><span style=\"font-size: 14pt;\"><strong>INFORMA\u00c7\u00d5ES DO EVENTO<\/strong><\/span><\/p>\n<p>Data do Evento: dias 05 e 06 de Agosto de 2023<br \/>\nHor\u00e1rio: das 10h \u00e0s 18h<br \/>\nTransmiss\u00e3o: Link privativo pelo Youtube<\/p>\n<p>10h \u2013 Abertura do Evento<br \/>\n12h \u2013 Intervalo<br \/>\n13h \u2013 Retorno ao Evento<br \/>\n16h \u2013 Intervalo (15 minutos)<br \/>\n18h \u2013 Encerramento do Evento<\/p>\n<p>O evento contar\u00e1 com transmiss\u00e3o online em tempo real para o Brasil e Exterior.<\/p>\n","protected":false},"excerpt":{"rendered":"<p style=\"text-align: left;\"><span class=\"WdYUQQ\">Um evento \u00fanico, que reunir\u00e1 dois grandes profissionais, que trar\u00e3o as an\u00e1lises dos textos fundamentais do Pensamento Cabal\u00edstico e do Misticismo de Mercav\u00e1.<\/span><\/p>\n<p>&nbsp;<\/p>\n<p>ESCOLHA ABAIXO O TIPO DE INGRESSO QUE DESEJA ADQUIRIR:<\/p>\n<ul>\n<li>1 dia &#8211; S\u00e1bado &#8211; Assistir ao evento no s\u00e1bado, com Frater Goya: R$ 300<\/li>\n<li>1 dia &#8211; Domingo &#8211; Assistir ao evento no domingo, com Yair Alon: R$ 300<\/li>\n<li>2 dias &#8211; S\u00e1bado e Domingo &#8211; Assistir aos dois dias do evento, com Frater Goya e Yair Alon: R$ 360 (Pre\u00e7o Promocional)<\/li>\n<\/ul>\n<p>&nbsp;<\/p>\n","protected":false},"featured_media":14515,"comment_status":"closed","ping_status":"closed","template":"","meta":{"content-type":"","_joinchat":[]},"product_brand":[],"product_cat":[106],"product_tag":[141,143,142,140],"class_list":{"0":"post-14796","1":"product","2":"type-product","3":"status-publish","4":"has-post-thumbnail","6":"product_cat-eventos","7":"product_tag-cabala","8":"product_tag-hechalot","9":"product_tag-kabalah","10":"product_tag-qabalah","12":"first","13":"instock","14":"sale","15":"shipping-taxable","16":"purchasable","17":"product-type-variable","18":"has-default-attributes"},"_links":{"self":[{"href":"https:\/\/espacomerkaba.com.br\/site\/wp-json\/wp\/v2\/product\/14796","targetHints":{"allow":["GET"]}}],"collection":[{"href":"https:\/\/espacomerkaba.com.br\/site\/wp-json\/wp\/v2\/product"}],"about":[{"href":"https:\/\/espacomerkaba.com.br\/site\/wp-json\/wp\/v2\/types\/product"}],"replies":[{"embeddable":true,"href":"https:\/\/espacomerkaba.com.br\/site\/wp-json\/wp\/v2\/comments?post=14796"}],"version-history":[{"count":8,"href":"https:\/\/espacomerkaba.com.br\/site\/wp-json\/wp\/v2\/product\/14796\/revisions"}],"predecessor-version":[{"id":15122,"href":"https:\/\/espacomerkaba.com.br\/site\/wp-json\/wp\/v2\/product\/14796\/revisions\/15122"}],"wp:featuredmedia":[{"embeddable":true,"href":"https:\/\/espacomerkaba.com.br\/site\/wp-json\/wp\/v2\/media\/14515"}],"wp:attachment":[{"href":"https:\/\/espacomerkaba.com.br\/site\/wp-json\/wp\/v2\/media?parent=14796"}],"wp:term":[{"taxonomy":"product_brand","embeddable":true,"href":"https:\/\/espacomerkaba.com.br\/site\/wp-json\/wp\/v2\/product_brand?post=14796"},{"taxonomy":"product_cat","embeddable":true,"href":"https:\/\/espacomerkaba.com.br\/site\/wp-json\/wp\/v2\/product_cat?post=14796"},{"taxonomy":"product_tag","embeddable":true,"href":"https:\/\/espacomerkaba.com.br\/site\/wp-json\/wp\/v2\/product_tag?post=14796"}],"curies":[{"name":"wp","href":"https:\/\/api.w.org\/{rel}","templated":true}]}}