{"id":15046,"date":"2023-06-10T20:21:30","date_gmt":"2023-06-10T23:21:30","guid":{"rendered":"https:\/\/espacomerkaba.com.br\/site\/?post_type=product&#038;p=15046"},"modified":"2023-06-10T20:28:41","modified_gmt":"2023-06-10T23:28:41","slug":"15046","status":"publish","type":"product","link":"https:\/\/espacomerkaba.com.br\/site\/produto\/15046\/","title":{"rendered":"Baralho Napoletane"},"content":{"rendered":"<p>Conhe\u00e7a, aprenda e pratique a verdadeira Cartomancia Italiana com o Baralho Napoletane.<\/p>\n<p>Este baralho, nascido pr\u00f3ximo ao porto de N\u00e1poles, \u00e9 um dos mais antigos decks da hist\u00f3ria, criado entre os s\u00e9culos XIII a XIV.<\/p>\n<p>Poucas pessoas fora do velho continente utilizam esse baralho de forma divinat\u00f3ria, pois seu aprendizado \u00e9 realizado de forma oral transmitido de boca a ouvido como manda a tradi\u00e7\u00e3o.<br \/>\nNeste curso, dividido em dois m\u00f3dulos, aprenderemos a arte da antiga cartomancia, a arte de prever o futuro e num segundo momento, estudaremos profundamente as combina\u00e7\u00f5es e interpreta\u00e7\u00f5es poss\u00edveis deste deck e seus jogos mais amplos e ricos em detalhes.<\/p>\n","protected":false},"excerpt":{"rendered":"<p>Conhe\u00e7a, aprenda e pratique a verdadeira Cartomancia Italiana com o Baralho Napoletane.<\/p>\n<p>Este baralho, nascido pr\u00f3ximo ao porto de N\u00e1poles, \u00e9 um dos mais antigos decks da hist\u00f3ria, criado entre os s\u00e9culos XIII a XIV.<\/p>\n<p>Poucas pessoas fora do velho continente utilizam esse baralho de forma divinat\u00f3ria, pois seu aprendizado \u00e9 realizado de forma oral transmitido de boca a ouvido como manda a tradi\u00e7\u00e3o.<br \/>\nNeste curso, dividido em dois m\u00f3dulos, aprenderemos a arte da antiga cartomancia, a arte de prever o futuro e num segundo momento, estudaremos profundamente as combina\u00e7\u00f5es e interpreta\u00e7\u00f5es poss\u00edveis deste deck e seus jogos mais amplos e ricos em detalhes.<\/p>\n","protected":false},"featured_media":15047,"comment_status":"closed","ping_status":"closed","template":"","meta":{"content-type":"","_joinchat":[]},"product_brand":[],"product_cat":[101],"product_tag":[151,149,150,148],"class_list":{"0":"post-15046","1":"product","2":"type-product","3":"status-publish","4":"has-post-thumbnail","6":"product_cat-oraculos","7":"product_tag-adivinhacao","8":"product_tag-baralho","9":"product_tag-napoletane","10":"product_tag-oraculo","12":"first","13":"instock","14":"virtual","15":"purchasable","16":"product-type-simple"},"_links":{"self":[{"href":"https:\/\/espacomerkaba.com.br\/site\/wp-json\/wp\/v2\/product\/15046","targetHints":{"allow":["GET"]}}],"collection":[{"href":"https:\/\/espacomerkaba.com.br\/site\/wp-json\/wp\/v2\/product"}],"about":[{"href":"https:\/\/espacomerkaba.com.br\/site\/wp-json\/wp\/v2\/types\/product"}],"replies":[{"embeddable":true,"href":"https:\/\/espacomerkaba.com.br\/site\/wp-json\/wp\/v2\/comments?post=15046"}],"version-history":[{"count":2,"href":"https:\/\/espacomerkaba.com.br\/site\/wp-json\/wp\/v2\/product\/15046\/revisions"}],"predecessor-version":[{"id":15051,"href":"https:\/\/espacomerkaba.com.br\/site\/wp-json\/wp\/v2\/product\/15046\/revisions\/15051"}],"wp:featuredmedia":[{"embeddable":true,"href":"https:\/\/espacomerkaba.com.br\/site\/wp-json\/wp\/v2\/media\/15047"}],"wp:attachment":[{"href":"https:\/\/espacomerkaba.com.br\/site\/wp-json\/wp\/v2\/media?parent=15046"}],"wp:term":[{"taxonomy":"product_brand","embeddable":true,"href":"https:\/\/espacomerkaba.com.br\/site\/wp-json\/wp\/v2\/product_brand?post=15046"},{"taxonomy":"product_cat","embeddable":true,"href":"https:\/\/espacomerkaba.com.br\/site\/wp-json\/wp\/v2\/product_cat?post=15046"},{"taxonomy":"product_tag","embeddable":true,"href":"https:\/\/espacomerkaba.com.br\/site\/wp-json\/wp\/v2\/product_tag?post=15046"}],"curies":[{"name":"wp","href":"https:\/\/api.w.org\/{rel}","templated":true}]}}