{"id":15077,"date":"2023-06-20T11:59:46","date_gmt":"2023-06-20T14:59:46","guid":{"rendered":"https:\/\/espacomerkaba.com.br\/site\/?post_type=product&#038;p=15077"},"modified":"2023-06-20T11:59:46","modified_gmt":"2023-06-20T14:59:46","slug":"scrying-videncia-na-bola-de-cristal","status":"publish","type":"product","link":"https:\/\/espacomerkaba.com.br\/site\/produto\/scrying-videncia-na-bola-de-cristal\/","title":{"rendered":"Scrying &#8211; Vid\u00eancia na Bola de Cristal"},"content":{"rendered":"<p>Scrying \u00e9 aquilo que conhecemos em portugu\u00eas por vid\u00eancia. No caso deste curso refere-se especificamente \u00e0 utiliza\u00e7\u00e3o da Bola de Cristal, Bandeja de Prata ou do Espelho Negro. Tais t\u00e9cnicas s\u00e3o pouqu\u00edssimo divulgadas no Brasil, e este curso tem como objetivo trazer ao estudante t\u00e9cnicas que este pode se utilizar para desenvolver a vid\u00eancia: antecipar fatos, perceber coisas \u00e0 dist\u00e2ncia, rasgar os v\u00e9us que a dist\u00e2ncia nos imp\u00f5e e tamb\u00e9m deslocar-se no tempo, em quaisquer dire\u00e7\u00f5es.<\/p>\n","protected":false},"excerpt":{"rendered":"<p>Scrying \u00e9 aquilo que conhecemos em portugu\u00eas por vid\u00eancia. No caso deste curso refere-se especificamente \u00e0 utiliza\u00e7\u00e3o da Bola de Cristal, Bandeja de Prata ou do Espelho Negro. Tais t\u00e9cnicas s\u00e3o pouqu\u00edssimo divulgadas no Brasil, e este curso tem como objetivo trazer ao estudante t\u00e9cnicas que este pode se utilizar para desenvolver a vid\u00eancia: antecipar fatos, perceber coisas \u00e0 dist\u00e2ncia, rasgar os v\u00e9us que a dist\u00e2ncia nos imp\u00f5e e tamb\u00e9m deslocar-se no tempo, em quaisquer dire\u00e7\u00f5es.<\/p>\n","protected":false},"featured_media":15078,"comment_status":"closed","ping_status":"closed","template":"","meta":{"content-type":"","_joinchat":[]},"product_brand":[],"product_cat":[102,101],"product_tag":[],"class_list":{"0":"post-15077","1":"product","2":"type-product","3":"status-publish","4":"has-post-thumbnail","6":"product_cat-magia","7":"product_cat-oraculos","9":"first","10":"instock","11":"virtual","12":"purchasable","13":"product-type-simple"},"_links":{"self":[{"href":"https:\/\/espacomerkaba.com.br\/site\/wp-json\/wp\/v2\/product\/15077","targetHints":{"allow":["GET"]}}],"collection":[{"href":"https:\/\/espacomerkaba.com.br\/site\/wp-json\/wp\/v2\/product"}],"about":[{"href":"https:\/\/espacomerkaba.com.br\/site\/wp-json\/wp\/v2\/types\/product"}],"replies":[{"embeddable":true,"href":"https:\/\/espacomerkaba.com.br\/site\/wp-json\/wp\/v2\/comments?post=15077"}],"version-history":[{"count":1,"href":"https:\/\/espacomerkaba.com.br\/site\/wp-json\/wp\/v2\/product\/15077\/revisions"}],"predecessor-version":[{"id":15079,"href":"https:\/\/espacomerkaba.com.br\/site\/wp-json\/wp\/v2\/product\/15077\/revisions\/15079"}],"wp:featuredmedia":[{"embeddable":true,"href":"https:\/\/espacomerkaba.com.br\/site\/wp-json\/wp\/v2\/media\/15078"}],"wp:attachment":[{"href":"https:\/\/espacomerkaba.com.br\/site\/wp-json\/wp\/v2\/media?parent=15077"}],"wp:term":[{"taxonomy":"product_brand","embeddable":true,"href":"https:\/\/espacomerkaba.com.br\/site\/wp-json\/wp\/v2\/product_brand?post=15077"},{"taxonomy":"product_cat","embeddable":true,"href":"https:\/\/espacomerkaba.com.br\/site\/wp-json\/wp\/v2\/product_cat?post=15077"},{"taxonomy":"product_tag","embeddable":true,"href":"https:\/\/espacomerkaba.com.br\/site\/wp-json\/wp\/v2\/product_tag?post=15077"}],"curies":[{"name":"wp","href":"https:\/\/api.w.org\/{rel}","templated":true}]}}