{"id":15217,"date":"2023-09-18T15:31:16","date_gmt":"2023-09-18T18:31:16","guid":{"rendered":"https:\/\/espacomerkaba.com.br\/site\/?post_type=product&#038;p=15217"},"modified":"2023-09-18T16:12:23","modified_gmt":"2023-09-18T19:12:23","slug":"mandala-astrologica","status":"publish","type":"product","link":"https:\/\/espacomerkaba.com.br\/site\/produto\/mandala-astrologica\/","title":{"rendered":"Mandala Astrol\u00f3gica com o Tarot"},"content":{"rendered":"<p>Desde o cartomante Etteilla, que adaptou o mandala para o tar\u00f4, talvez seja esse um dos mais populares m\u00e9todos de leitura. Conhecimento sobre a natureza das casas, signos e reg\u00eancias, aspectos entre os arcanos, dignifica\u00e7\u00e3o atrav\u00e9s dos naipes, deriva\u00e7\u00e3o de casas (alcance para outras \u00e1reas da vida do consulente), arcanos ocultos e outros importantes indicadores nas leituras e an\u00e1lises.<\/p>\n<p><strong><u>Temas abordados no Curso:<\/u><\/strong><\/p>\n<ul>\n<li>Montagem do m\u00e9todo e utilidades<\/li>\n<li>Entendendo as doze casas astrol\u00f3gicas<\/li>\n<li>Estudo das casas derivadas<\/li>\n<li>Identifica\u00e7\u00e3o do comportamento atrav\u00e9s dos 04 planos pessoais (f\u00edsico, mental, emocional e espiritual)<\/li>\n<li>Descobrindo e trabalhando com os arcanos dominantes<\/li>\n<li>Arcanos &#8220;em conflito&#8221; &#8211; como superar as crises identificadas<\/li>\n<li>Quando um naipe ganha ou perde for\u00e7a<\/li>\n<li>Import\u00e2ncia dos arcanos ocultos nas posi\u00e7\u00f5es<\/li>\n<li>Reflex\u00f5es e pr\u00e1ticas sobre o m\u00e9todo<\/li>\n<\/ul>\n<p><strong><u>O curso inclui:<\/u><\/strong><\/p>\n<p>\u2705 Material Digital para Download<\/p>\n<p>\u2705 Acesso por pelo menos 12 meses \u00e0s grava\u00e7\u00f5es das aulas<\/p>\n<p>\u2705 Acesso ao grupo exclusivo de estudos com o professor Giancarlo Kind Schmid<\/p>\n<p>\u2705 Certificado de Conclus\u00e3o ao final do curso<\/p>\n<p><strong>\u00a0<\/strong><\/p>\n<p><strong>\u00a0<\/strong><\/p>\n<p><strong>\u00a0<\/strong><\/p>\n","protected":false},"excerpt":{"rendered":"<p>Desde o cartomante Etteilla, que adaptou o mandala para o tar\u00f4, talvez seja esse um dos mais populares m\u00e9todos de leitura. Conhecimento sobre a natureza das casas, signos e reg\u00eancias, aspectos entre os arcanos, dignifica\u00e7\u00e3o atrav\u00e9s dos naipes, deriva\u00e7\u00e3o de casas (alcance para outras \u00e1reas da vida do consulente), arcanos ocultos e outros importantes indicadores nas leituras e an\u00e1lises.<\/p>\n<p><strong><u>Temas abordados no Curso:<\/u><\/strong><\/p>\n<ul>\n<li>Montagem do m\u00e9todo e utilidades<\/li>\n<li>Entendendo as doze casas astrol\u00f3gicas<\/li>\n<li>Estudo das casas derivadas<\/li>\n<li>Identifica\u00e7\u00e3o do comportamento atrav\u00e9s dos 04 planos pessoais (f\u00edsico, mental, emocional e espiritual)<\/li>\n<li>Descobrindo e trabalhando com os arcanos dominantes<\/li>\n<li>Arcanos &#8220;em conflito&#8221; &#8211; como superar as crises identificadas<\/li>\n<li>Quando um naipe ganha ou perde for\u00e7a<\/li>\n<li>Import\u00e2ncia dos arcanos ocultos nas posi\u00e7\u00f5es<\/li>\n<li>Reflex\u00f5es e pr\u00e1ticas sobre o m\u00e9todo<\/li>\n<\/ul>\n<p><strong><u>O curso inclui:<\/u><\/strong><\/p>\n<p>\u2705 Material Digital para Download<\/p>\n<p>\u2705 Acesso por pelo menos 12 meses \u00e0s grava\u00e7\u00f5es das aulas<\/p>\n<p>\u2705 Acesso ao grupo exclusivo de estudos com o professor Giancarlo Kind Schmid<\/p>\n<p>\u2705 Certificado de Conclus\u00e3o ao final do curso<\/p>\n","protected":false},"featured_media":15218,"comment_status":"closed","ping_status":"closed","template":"","meta":{"content-type":"","_joinchat":[]},"product_brand":[],"product_cat":[101,100],"product_tag":[],"class_list":{"0":"post-15217","1":"product","2":"type-product","3":"status-publish","4":"has-post-thumbnail","6":"product_cat-oraculos","7":"product_cat-tarot","9":"first","10":"instock","11":"virtual","12":"purchasable","13":"product-type-simple"},"_links":{"self":[{"href":"https:\/\/espacomerkaba.com.br\/site\/wp-json\/wp\/v2\/product\/15217","targetHints":{"allow":["GET"]}}],"collection":[{"href":"https:\/\/espacomerkaba.com.br\/site\/wp-json\/wp\/v2\/product"}],"about":[{"href":"https:\/\/espacomerkaba.com.br\/site\/wp-json\/wp\/v2\/types\/product"}],"replies":[{"embeddable":true,"href":"https:\/\/espacomerkaba.com.br\/site\/wp-json\/wp\/v2\/comments?post=15217"}],"version-history":[{"count":1,"href":"https:\/\/espacomerkaba.com.br\/site\/wp-json\/wp\/v2\/product\/15217\/revisions"}],"predecessor-version":[{"id":15219,"href":"https:\/\/espacomerkaba.com.br\/site\/wp-json\/wp\/v2\/product\/15217\/revisions\/15219"}],"wp:featuredmedia":[{"embeddable":true,"href":"https:\/\/espacomerkaba.com.br\/site\/wp-json\/wp\/v2\/media\/15218"}],"wp:attachment":[{"href":"https:\/\/espacomerkaba.com.br\/site\/wp-json\/wp\/v2\/media?parent=15217"}],"wp:term":[{"taxonomy":"product_brand","embeddable":true,"href":"https:\/\/espacomerkaba.com.br\/site\/wp-json\/wp\/v2\/product_brand?post=15217"},{"taxonomy":"product_cat","embeddable":true,"href":"https:\/\/espacomerkaba.com.br\/site\/wp-json\/wp\/v2\/product_cat?post=15217"},{"taxonomy":"product_tag","embeddable":true,"href":"https:\/\/espacomerkaba.com.br\/site\/wp-json\/wp\/v2\/product_tag?post=15217"}],"curies":[{"name":"wp","href":"https:\/\/api.w.org\/{rel}","templated":true}]}}