{"id":15244,"date":"2023-09-18T16:23:51","date_gmt":"2023-09-18T19:23:51","guid":{"rendered":"https:\/\/espacomerkaba.com.br\/site\/?post_type=product&#038;p=15244"},"modified":"2023-09-18T16:39:32","modified_gmt":"2023-09-18T19:39:32","slug":"reencarnacao","status":"publish","type":"product","link":"https:\/\/espacomerkaba.com.br\/site\/produto\/reencarnacao\/","title":{"rendered":"Reencarna\u00e7\u00e3o &#8211; A Jornada da Alma Imortal"},"content":{"rendered":"<p>Neste curso, aprenderemos a teoria cabal\u00edstica das reencarna\u00e7\u00f5es e da imortalidade da alma.<\/p>\n<p>Aprenda a reconhecer sinais de suas vidas passadas, qual \u00e9 a influ\u00eancia deles em sua vida atual e como utiliz\u00e1-los para adquirir mais auto-conhecimento e qualidade de vida, crescendo e evoluindo constantemente.<\/p>\n<p>O curso online inclui:<br \/>\n\u2705 Oportunidade \u00fanica de assistir a uma aula com o Rabino Yair Alon de qualquer lugar do Mundo!<br \/>\n\u2705 Acesso por pelo menos 12 meses \u00e0s grava\u00e7\u00f5es das aulas<br \/>\n\u2705 Acesso ao grupo exclusivo de estudos com o Rabino Yair Alon<br \/>\n\u2705 Certificado Digital de Conclus\u00e3o ao final do curso<\/p>\n<p>&nbsp;<\/p>\n","protected":false},"excerpt":{"rendered":"<p>Neste curso, aprenderemos a teoria cabal\u00edstica das reencarna\u00e7\u00f5es e da imortalidade da alma.<\/p>\n<p>Aprenda a reconhecer sinais de suas vidas passadas, qual \u00e9 a influ\u00eancia deles em sua vida atual e como utiliz\u00e1-los para adquirir mais auto-conhecimento e qualidade de vida, crescendo e evoluindo constantemente.<\/p>\n<p>O curso online inclui:<br \/>\n\u2705 Oportunidade \u00fanica de assistir a uma aula com o Rabino Yair Alon de qualquer lugar do Mundo!<br \/>\n\u2705 Acesso por pelo menos 12 meses \u00e0s grava\u00e7\u00f5es das aulas<br \/>\n\u2705 Acesso ao grupo exclusivo de estudos com o Rabino Yair Alon<br \/>\n\u2705 Certificado Digital de Conclus\u00e3o ao final do curso<\/p>\n<p>&nbsp;<\/p>\n","protected":false},"featured_media":15245,"comment_status":"closed","ping_status":"closed","template":"","meta":{"content-type":"","_joinchat":[]},"product_brand":[],"product_cat":[105,103],"product_tag":[],"class_list":{"0":"post-15244","1":"product","2":"type-product","3":"status-publish","4":"has-post-thumbnail","6":"product_cat-espiritualidade","7":"product_cat-cabala","9":"first","10":"instock","11":"virtual","12":"purchasable","13":"product-type-simple"},"_links":{"self":[{"href":"https:\/\/espacomerkaba.com.br\/site\/wp-json\/wp\/v2\/product\/15244","targetHints":{"allow":["GET"]}}],"collection":[{"href":"https:\/\/espacomerkaba.com.br\/site\/wp-json\/wp\/v2\/product"}],"about":[{"href":"https:\/\/espacomerkaba.com.br\/site\/wp-json\/wp\/v2\/types\/product"}],"replies":[{"embeddable":true,"href":"https:\/\/espacomerkaba.com.br\/site\/wp-json\/wp\/v2\/comments?post=15244"}],"version-history":[{"count":1,"href":"https:\/\/espacomerkaba.com.br\/site\/wp-json\/wp\/v2\/product\/15244\/revisions"}],"predecessor-version":[{"id":15246,"href":"https:\/\/espacomerkaba.com.br\/site\/wp-json\/wp\/v2\/product\/15244\/revisions\/15246"}],"wp:featuredmedia":[{"embeddable":true,"href":"https:\/\/espacomerkaba.com.br\/site\/wp-json\/wp\/v2\/media\/15245"}],"wp:attachment":[{"href":"https:\/\/espacomerkaba.com.br\/site\/wp-json\/wp\/v2\/media?parent=15244"}],"wp:term":[{"taxonomy":"product_brand","embeddable":true,"href":"https:\/\/espacomerkaba.com.br\/site\/wp-json\/wp\/v2\/product_brand?post=15244"},{"taxonomy":"product_cat","embeddable":true,"href":"https:\/\/espacomerkaba.com.br\/site\/wp-json\/wp\/v2\/product_cat?post=15244"},{"taxonomy":"product_tag","embeddable":true,"href":"https:\/\/espacomerkaba.com.br\/site\/wp-json\/wp\/v2\/product_tag?post=15244"}],"curies":[{"name":"wp","href":"https:\/\/api.w.org\/{rel}","templated":true}]}}