{"id":15252,"date":"2023-09-18T17:04:14","date_gmt":"2023-09-18T20:04:14","guid":{"rendered":"https:\/\/espacomerkaba.com.br\/site\/?post_type=product&#038;p=15252"},"modified":"2023-09-18T17:05:54","modified_gmt":"2023-09-18T20:05:54","slug":"iching","status":"publish","type":"product","link":"https:\/\/espacomerkaba.com.br\/site\/produto\/iching\/","title":{"rendered":"I Ching"},"content":{"rendered":"<p>O I Ching pode ser compreendido e estudado tanto como um or\u00e1culo quanto como um livro de sabedoria. Na pr\u00f3pria China, \u00e9 alvo de estudo diferenciado realizado por religiosos, eruditos e praticantes da filosofia de vida taoista.<\/p>\n<p>&nbsp;<\/p>\n<p>O I Ching, \u00e9 simultaneamente um dos sistemas divinat\u00f3rios e de significa\u00e7\u00e3o mais complexos e elaborados que alguma vez existiram. A complexidade semi\u00f3tica do sistema \u00e9 em tudo superior \u00e0 de sistemas como as runas n\u00f3rdicas ou o tarot.<\/p>\n<p>&nbsp;<\/p>\n<p>Tal como os demais sistemas divinat\u00f3rios, o I Ching pode ser utilizado como ferramenta para definir conte\u00fados de qualquer estrutura semi\u00f3tica, seja \u00e0 luz da psican\u00e1lise da alquimia ps\u00edquica, por exemplo, quanto a an\u00e1lise liter\u00e1ria, a composi\u00e7\u00e3o musical, o cinema e toda uma gama de outras pr\u00e1ticas trans-disciplinares.<\/p>\n<p>&nbsp;<\/p>\n<p><strong><u>Ent\u00e3o se voc\u00ea busca uma ferramenta que:<\/u><\/strong><\/p>\n<p>&nbsp;<\/p>\n<ul>\n<li>Possa te auxiliar em suas decis\u00f5es<\/li>\n<li>Fa\u00e7a previs\u00f5es de situa\u00e7\u00f5es futuras<\/li>\n<li>Aumente seu foco<\/li>\n<li>Treine sua aten\u00e7\u00e3o plena<\/li>\n<li>Favore\u00e7a um estado de medita\u00e7\u00e3o<\/li>\n<li>Diminui o estresse<\/li>\n<li>Te oriente com base em uma sabedoria milenar<\/li>\n<\/ul>\n<p>&nbsp;<\/p>\n<p>Este curso \u00e9 para voc\u00ea!<\/p>\n","protected":false},"excerpt":{"rendered":"<p>O I Ching pode ser compreendido e estudado tanto como um or\u00e1culo quanto como um livro de sabedoria. Na pr\u00f3pria China, \u00e9 alvo de estudo diferenciado realizado por religiosos, eruditos e praticantes da filosofia de vida taoista.<\/p>\n<p>&nbsp;<\/p>\n<p>O I Ching, \u00e9 simultaneamente um dos sistemas divinat\u00f3rios e de significa\u00e7\u00e3o mais complexos e elaborados que alguma vez existiram. A complexidade semi\u00f3tica do sistema \u00e9 em tudo superior \u00e0 de sistemas como as runas n\u00f3rdicas ou o tarot.<\/p>\n<p>&nbsp;<\/p>\n<p>Tal como os demais sistemas divinat\u00f3rios, o I Ching pode ser utilizado como ferramenta para definir conte\u00fados de qualquer estrutura semi\u00f3tica, seja \u00e0 luz da psican\u00e1lise da alquimia ps\u00edquica, por exemplo, quanto a an\u00e1lise liter\u00e1ria, a composi\u00e7\u00e3o musical, o cinema e toda uma gama de outras pr\u00e1ticas trans-disciplinares.<\/p>\n<p>&nbsp;<\/p>\n<p><strong><u>Ent\u00e3o se voc\u00ea busca uma ferramenta que:<\/u><\/strong><\/p>\n<p>&nbsp;<\/p>\n<ul>\n<li>Possa te auxiliar em suas decis\u00f5es<\/li>\n<li>Fa\u00e7a previs\u00f5es de situa\u00e7\u00f5es futuras<\/li>\n<li>Aumente seu foco<\/li>\n<li>Treine sua aten\u00e7\u00e3o plena<\/li>\n<li>Favore\u00e7a um estado de medita\u00e7\u00e3o<\/li>\n<li>Diminui o estresse<\/li>\n<li>Te oriente com base em uma sabedoria milenar<\/li>\n<\/ul>\n<p>&nbsp;<\/p>\n<p>Este curso \u00e9 para voc\u00ea!<\/p>\n","protected":false},"featured_media":15253,"comment_status":"closed","ping_status":"closed","template":"","meta":{"content-type":"","_joinchat":[]},"product_brand":[],"product_cat":[102,101],"product_tag":[],"class_list":{"0":"post-15252","1":"product","2":"type-product","3":"status-publish","4":"has-post-thumbnail","6":"product_cat-magia","7":"product_cat-oraculos","9":"first","10":"instock","11":"virtual","12":"purchasable","13":"product-type-simple"},"_links":{"self":[{"href":"https:\/\/espacomerkaba.com.br\/site\/wp-json\/wp\/v2\/product\/15252","targetHints":{"allow":["GET"]}}],"collection":[{"href":"https:\/\/espacomerkaba.com.br\/site\/wp-json\/wp\/v2\/product"}],"about":[{"href":"https:\/\/espacomerkaba.com.br\/site\/wp-json\/wp\/v2\/types\/product"}],"replies":[{"embeddable":true,"href":"https:\/\/espacomerkaba.com.br\/site\/wp-json\/wp\/v2\/comments?post=15252"}],"version-history":[{"count":1,"href":"https:\/\/espacomerkaba.com.br\/site\/wp-json\/wp\/v2\/product\/15252\/revisions"}],"predecessor-version":[{"id":15254,"href":"https:\/\/espacomerkaba.com.br\/site\/wp-json\/wp\/v2\/product\/15252\/revisions\/15254"}],"wp:featuredmedia":[{"embeddable":true,"href":"https:\/\/espacomerkaba.com.br\/site\/wp-json\/wp\/v2\/media\/15253"}],"wp:attachment":[{"href":"https:\/\/espacomerkaba.com.br\/site\/wp-json\/wp\/v2\/media?parent=15252"}],"wp:term":[{"taxonomy":"product_brand","embeddable":true,"href":"https:\/\/espacomerkaba.com.br\/site\/wp-json\/wp\/v2\/product_brand?post=15252"},{"taxonomy":"product_cat","embeddable":true,"href":"https:\/\/espacomerkaba.com.br\/site\/wp-json\/wp\/v2\/product_cat?post=15252"},{"taxonomy":"product_tag","embeddable":true,"href":"https:\/\/espacomerkaba.com.br\/site\/wp-json\/wp\/v2\/product_tag?post=15252"}],"curies":[{"name":"wp","href":"https:\/\/api.w.org\/{rel}","templated":true}]}}