{"id":15288,"date":"2023-09-25T22:05:03","date_gmt":"2023-09-26T01:05:03","guid":{"rendered":"https:\/\/espacomerkaba.com.br\/site\/?post_type=product&#038;p=15288"},"modified":"2023-09-25T22:06:53","modified_gmt":"2023-09-26T01:06:53","slug":"tecnicas-ampliadoras-leitura","status":"publish","type":"product","link":"https:\/\/espacomerkaba.com.br\/site\/produto\/tecnicas-ampliadoras-leitura\/","title":{"rendered":"T\u00e9cnicas Ampliadoras de Leitura"},"content":{"rendered":"<p>Al\u00e9m de conhecer a simblogia das 78 l\u00e2minas do tarot e seus significados, o que de fato amplia seu olhar, agregando muito \u00e0s suas leituras, s\u00e3o as t\u00e9cnicas desenvolvidas em anos de pr\u00e1ticas e estudos.<\/p>\n<p>E nada melhor que um especialista, para nos trazer e apresentar uma s\u00e9rie de t\u00e9cnicas, algumas exclusivas, para aprofundamento das leituras de tarot, propiciando dinamismo e abrang\u00eancia no trabalho.<\/p>\n<p>Neste curso a proposta de Giancarlo \u00e9 ensinar o \u201cpulo do gato\u201d e assim enriquecer suas leituras de tarot.<\/p>\n<p><strong><u>O curso inclui:<\/u><\/strong><\/p>\n<p>\u2705 Material Digital para Download<\/p>\n<p>\u2705 Acesso por pelo menos 12 meses \u00e0s grava\u00e7\u00f5es das aulas<\/p>\n<p>\u2705 Acesso ao grupo exclusivo de estudos com o professor Giancarlo Kind Schmid<\/p>\n<p>\u2705 Certificado de Conclus\u00e3o ao final do curso<\/p>\n","protected":false},"excerpt":{"rendered":"<p>Al\u00e9m de conhecer a simblogia das 78 l\u00e2minas do tarot e seus significados, o que de fato amplia seu olhar, agregando muito \u00e0s suas leituras, s\u00e3o as t\u00e9cnicas desenvolvidas em anos de pr\u00e1ticas e estudos.<\/p>\n<p>E nada melhor que um especialista, para nos trazer e apresentar uma s\u00e9rie de t\u00e9cnicas, algumas exclusivas, para aprofundamento das leituras de tarot, propiciando dinamismo e abrang\u00eancia no trabalho.<\/p>\n<p>Neste curso a proposta de Giancarlo \u00e9 ensinar o \u201cpulo do gato\u201d e assim enriquecer suas leituras de tarot.<\/p>\n<p><strong><u>O curso inclui:<\/u><\/strong><\/p>\n<p>\u2705 Material Digital para Download<\/p>\n<p>\u2705 Acesso por pelo menos 12 meses \u00e0s grava\u00e7\u00f5es das aulas<\/p>\n<p>\u2705 Acesso ao grupo exclusivo de estudos com o professor Giancarlo Kind Schmid<\/p>\n<p>\u2705 Certificado de Conclus\u00e3o ao final do curso<\/p>\n","protected":false},"featured_media":15289,"comment_status":"closed","ping_status":"closed","template":"","meta":{"content-type":"","_joinchat":[]},"product_brand":[],"product_cat":[101,100],"product_tag":[],"class_list":{"0":"post-15288","1":"product","2":"type-product","3":"status-publish","4":"has-post-thumbnail","6":"product_cat-oraculos","7":"product_cat-tarot","9":"first","10":"instock","11":"virtual","12":"purchasable","13":"product-type-simple"},"_links":{"self":[{"href":"https:\/\/espacomerkaba.com.br\/site\/wp-json\/wp\/v2\/product\/15288","targetHints":{"allow":["GET"]}}],"collection":[{"href":"https:\/\/espacomerkaba.com.br\/site\/wp-json\/wp\/v2\/product"}],"about":[{"href":"https:\/\/espacomerkaba.com.br\/site\/wp-json\/wp\/v2\/types\/product"}],"replies":[{"embeddable":true,"href":"https:\/\/espacomerkaba.com.br\/site\/wp-json\/wp\/v2\/comments?post=15288"}],"version-history":[{"count":1,"href":"https:\/\/espacomerkaba.com.br\/site\/wp-json\/wp\/v2\/product\/15288\/revisions"}],"predecessor-version":[{"id":15290,"href":"https:\/\/espacomerkaba.com.br\/site\/wp-json\/wp\/v2\/product\/15288\/revisions\/15290"}],"wp:featuredmedia":[{"embeddable":true,"href":"https:\/\/espacomerkaba.com.br\/site\/wp-json\/wp\/v2\/media\/15289"}],"wp:attachment":[{"href":"https:\/\/espacomerkaba.com.br\/site\/wp-json\/wp\/v2\/media?parent=15288"}],"wp:term":[{"taxonomy":"product_brand","embeddable":true,"href":"https:\/\/espacomerkaba.com.br\/site\/wp-json\/wp\/v2\/product_brand?post=15288"},{"taxonomy":"product_cat","embeddable":true,"href":"https:\/\/espacomerkaba.com.br\/site\/wp-json\/wp\/v2\/product_cat?post=15288"},{"taxonomy":"product_tag","embeddable":true,"href":"https:\/\/espacomerkaba.com.br\/site\/wp-json\/wp\/v2\/product_tag?post=15288"}],"curies":[{"name":"wp","href":"https:\/\/api.w.org\/{rel}","templated":true}]}}