{"id":15415,"date":"2024-08-22T13:20:44","date_gmt":"2024-08-22T16:20:44","guid":{"rendered":"https:\/\/espacomerkaba.com.br\/site\/?post_type=product&#038;p=15415"},"modified":"2024-08-22T13:21:20","modified_gmt":"2024-08-22T16:21:20","slug":"tarot-de-thoth-curso-completo-2024","status":"publish","type":"product","link":"https:\/\/espacomerkaba.com.br\/site\/produto\/tarot-de-thoth-curso-completo-2024\/","title":{"rendered":"Tarot de Thoth &#8211; Curso Completo (2024)"},"content":{"rendered":"<p>Por muitos anos o Tarot tem sido utilizado apenas para adivinha\u00e7\u00e3o, e visto com desconfian\u00e7a e at\u00e9 com certo receio. Nos \u00faltimos tempos, tem-se se destacado seu uso como ferramenta de autoconhecimento atrav\u00e9s de diversas abordagens psicol\u00f3gicas por exemplo, especialmente a de Jung, que nos revelam nossas potencialidades e sombras. Por\u00e9m, um outro aspecto desta potente ferramenta tem permanecido obscuro: o desvelar das chaves da inicia\u00e7\u00e3o e das artes associadas \u00e0 magia, cabala, astrologia, entre outros.<\/p>\n<p>O Curso de Tarot de Thoth \u00e9 fruto de mais de 30 anos de investiga\u00e7\u00f5es de Frater Goya sobre o Tarot criado por Aleister Crowley e Frida Harris, tendo inclusive publicado j\u00e1 dois livros sobre o tema (Tarot O Templo Vivente, vol. I e II).<\/p>\n<p>O curso ocorrer\u00e1 em 6 m\u00f3dulos, com uma \u00fanica turma por ano, no sistema online, salvo o \u00faltimo m\u00f3dulo, que reunir\u00e1 os alunos n\u00e3o s\u00f3 virtualmente, como tamb\u00e9m presencialmente em S\u00e3o Paulo.<\/p>\n<p>M\u00f3dulos do Curso &#8211; turma de 2023:<\/p>\n<p>\u2022 04\/02 \u2013 Defini\u00e7\u00e3o, apresenta\u00e7\u00e3o do Tarot, Hist\u00f3rico e Cabala<br \/>\n\u2022 01\/04 \u2013 T\u00e9cnicas de interpreta\u00e7\u00e3o<br \/>\n\u2022 03\/06 \u2013 A Astrologia do Tarot de Thoth &amp; Estudo da Realeza<br \/>\n\u2022 12\/08 \u2013 S\u00edmbolos do Tarot de Thoth &amp; Desafios Espirituais<br \/>\n\u2022 07\/10 \u2013 A Magia Thelemica\/Sexual no Tarot de Thoth &#8211; Novo Aeon<br \/>\n\u2022 02\/12 \u2013 Leitura da Golden Dawn<\/p>\n","protected":false},"excerpt":{"rendered":"<p>Por muitos anos o Tarot tem sido utilizado apenas para adivinha\u00e7\u00e3o, e visto com desconfian\u00e7a e at\u00e9 com certo receio.<\/p>\n","protected":false},"featured_media":14672,"comment_status":"closed","ping_status":"closed","template":"","meta":{"content-type":"","_joinchat":[]},"product_brand":[],"product_cat":[100],"product_tag":[107],"class_list":{"0":"post-15415","1":"product","2":"type-product","3":"status-publish","4":"has-post-thumbnail","6":"product_cat-tarot","7":"product_tag-online","9":"first","10":"instock","11":"featured","12":"virtual","13":"purchasable","14":"product-type-simple"},"_links":{"self":[{"href":"https:\/\/espacomerkaba.com.br\/site\/wp-json\/wp\/v2\/product\/15415","targetHints":{"allow":["GET"]}}],"collection":[{"href":"https:\/\/espacomerkaba.com.br\/site\/wp-json\/wp\/v2\/product"}],"about":[{"href":"https:\/\/espacomerkaba.com.br\/site\/wp-json\/wp\/v2\/types\/product"}],"replies":[{"embeddable":true,"href":"https:\/\/espacomerkaba.com.br\/site\/wp-json\/wp\/v2\/comments?post=15415"}],"version-history":[{"count":1,"href":"https:\/\/espacomerkaba.com.br\/site\/wp-json\/wp\/v2\/product\/15415\/revisions"}],"predecessor-version":[{"id":15416,"href":"https:\/\/espacomerkaba.com.br\/site\/wp-json\/wp\/v2\/product\/15415\/revisions\/15416"}],"wp:featuredmedia":[{"embeddable":true,"href":"https:\/\/espacomerkaba.com.br\/site\/wp-json\/wp\/v2\/media\/14672"}],"wp:attachment":[{"href":"https:\/\/espacomerkaba.com.br\/site\/wp-json\/wp\/v2\/media?parent=15415"}],"wp:term":[{"taxonomy":"product_brand","embeddable":true,"href":"https:\/\/espacomerkaba.com.br\/site\/wp-json\/wp\/v2\/product_brand?post=15415"},{"taxonomy":"product_cat","embeddable":true,"href":"https:\/\/espacomerkaba.com.br\/site\/wp-json\/wp\/v2\/product_cat?post=15415"},{"taxonomy":"product_tag","embeddable":true,"href":"https:\/\/espacomerkaba.com.br\/site\/wp-json\/wp\/v2\/product_tag?post=15415"}],"curies":[{"name":"wp","href":"https:\/\/api.w.org\/{rel}","templated":true}]}}