{"id":15437,"date":"2024-08-22T13:51:03","date_gmt":"2024-08-22T16:51:03","guid":{"rendered":"https:\/\/espacomerkaba.com.br\/site\/?post_type=product&#038;p=15437"},"modified":"2024-08-22T14:19:06","modified_gmt":"2024-08-22T17:19:06","slug":"qabalah-curso-completo-2024","status":"publish","type":"product","link":"https:\/\/espacomerkaba.com.br\/site\/produto\/qabalah-curso-completo-2024\/","title":{"rendered":"Qabalah &#8211; Curso Completo (2024)"},"content":{"rendered":"<table width=\"100%\">\n<tbody>\n<tr>\n<td width=\"468\">Qabalah<\/p>\n<p>frater goya<\/p>\n<p>O objetivo deste curso \u00e9 trazer ao estudante um conhecimento aprofundado da Qabalah Judaica e da Qabalah Herm\u00e9tica, para que o estudante possa compreender melhor o universo em que vive.<\/p>\n<p>&nbsp;<\/p>\n<p>O curso ocorrer\u00e1 em cinco encontros \/ aulas durante o ano, que ir\u00e3o contemplar diversos temas, abrangendo os estudos da Qabalah.<\/p>\n<p>&nbsp;<\/p>\n<p><strong><u>Temas abordados no Curso:<\/u><\/strong><\/p>\n<p>&nbsp;<\/p>\n<p>\u00b7\u00a0\u00a0\u00a0\u00a0\u00a0\u00a0\u00a0\u00a0 O que \u00e9 Qabalah;<\/p>\n<p>\u00b7\u00a0\u00a0\u00a0\u00a0\u00a0\u00a0\u00a0\u00a0 Hist\u00f3ria e desenvolvimento da Qabalah tradicional;<\/p>\n<p>\u00b7\u00a0\u00a0\u00a0\u00a0\u00a0\u00a0\u00a0\u00a0 Diferen\u00e7as entre a Qabalah Judaica e a Qabalah Herm\u00e9tica;<\/p>\n<p>\u00b7\u00a0\u00a0\u00a0\u00a0\u00a0\u00a0\u00a0\u00a0 As escolas Francesa e Inglesa da Qabalah Herm\u00e9tica;<\/p>\n<p>\u00b7\u00a0\u00a0\u00a0\u00a0\u00a0\u00a0\u00a0\u00a0 Literatura Qabal\u00edstica: Sefer Yetzirah, Zohar, Sefer Raziel, Sefer Hagilgulim, Sefer ha-Bahir, ente outros.<\/p>\n<p>\u00b7\u00a0\u00a0\u00a0\u00a0\u00a0\u00a0\u00a0\u00a0 Os 32 Caminhos da Sabedoria: a estrutura da \u00c1rvore das Vidas, os 4 mundos e as 22 letras hebraicas;<\/p>\n<p>\u00b7\u00a0\u00a0\u00a0\u00a0\u00a0\u00a0\u00a0\u00a0 Os 72 nomes de Deus (os 72 Anjos Qabal\u00edsticos);<\/p>\n<p>\u00b7\u00a0\u00a0\u00a0\u00a0\u00a0\u00a0\u00a0\u00a0 A medita\u00e7\u00e3o Qabal\u00edstica;<\/p>\n<p>\u00b7\u00a0\u00a0\u00a0\u00a0\u00a0\u00a0\u00a0\u00a0 Qabalah e ora\u00e7\u00e3o;<\/p>\n<p>\u00b7\u00a0\u00a0\u00a0\u00a0\u00a0\u00a0\u00a0\u00a0 Temurah;<\/p>\n<p>\u00b7\u00a0\u00a0\u00a0\u00a0\u00a0\u00a0\u00a0\u00a0 Gematria;<\/p>\n<p>\u00b7\u00a0\u00a0\u00a0\u00a0\u00a0\u00a0\u00a0\u00a0 Notariqon;<\/p>\n<p>\u00b7\u00a0\u00a0\u00a0\u00a0\u00a0\u00a0\u00a0\u00a0 O caminho do Pardes (O Jardim das Rom\u00e3s);<\/p>\n<p>\u00b7\u00a0\u00a0\u00a0\u00a0\u00a0\u00a0\u00a0\u00a0 Talism\u00e3s Qabal\u00edsticos;<\/p>\n<p>\u00b7\u00a0\u00a0\u00a0\u00a0\u00a0\u00a0\u00a0\u00a0 A Estrutura da Alma;<\/p>\n<p>\u00b7\u00a0\u00a0\u00a0\u00a0\u00a0\u00a0\u00a0\u00a0 O processo da Revolu\u00e7\u00e3o das Almas;<\/p>\n<p>\u00b7\u00a0\u00a0\u00a0\u00a0\u00a0\u00a0\u00a0\u00a0 Utilizando a Qabala na vida e nos neg\u00f3cios;<\/p>\n<p>\u00b7\u00a0\u00a0\u00a0\u00a0\u00a0\u00a0\u00a0\u00a0 O uso da Qabalah nas Ci\u00eancias Ocultas: Tarot, Teurgia, Magia Cerimonial, etc.<\/p>\n<p>&nbsp;<\/p>\n<p><strong><u>O curso inclui:<\/u><\/strong><\/p>\n<p><strong>\u00a0<\/strong><\/p>\n<p>\u2705 Material Digital para Download<\/p>\n<p>\u2705 Acesso por pelo menos 12 meses \u00e0s grava\u00e7\u00f5es das aulas<\/p>\n<p>\u2705 Acesso ao grupo exclusivo de estudos com o professor Frater Goya<\/p>\n<p>\u2705 Tutoria para auxilio nos estudos<\/p>\n<p>\u2705 Certificado de Conclus\u00e3o ao final dos cinco encontros<\/p>\n<p><strong>\u00a0<\/strong><\/p>\n<p><strong>Informa\u00e7\u00f5es importantes:<\/strong><\/p>\n<p><strong>\u00a0<\/strong><\/p>\n<p>\u00b7\u00a0\u00a0\u00a0\u00a0\u00a0\u00a0\u00a0\u00a0 Os m\u00f3dulos\/aulas ser\u00e3o transmitidos via Youtube, com transmiss\u00e3o em tempo real e intera\u00e7\u00e3o via chat (perguntas, d\u00favidas ser\u00e3o respondidas durante a aula).<\/p>\n<p>&nbsp;<\/p>\n<p>\u00b7\u00a0\u00a0\u00a0\u00a0\u00a0\u00a0\u00a0\u00a0 Ap\u00f3s a transmiss\u00e3o, a grava\u00e7\u00e3o da aula ser\u00e1 disponibilizada para os alunos por um per\u00edodo m\u00ednimo de 12 meses a contar da data da aula.<\/p>\n<p>&nbsp;<\/p>\n<p>\u00b7\u00a0\u00a0\u00a0\u00a0\u00a0\u00a0\u00a0\u00a0 O material de cada m\u00f3dulo ser\u00e1 disponibilizado para download ao aluno. O mesmo se compromete a n\u00e3o compartilhar v\u00eddeos, textos, imagens ou qualquer outro material referente ao curso adquirido (sess\u00e3o de uso) com terceiros, sob pena do artigo 184 do\u00a0C\u00f3digo\u00a0Penal.<\/p>\n<p>&nbsp;<\/p>\n<p>\u00b7\u00a0\u00a0\u00a0\u00a0\u00a0\u00a0\u00a0\u00a0 Todos os alunos em curso ter\u00e3o acesso ao grupo de estudos via WhatsApp com o professor e tutores, para o esclarecimento de d\u00favidas, pr\u00e1ticas e trocas.<\/p>\n<p>&nbsp;<\/p>\n<p>\u00b7\u00a0\u00a0\u00a0\u00a0\u00a0\u00a0\u00a0\u00a0 Caso o aluno tenha dificuldade em seus estudos, os tutores do curso estar\u00e3o dispon\u00edveis, sem custo adicional, para aux\u00edlio e orienta\u00e7\u00e3o.<\/p>\n<p>&nbsp;<\/p>\n<p>\u00b7\u00a0\u00a0\u00a0\u00a0\u00a0\u00a0\u00a0\u00a0 Os descontos s\u00e3o fornecidos para o pagamento via dep\u00f3sito, boleto ou PIX para os alunos que realizarem TODOS os m\u00f3dulos. Na desist\u00eancia dos encontros (aulas\/m\u00f3dulos) futuros, o aluno se compromete a realizar o pagamento da diferen\u00e7a dos valores de cada m\u00f3dulo realizado, sem o desconto fornecido. Valor de cada m\u00f3dulo sem desconto: R$ 350,00.<\/p>\n<p>&nbsp;<\/p>\n<p>\u00b7\u00a0\u00a0\u00a0\u00a0\u00a0\u00a0\u00a0\u00a0 O Certificado de Conclus\u00e3o ser\u00e1 emitido ap\u00f3s o \u00faltimo encontro e enviado aos alunos que realizarem todas as aulas e forem apontados como aptos \/ aprovados pelo professor.<\/p>\n<p>&nbsp;<\/p>\n<p>&nbsp;<\/p>\n<p>&nbsp;<\/p>\n<p><strong>Ao realizar sua inscri\u00e7\u00e3o e matr\u00edcula no curso, o aluno concorda com todos os termos citados neste documento.<\/strong><\/p>\n<p>&nbsp;<\/p>\n<p>&nbsp;<\/td>\n<\/tr>\n<\/tbody>\n<\/table>\n","protected":false},"excerpt":{"rendered":"<table width=\"100%\">\n<tbody>\n<tr>\n<td width=\"468\">Qabalah<\/p>\n<p>frater goya<\/p>\n<p>O objetivo deste curso \u00e9 trazer ao estudante um conhecimento aprofundado da Qabalah Judaica e da Qabalah Herm\u00e9tica, para que o estudante possa compreender melhor o universo em que vive.<\/p>\n<p>&nbsp;<\/p>\n<p>O curso ocorrer\u00e1 em cinco encontros \/ aulas durante o ano, que ir\u00e3o contemplar diversos temas, abrangendo os estudos da Qabalah.<\/p>\n<p>&nbsp;<\/p>\n<p><strong><u>Temas abordados no Curso:<\/u><\/strong><\/p>\n<p>&nbsp;<\/p>\n<p>\u00b7\u00a0\u00a0\u00a0\u00a0\u00a0\u00a0\u00a0\u00a0 O que \u00e9 Qabalah;<\/p>\n<p>\u00b7\u00a0\u00a0\u00a0\u00a0\u00a0\u00a0\u00a0\u00a0 Hist\u00f3ria e desenvolvimento da Qabalah tradicional;<\/p>\n<p>\u00b7\u00a0\u00a0\u00a0\u00a0\u00a0\u00a0\u00a0\u00a0 Diferen\u00e7as entre a Qabalah Judaica e a Qabalah Herm\u00e9tica;<\/p>\n<p>\u00b7\u00a0\u00a0\u00a0\u00a0\u00a0\u00a0\u00a0\u00a0 As escolas Francesa e Inglesa da Qabalah Herm\u00e9tica;<\/p>\n<p>\u00b7\u00a0\u00a0\u00a0\u00a0\u00a0\u00a0\u00a0\u00a0 Literatura Qabal\u00edstica: Sefer Yetzirah, Zohar, Sefer Raziel, Sefer Hagilgulim, Sefer ha-Bahir, ente outros.<\/p>\n<p>\u00b7\u00a0\u00a0\u00a0\u00a0\u00a0\u00a0\u00a0\u00a0 Os 32 Caminhos da Sabedoria: a estrutura da \u00c1rvore das Vidas, os 4 mundos e as 22 letras hebraicas;<\/p>\n<p>\u00b7\u00a0\u00a0\u00a0\u00a0\u00a0\u00a0\u00a0\u00a0 Os 72 nomes de Deus (os 72 Anjos Qabal\u00edsticos);<\/p>\n<p>\u00b7\u00a0\u00a0\u00a0\u00a0\u00a0\u00a0\u00a0\u00a0 A medita\u00e7\u00e3o Qabal\u00edstica;<\/p>\n<p>\u00b7\u00a0\u00a0\u00a0\u00a0\u00a0\u00a0\u00a0\u00a0 Qabalah e ora\u00e7\u00e3o;<\/p>\n<p>\u00b7\u00a0\u00a0\u00a0\u00a0\u00a0\u00a0\u00a0\u00a0 Temurah;<\/p>\n<p>\u00b7\u00a0\u00a0\u00a0\u00a0\u00a0\u00a0\u00a0\u00a0 Gematria;<\/p>\n<p>\u00b7\u00a0\u00a0\u00a0\u00a0\u00a0\u00a0\u00a0\u00a0 Notariqon;<\/p>\n<p>\u00b7\u00a0\u00a0\u00a0\u00a0\u00a0\u00a0\u00a0\u00a0 O caminho do Pardes (O Jardim das Rom\u00e3s);<\/p>\n<p>\u00b7\u00a0\u00a0\u00a0\u00a0\u00a0\u00a0\u00a0\u00a0 Talism\u00e3s Qabal\u00edsticos;<\/p>\n<p>\u00b7\u00a0\u00a0\u00a0\u00a0\u00a0\u00a0\u00a0\u00a0 A Estrutura da Alma;<\/p>\n<p>\u00b7\u00a0\u00a0\u00a0\u00a0\u00a0\u00a0\u00a0\u00a0 O processo da Revolu\u00e7\u00e3o das Almas;<\/p>\n<p>\u00b7\u00a0\u00a0\u00a0\u00a0\u00a0\u00a0\u00a0\u00a0 Utilizando a Qabala na vida e nos neg\u00f3cios;<\/p>\n<p>\u00b7\u00a0\u00a0\u00a0\u00a0\u00a0\u00a0\u00a0\u00a0 O uso da Qabalah nas Ci\u00eancias Ocultas: Tarot, Teurgia, Magia Cerimonial, etc.<\/p>\n<p>&nbsp;<\/p>\n<p><strong><u>O curso inclui:<\/u><\/strong><\/p>\n<p><strong>\u00a0<\/strong><\/p>\n<p>\u2705 Material Digital para Download<\/p>\n<p>\u2705 Acesso por pelo menos 12 meses \u00e0s grava\u00e7\u00f5es das aulas<\/p>\n<p>\u2705 Acesso ao grupo exclusivo de estudos com o professor Frater Goya<\/p>\n<p>\u2705 Tutoria para auxilio nos estudos<\/p>\n<p>\u2705 Certificado de Conclus\u00e3o ao final dos cinco encontros<\/p>\n<p><strong>\u00a0<\/strong><\/p>\n<p><strong>Informa\u00e7\u00f5es importantes:<\/strong><\/p>\n<p><strong>\u00a0<\/strong><\/p>\n<p>\u00b7\u00a0\u00a0\u00a0\u00a0\u00a0\u00a0\u00a0\u00a0 Os m\u00f3dulos\/aulas ser\u00e3o transmitidos via Youtube, com transmiss\u00e3o em tempo real e intera\u00e7\u00e3o via chat (perguntas, d\u00favidas ser\u00e3o respondidas durante a aula).<\/p>\n<p>&nbsp;<\/p>\n<p>\u00b7\u00a0\u00a0\u00a0\u00a0\u00a0\u00a0\u00a0\u00a0 Ap\u00f3s a transmiss\u00e3o, a grava\u00e7\u00e3o da aula ser\u00e1 disponibilizada para os alunos por um per\u00edodo m\u00ednimo de 12 meses a contar da data da aula.<\/p>\n<p>&nbsp;<\/p>\n<p>\u00b7\u00a0\u00a0\u00a0\u00a0\u00a0\u00a0\u00a0\u00a0 O material de cada m\u00f3dulo ser\u00e1 disponibilizado para download ao aluno. O mesmo se compromete a n\u00e3o compartilhar v\u00eddeos, textos, imagens ou qualquer outro material referente ao curso adquirido (sess\u00e3o de uso) com terceiros, sob pena do artigo 184 do\u00a0C\u00f3digo\u00a0Penal.<\/p>\n<p>&nbsp;<\/p>\n<p>\u00b7\u00a0\u00a0\u00a0\u00a0\u00a0\u00a0\u00a0\u00a0 Todos os alunos em curso ter\u00e3o acesso ao grupo de estudos via WhatsApp com o professor e tutores, para o esclarecimento de d\u00favidas, pr\u00e1ticas e trocas.<\/p>\n<p>&nbsp;<\/p>\n<p>\u00b7\u00a0\u00a0\u00a0\u00a0\u00a0\u00a0\u00a0\u00a0 Caso o aluno tenha dificuldade em seus estudos, os tutores do curso estar\u00e3o dispon\u00edveis, sem custo adicional, para aux\u00edlio e orienta\u00e7\u00e3o.<\/p>\n<p>&nbsp;<\/p>\n<p>\u00b7\u00a0\u00a0\u00a0\u00a0\u00a0\u00a0\u00a0\u00a0 Os descontos s\u00e3o fornecidos para o pagamento via dep\u00f3sito, boleto ou PIX para os alunos que realizarem TODOS os m\u00f3dulos. Na desist\u00eancia dos encontros (aulas\/m\u00f3dulos) futuros, o aluno se compromete a realizar o pagamento da diferen\u00e7a dos valores de cada m\u00f3dulo realizado, sem o desconto fornecido. Valor de cada m\u00f3dulo sem desconto: R$ 350,00.<\/p>\n<p>&nbsp;<\/p>\n<p>\u00b7\u00a0\u00a0\u00a0\u00a0\u00a0\u00a0\u00a0\u00a0 O Certificado de Conclus\u00e3o ser\u00e1 emitido ap\u00f3s o \u00faltimo encontro e enviado aos alunos que realizarem todas as aulas e forem apontados como aptos \/ aprovados pelo professor.<\/p>\n<p>&nbsp;<\/p>\n<p>&nbsp;<\/p>\n<p>&nbsp;<\/p>\n<p><strong>Ao realizar sua inscri\u00e7\u00e3o e matr\u00edcula no curso, o aluno concorda com todos os termos citados neste documento.<\/strong><\/p>\n<p>&nbsp;<\/p>\n<p>&nbsp;<\/td>\n<\/tr>\n<\/tbody>\n<\/table>\n","protected":false},"featured_media":14669,"comment_status":"closed","ping_status":"closed","template":"","meta":{"content-type":"","_joinchat":[]},"product_brand":[],"product_cat":[103],"product_tag":[],"class_list":{"0":"post-15437","1":"product","2":"type-product","3":"status-publish","4":"has-post-thumbnail","6":"product_cat-cabala","8":"first","9":"instock","10":"featured","11":"virtual","12":"purchasable","13":"product-type-simple"},"_links":{"self":[{"href":"https:\/\/espacomerkaba.com.br\/site\/wp-json\/wp\/v2\/product\/15437","targetHints":{"allow":["GET"]}}],"collection":[{"href":"https:\/\/espacomerkaba.com.br\/site\/wp-json\/wp\/v2\/product"}],"about":[{"href":"https:\/\/espacomerkaba.com.br\/site\/wp-json\/wp\/v2\/types\/product"}],"replies":[{"embeddable":true,"href":"https:\/\/espacomerkaba.com.br\/site\/wp-json\/wp\/v2\/comments?post=15437"}],"version-history":[{"count":1,"href":"https:\/\/espacomerkaba.com.br\/site\/wp-json\/wp\/v2\/product\/15437\/revisions"}],"predecessor-version":[{"id":15438,"href":"https:\/\/espacomerkaba.com.br\/site\/wp-json\/wp\/v2\/product\/15437\/revisions\/15438"}],"wp:featuredmedia":[{"embeddable":true,"href":"https:\/\/espacomerkaba.com.br\/site\/wp-json\/wp\/v2\/media\/14669"}],"wp:attachment":[{"href":"https:\/\/espacomerkaba.com.br\/site\/wp-json\/wp\/v2\/media?parent=15437"}],"wp:term":[{"taxonomy":"product_brand","embeddable":true,"href":"https:\/\/espacomerkaba.com.br\/site\/wp-json\/wp\/v2\/product_brand?post=15437"},{"taxonomy":"product_cat","embeddable":true,"href":"https:\/\/espacomerkaba.com.br\/site\/wp-json\/wp\/v2\/product_cat?post=15437"},{"taxonomy":"product_tag","embeddable":true,"href":"https:\/\/espacomerkaba.com.br\/site\/wp-json\/wp\/v2\/product_tag?post=15437"}],"curies":[{"name":"wp","href":"https:\/\/api.w.org\/{rel}","templated":true}]}}