{"id":15457,"date":"2024-08-22T14:22:02","date_gmt":"2024-08-22T17:22:02","guid":{"rendered":"https:\/\/espacomerkaba.com.br\/site\/?post_type=product&#038;p=15457"},"modified":"2024-08-26T11:34:38","modified_gmt":"2024-08-26T14:34:38","slug":"magia-enochiana-curso-completo-2024-2","status":"publish","type":"product","link":"https:\/\/espacomerkaba.com.br\/site\/produto\/magia-enochiana-curso-completo-2024-2\/","title":{"rendered":"_Magia Enochiana &#8211; Curso Completo (2024)"},"content":{"rendered":"<p>A Magia Enochiana foi criada para ser pr\u00e1tica e funcional.<\/p>\n<p>Embora suas bases sejam simples, pode tornar-se bastante complexa na medida em que o magista se desenvolve nos meandros do sistema, revelando-se uma poderosa ferramenta para explorar o pr\u00f3prio Universo.<\/p>\n<p>&nbsp;<\/p>\n<p>Neste curso, dividido em dois m\u00f3dulos, apresentaremos o sistema de modo f\u00e1cil e compreens\u00edvel, para os estudantes que desejam enveredar-se sem receios nos estudos destas pr\u00e1ticas.<\/p>\n<p>&nbsp;<\/p>\n<p><strong><u>Temas abordados nos dois m\u00f3dulos do Curso:<\/u><\/strong><\/p>\n<p>&nbsp;<\/p>\n<ul>\n<li>A Magia e os Sistemas M\u00e1gickos<\/li>\n<li>Quem \u00e9 Enoch<\/li>\n<li>A Magia Enochiana<\/li>\n<li>John Dee e Edward Kelley &#8211; Precursores do Sistema Enochiano<\/li>\n<li>Contexto Hist\u00f3rico &#8211; A Era Elizabetana<\/li>\n<li>Primeiros Contatos &#8211; Heptarquia Mistica<\/li>\n<li>A Grande Mesa &#8211; Defini\u00e7\u00e3o, Poderes e Hierarquias<\/li>\n<li>Escritos de John Dee &#8211; Di\u00e1rios Espirituais e Fragmentos<\/li>\n<li>As Chamadas Enochianas<\/li>\n<li>Como Invocar e Evocar os Anjos<\/li>\n<li>Praticando Rituais Enochianos<\/li>\n<li>Sistema Enochiano e Magia Ocidental<\/li>\n<li>Como consagrar a bola de cristal<\/li>\n<li>Como evocar\/invocar Anjos Enochianos<\/li>\n<li>Ritual do Anjo ALGR<\/li>\n<li>Como consagrar Talism\u00e3s com Magia Enochiana<\/li>\n<li>Como compor um ritual Enochiano<\/li>\n<li>As divindades eg\u00edpcias e o Enochiano<\/li>\n<li>O Tarot e o Sistema Enochiano<\/li>\n<\/ul>\n<p>&nbsp;<\/p>\n<p><strong><u>O curso inclui:<\/u><\/strong><\/p>\n<p><strong>\u00a0<\/strong><\/p>\n<p>\u2705 Material Digital para Download<\/p>\n<p>\u2705 Acesso por pelo menos 12 meses \u00e0s grava\u00e7\u00f5es das aulas<\/p>\n<p>\u2705 Acesso ao grupo exclusivo de estudos com o professor Frater Goya<\/p>\n<p>\u2705 Tutoria para auxilio nos estudos<\/p>\n<p>\u2705 Certificado de Conclus\u00e3o ao final dos dois m\u00f3dulos<\/p>\n","protected":false},"excerpt":{"rendered":"<p>A Magia Enochiana foi criada para ser pr\u00e1tica e funcional.<\/p>\n<p>Embora suas bases sejam simples, pode tornar-se bastante complexa na medida em que o magista se desenvolve nos meandros do sistema, revelando-se uma poderosa ferramenta para explorar o pr\u00f3prio Universo.<\/p>\n<p>&nbsp;<\/p>\n<p>Neste curso, dividido em dois m\u00f3dulos, apresentaremos o sistema de modo f\u00e1cil e compreens\u00edvel, para os estudantes que desejam enveredar-se sem receios nos estudos destas pr\u00e1ticas.<\/p>\n<p>&nbsp;<\/p>\n<p><strong><u>Temas abordados nos dois m\u00f3dulos do Curso:<\/u><\/strong><\/p>\n<p>&nbsp;<\/p>\n<ul>\n<li>A Magia e os Sistemas M\u00e1gickos<\/li>\n<li>Quem \u00e9 Enoch<\/li>\n<li>A Magia Enochiana<\/li>\n<li>John Dee e Edward Kelley &#8211; Precursores do Sistema Enochiano<\/li>\n<li>Contexto Hist\u00f3rico &#8211; A Era Elizabetana<\/li>\n<li>Primeiros Contatos &#8211; Heptarquia Mistica<\/li>\n<li>A Grande Mesa &#8211; Defini\u00e7\u00e3o, Poderes e Hierarquias<\/li>\n<li>Escritos de John Dee &#8211; Di\u00e1rios Espirituais e Fragmentos<\/li>\n<li>As Chamadas Enochianas<\/li>\n<li>Como Invocar e Evocar os Anjos<\/li>\n<li>Praticando Rituais Enochianos<\/li>\n<li>Sistema Enochiano e Magia Ocidental<\/li>\n<li>Como consagrar a bola de cristal<\/li>\n<li>Como evocar\/invocar Anjos Enochianos<\/li>\n<li>Ritual do Anjo ALGR<\/li>\n<li>Como consagrar Talism\u00e3s com Magia Enochiana<\/li>\n<li>Como compor um ritual Enochiano<\/li>\n<li>As divindades eg\u00edpcias e o Enochiano<\/li>\n<li>O Tarot e o Sistema Enochiano<\/li>\n<\/ul>\n<p>&nbsp;<\/p>\n<p><strong><u>O curso inclui:<\/u><\/strong><\/p>\n<p><strong>\u00a0<\/strong><\/p>\n<p>\u2705 Material Digital para Download<\/p>\n<p>\u2705 Acesso por pelo menos 12 meses \u00e0s grava\u00e7\u00f5es das aulas<\/p>\n<p>\u2705 Acesso ao grupo exclusivo de estudos com o professor Frater Goya<\/p>\n<p>\u2705 Tutoria para auxilio nos estudos<\/p>\n<p>\u2705 Certificado de Conclus\u00e3o ao final dos dois m\u00f3dulos<\/p>\n","protected":false},"featured_media":14675,"comment_status":"closed","ping_status":"closed","template":"","meta":{"content-type":"","_joinchat":[]},"product_brand":[],"product_cat":[102],"product_tag":[],"class_list":{"0":"post-15457","1":"product","2":"type-product","3":"status-publish","4":"has-post-thumbnail","6":"product_cat-magia","8":"first","9":"instock","10":"virtual","11":"purchasable","12":"product-type-simple"},"_links":{"self":[{"href":"https:\/\/espacomerkaba.com.br\/site\/wp-json\/wp\/v2\/product\/15457","targetHints":{"allow":["GET"]}}],"collection":[{"href":"https:\/\/espacomerkaba.com.br\/site\/wp-json\/wp\/v2\/product"}],"about":[{"href":"https:\/\/espacomerkaba.com.br\/site\/wp-json\/wp\/v2\/types\/product"}],"replies":[{"embeddable":true,"href":"https:\/\/espacomerkaba.com.br\/site\/wp-json\/wp\/v2\/comments?post=15457"}],"version-history":[{"count":3,"href":"https:\/\/espacomerkaba.com.br\/site\/wp-json\/wp\/v2\/product\/15457\/revisions"}],"predecessor-version":[{"id":15656,"href":"https:\/\/espacomerkaba.com.br\/site\/wp-json\/wp\/v2\/product\/15457\/revisions\/15656"}],"wp:featuredmedia":[{"embeddable":true,"href":"https:\/\/espacomerkaba.com.br\/site\/wp-json\/wp\/v2\/media\/14675"}],"wp:attachment":[{"href":"https:\/\/espacomerkaba.com.br\/site\/wp-json\/wp\/v2\/media?parent=15457"}],"wp:term":[{"taxonomy":"product_brand","embeddable":true,"href":"https:\/\/espacomerkaba.com.br\/site\/wp-json\/wp\/v2\/product_brand?post=15457"},{"taxonomy":"product_cat","embeddable":true,"href":"https:\/\/espacomerkaba.com.br\/site\/wp-json\/wp\/v2\/product_cat?post=15457"},{"taxonomy":"product_tag","embeddable":true,"href":"https:\/\/espacomerkaba.com.br\/site\/wp-json\/wp\/v2\/product_tag?post=15457"}],"curies":[{"name":"wp","href":"https:\/\/api.w.org\/{rel}","templated":true}]}}