{"id":15477,"date":"2024-08-22T14:53:18","date_gmt":"2024-08-22T17:53:18","guid":{"rendered":"https:\/\/espacomerkaba.com.br\/site\/?post_type=product&#038;p=15477"},"modified":"2024-08-22T14:53:18","modified_gmt":"2024-08-22T17:53:18","slug":"petit-lenormand-curso-completo-2024","status":"publish","type":"product","link":"https:\/\/espacomerkaba.com.br\/site\/produto\/petit-lenormand-curso-completo-2024\/","title":{"rendered":"Petit Lenormand &#8211; Curso Completo (2024)"},"content":{"rendered":"<p>O Petit Lenormand emerge como um dos or\u00e1culos mais queridos no Brasil, cativando pela sua simplicidade, relev\u00e2ncia atual e imagens que ecoam em nosso cotidiano. Sua linguagem acess\u00edvel transmite mensagens de maneira instant\u00e2nea, dispensando a necessidade de aprofundados estudos. Com s\u00edmbolos originados do imagin\u00e1rio e da sabedoria popular, o Petit Lenormand n\u00e3o apenas \u00e9 facilmente compreendido, mas tamb\u00e9m \u00e9 a prefer\u00eancia de muitos oraculistas.<\/p>\n<p>A proposta deste curso, dividido em tr\u00eas m\u00f3dulos, \u00e9 que voc\u00ea descubra o fascinante universo do Petit Lenormand e transforme seu destino!<\/p>\n<p>O curso oferece uma jornada \u00fanica de aprendizado, desvendando os segredos das cartas para que voc\u00ea possa interpretar o futuro com confian\u00e7a, despertar sua intui\u00e7\u00e3o, ampliar seus conhecimentos e conquistar uma nova perspectiva em sua vida. Comece hoje a escrever sua hist\u00f3ria de sucesso!<\/p>\n","protected":false},"excerpt":{"rendered":"<p>O Petit Lenormand emerge como um dos or\u00e1culos mais queridos no Brasil, cativando pela sua simplicidade, relev\u00e2ncia atual e imagens que ecoam em nosso cotidiano. Sua linguagem acess\u00edvel transmite mensagens de maneira instant\u00e2nea, dispensando a necessidade de aprofundados estudos. Com s\u00edmbolos originados do imagin\u00e1rio e da sabedoria popular, o Petit Lenormand n\u00e3o apenas \u00e9 facilmente compreendido, mas tamb\u00e9m \u00e9 a prefer\u00eancia de muitos oraculistas.<\/p>\n<p>A proposta deste curso, dividido em tr\u00eas m\u00f3dulos, \u00e9 que voc\u00ea descubra o fascinante universo do Petit Lenormand e transforme seu destino!<\/p>\n<p>O curso oferece uma jornada \u00fanica de aprendizado, desvendando os segredos das cartas para que voc\u00ea possa interpretar o futuro com confian\u00e7a, despertar sua intui\u00e7\u00e3o, ampliar seus conhecimentos e conquistar uma nova perspectiva em sua vida. Comece hoje a escrever sua hist\u00f3ria de sucesso!<\/p>\n","protected":false},"featured_media":15478,"comment_status":"closed","ping_status":"closed","template":"","meta":{"content-type":"","_joinchat":[]},"product_brand":[],"product_cat":[101],"product_tag":[],"class_list":{"0":"post-15477","1":"product","2":"type-product","3":"status-publish","4":"has-post-thumbnail","6":"product_cat-oraculos","8":"first","9":"instock","10":"virtual","11":"purchasable","12":"product-type-simple"},"_links":{"self":[{"href":"https:\/\/espacomerkaba.com.br\/site\/wp-json\/wp\/v2\/product\/15477","targetHints":{"allow":["GET"]}}],"collection":[{"href":"https:\/\/espacomerkaba.com.br\/site\/wp-json\/wp\/v2\/product"}],"about":[{"href":"https:\/\/espacomerkaba.com.br\/site\/wp-json\/wp\/v2\/types\/product"}],"replies":[{"embeddable":true,"href":"https:\/\/espacomerkaba.com.br\/site\/wp-json\/wp\/v2\/comments?post=15477"}],"version-history":[{"count":1,"href":"https:\/\/espacomerkaba.com.br\/site\/wp-json\/wp\/v2\/product\/15477\/revisions"}],"predecessor-version":[{"id":15479,"href":"https:\/\/espacomerkaba.com.br\/site\/wp-json\/wp\/v2\/product\/15477\/revisions\/15479"}],"wp:featuredmedia":[{"embeddable":true,"href":"https:\/\/espacomerkaba.com.br\/site\/wp-json\/wp\/v2\/media\/15478"}],"wp:attachment":[{"href":"https:\/\/espacomerkaba.com.br\/site\/wp-json\/wp\/v2\/media?parent=15477"}],"wp:term":[{"taxonomy":"product_brand","embeddable":true,"href":"https:\/\/espacomerkaba.com.br\/site\/wp-json\/wp\/v2\/product_brand?post=15477"},{"taxonomy":"product_cat","embeddable":true,"href":"https:\/\/espacomerkaba.com.br\/site\/wp-json\/wp\/v2\/product_cat?post=15477"},{"taxonomy":"product_tag","embeddable":true,"href":"https:\/\/espacomerkaba.com.br\/site\/wp-json\/wp\/v2\/product_tag?post=15477"}],"curies":[{"name":"wp","href":"https:\/\/api.w.org\/{rel}","templated":true}]}}