{"id":15527,"date":"2024-08-22T15:57:23","date_gmt":"2024-08-22T18:57:23","guid":{"rendered":"https:\/\/espacomerkaba.com.br\/site\/?post_type=product&#038;p=15527"},"modified":"2024-08-22T15:57:23","modified_gmt":"2024-08-22T18:57:23","slug":"tarot-barbara-walker-curso-completo-2024","status":"publish","type":"product","link":"https:\/\/espacomerkaba.com.br\/site\/produto\/tarot-barbara-walker-curso-completo-2024\/","title":{"rendered":"Tarot B\u00e1rbara Walker &#8211; Curso Completo (2024)"},"content":{"rendered":"<p>Explore uma perspectiva fascinante e profundamente feminista e m\u00e1gica do tarot com o Barbara Walker Tarot. Este baralho \u00fanico oferece uma rica cole\u00e7\u00e3o de s\u00edmbolos religiosos e pag\u00e3os de todo o mundo, enriquecendo cada carta com uma profundidade de significado incompar\u00e1vel.<\/p>\n<p>As Cartas da Corte apresentam uma galeria de Deuses e Deusas mitol\u00f3gicos, oferecendo uma vis\u00e3o envolvente das for\u00e7as arquet\u00edpicas em a\u00e7\u00e3o. O design marcante do verso da carta e as cores dominantes &#8211; vermelho, preto e branco &#8211; n\u00e3o s\u00e3o apenas visualmente cativantes, mas tamb\u00e9m carregam um significado profundo. Representam as cores sagradas da Trindade feminina original, simbolizando suas tr\u00eas fases como Virgem, M\u00e3e e Anci\u00e3, reconhecidas em todas as culturas.<\/p>\n<p>Embarque nesta jornada \u00fanica atrav\u00e9s do Barbara Walker Tarot e descubra novas camadas de sabedoria, enquanto se conecta com o extraordin\u00e1rio de uma maneira poderosa e significativa.<\/p>\n<p>N\u00e3o perca esta oportunidade de explorar o Tarot de uma maneira totalmente nova e emocionante. Inscreva-se agora e comece sua jornada para a sabedoria e ilumina\u00e7\u00e3o!<\/p>\n","protected":false},"excerpt":{"rendered":"<p>Explore uma perspectiva fascinante e profundamente feminista e m\u00e1gica do tarot com o Barbara Walker Tarot. Este baralho \u00fanico oferece uma rica cole\u00e7\u00e3o de s\u00edmbolos religiosos e pag\u00e3os de todo o mundo, enriquecendo cada carta com uma profundidade de significado incompar\u00e1vel.<\/p>\n<p>As Cartas da Corte apresentam uma galeria de Deuses e Deusas mitol\u00f3gicos, oferecendo uma vis\u00e3o envolvente das for\u00e7as arquet\u00edpicas em a\u00e7\u00e3o. O design marcante do verso da carta e as cores dominantes &#8211; vermelho, preto e branco &#8211; n\u00e3o s\u00e3o apenas visualmente cativantes, mas tamb\u00e9m carregam um significado profundo. Representam as cores sagradas da Trindade feminina original, simbolizando suas tr\u00eas fases como Virgem, M\u00e3e e Anci\u00e3, reconhecidas em todas as culturas.<\/p>\n<p>Embarque nesta jornada \u00fanica atrav\u00e9s do Barbara Walker Tarot e descubra novas camadas de sabedoria, enquanto se conecta com o extraordin\u00e1rio de uma maneira poderosa e significativa.<\/p>\n<p>N\u00e3o perca esta oportunidade de explorar o Tarot de uma maneira totalmente nova e emocionante. Inscreva-se agora e comece sua jornada para a sabedoria e ilumina\u00e7\u00e3o!<\/p>\n","protected":false},"featured_media":15528,"comment_status":"closed","ping_status":"closed","template":"","meta":{"content-type":"","_joinchat":[]},"product_brand":[],"product_cat":[105,102,100],"product_tag":[],"class_list":{"0":"post-15527","1":"product","2":"type-product","3":"status-publish","4":"has-post-thumbnail","6":"product_cat-espiritualidade","7":"product_cat-magia","8":"product_cat-tarot","10":"first","11":"instock","12":"virtual","13":"purchasable","14":"product-type-simple"},"_links":{"self":[{"href":"https:\/\/espacomerkaba.com.br\/site\/wp-json\/wp\/v2\/product\/15527","targetHints":{"allow":["GET"]}}],"collection":[{"href":"https:\/\/espacomerkaba.com.br\/site\/wp-json\/wp\/v2\/product"}],"about":[{"href":"https:\/\/espacomerkaba.com.br\/site\/wp-json\/wp\/v2\/types\/product"}],"replies":[{"embeddable":true,"href":"https:\/\/espacomerkaba.com.br\/site\/wp-json\/wp\/v2\/comments?post=15527"}],"version-history":[{"count":1,"href":"https:\/\/espacomerkaba.com.br\/site\/wp-json\/wp\/v2\/product\/15527\/revisions"}],"predecessor-version":[{"id":15529,"href":"https:\/\/espacomerkaba.com.br\/site\/wp-json\/wp\/v2\/product\/15527\/revisions\/15529"}],"wp:featuredmedia":[{"embeddable":true,"href":"https:\/\/espacomerkaba.com.br\/site\/wp-json\/wp\/v2\/media\/15528"}],"wp:attachment":[{"href":"https:\/\/espacomerkaba.com.br\/site\/wp-json\/wp\/v2\/media?parent=15527"}],"wp:term":[{"taxonomy":"product_brand","embeddable":true,"href":"https:\/\/espacomerkaba.com.br\/site\/wp-json\/wp\/v2\/product_brand?post=15527"},{"taxonomy":"product_cat","embeddable":true,"href":"https:\/\/espacomerkaba.com.br\/site\/wp-json\/wp\/v2\/product_cat?post=15527"},{"taxonomy":"product_tag","embeddable":true,"href":"https:\/\/espacomerkaba.com.br\/site\/wp-json\/wp\/v2\/product_tag?post=15527"}],"curies":[{"name":"wp","href":"https:\/\/api.w.org\/{rel}","templated":true}]}}