{"id":15552,"date":"2024-08-22T16:23:44","date_gmt":"2024-08-22T19:23:44","guid":{"rendered":"https:\/\/espacomerkaba.com.br\/site\/?post_type=product&#038;p=15552"},"modified":"2024-08-22T16:23:44","modified_gmt":"2024-08-22T19:23:44","slug":"thelema-magia-e-misticismo-2024","status":"publish","type":"product","link":"https:\/\/espacomerkaba.com.br\/site\/produto\/thelema-magia-e-misticismo-2024\/","title":{"rendered":"Thelema &#8211; Magia e Misticismo (2024)"},"content":{"rendered":"<p>Alguns conhecimentos s\u00e3o primordiais para aqueles que desejam iniciar e\/ou agregar em seus estudos m\u00e1gickos.<\/p>\n<p>Este curso abordar\u00e1 os conceitos te\u00f3ricos e pr\u00e1ticos fundamentais da obra de Aleister Crowley, enquanto explora os princ\u00edpios da Inicia\u00e7\u00e3o thel\u00eamica. Adentre o universo da magia, misticismo, yoga, filosofia e moralidade sob a perspectiva do controverso mago. Com esta experi\u00eancia, voc\u00ea ter\u00e1 acesso a informa\u00e7\u00f5es essenciais que servir\u00e3o como base tanto para estudos te\u00f3ricos quanto para pr\u00e1ticas relacionadas \u00e0 obra do renomado mago do s\u00e9culo XX<\/p>\n","protected":false},"excerpt":{"rendered":"<p>Alguns conhecimentos s\u00e3o primordiais para aqueles que desejam iniciar e\/ou agregar em seus estudos m\u00e1gickos.<\/p>\n<p>Este curso abordar\u00e1 os conceitos te\u00f3ricos e pr\u00e1ticos fundamentais da obra de Aleister Crowley, enquanto explora os princ\u00edpios da Inicia\u00e7\u00e3o thel\u00eamica. Adentre o universo da magia, misticismo, yoga, filosofia e moralidade sob a perspectiva do controverso mago. Com esta experi\u00eancia, voc\u00ea ter\u00e1 acesso a informa\u00e7\u00f5es essenciais que servir\u00e3o como base tanto para estudos te\u00f3ricos quanto para pr\u00e1ticas relacionadas \u00e0 obra do renomado mago do s\u00e9culo XX<\/p>\n","protected":false},"featured_media":15553,"comment_status":"closed","ping_status":"closed","template":"","meta":{"content-type":"","_joinchat":[]},"product_brand":[],"product_cat":[105,102],"product_tag":[],"class_list":{"0":"post-15552","1":"product","2":"type-product","3":"status-publish","4":"has-post-thumbnail","6":"product_cat-espiritualidade","7":"product_cat-magia","9":"first","10":"instock","11":"virtual","12":"purchasable","13":"product-type-simple"},"_links":{"self":[{"href":"https:\/\/espacomerkaba.com.br\/site\/wp-json\/wp\/v2\/product\/15552","targetHints":{"allow":["GET"]}}],"collection":[{"href":"https:\/\/espacomerkaba.com.br\/site\/wp-json\/wp\/v2\/product"}],"about":[{"href":"https:\/\/espacomerkaba.com.br\/site\/wp-json\/wp\/v2\/types\/product"}],"replies":[{"embeddable":true,"href":"https:\/\/espacomerkaba.com.br\/site\/wp-json\/wp\/v2\/comments?post=15552"}],"version-history":[{"count":1,"href":"https:\/\/espacomerkaba.com.br\/site\/wp-json\/wp\/v2\/product\/15552\/revisions"}],"predecessor-version":[{"id":15554,"href":"https:\/\/espacomerkaba.com.br\/site\/wp-json\/wp\/v2\/product\/15552\/revisions\/15554"}],"wp:featuredmedia":[{"embeddable":true,"href":"https:\/\/espacomerkaba.com.br\/site\/wp-json\/wp\/v2\/media\/15553"}],"wp:attachment":[{"href":"https:\/\/espacomerkaba.com.br\/site\/wp-json\/wp\/v2\/media?parent=15552"}],"wp:term":[{"taxonomy":"product_brand","embeddable":true,"href":"https:\/\/espacomerkaba.com.br\/site\/wp-json\/wp\/v2\/product_brand?post=15552"},{"taxonomy":"product_cat","embeddable":true,"href":"https:\/\/espacomerkaba.com.br\/site\/wp-json\/wp\/v2\/product_cat?post=15552"},{"taxonomy":"product_tag","embeddable":true,"href":"https:\/\/espacomerkaba.com.br\/site\/wp-json\/wp\/v2\/product_tag?post=15552"}],"curies":[{"name":"wp","href":"https:\/\/api.w.org\/{rel}","templated":true}]}}