{"id":15566,"date":"2024-08-22T16:44:27","date_gmt":"2024-08-22T19:44:27","guid":{"rendered":"https:\/\/espacomerkaba.com.br\/site\/?post_type=product&#038;p=15566"},"modified":"2024-08-22T16:44:27","modified_gmt":"2024-08-22T19:44:27","slug":"praticas-com-o-tarot-metodo-europeu-2024","status":"publish","type":"product","link":"https:\/\/espacomerkaba.com.br\/site\/produto\/praticas-com-o-tarot-metodo-europeu-2024\/","title":{"rendered":"Pr\u00e1ticas com o Tarot &#8211; M\u00e9todo Europeu (2024)"},"content":{"rendered":"<p>Concluir um curso de tarot \u00e9 apenas o come\u00e7o de uma jornada fascinante, mas pode ser bastante desafiador.<br \/>\nMuitos se deparam com a dificuldade de realizar leituras para si mesmos e para os outros, o que gera inseguran\u00e7a e falta de pr\u00e1tica.<br \/>\n\u00c9 aqui que este curso entra em cena: nosso objetivo \u00e9 aprimorar suas habilidades de leitura de tarot, promovendo uma pr\u00e1tica cont\u00ednua atrav\u00e9s de m\u00e9todos e tiragens. Utilizando o renomado m\u00e9todo europeu, que combina os Arcanos Maiores e Menores, voc\u00ea ganhar\u00e1 confian\u00e7a e precis\u00e3o em suas interpreta\u00e7\u00f5es.<br \/>\nPrepare-se para transformar suas leituras de tarot em uma experi\u00eancia verdadeiramente reveladora!<\/p>\n","protected":false},"excerpt":{"rendered":"<p>Concluir um curso de tarot \u00e9 apenas o come\u00e7o de uma jornada fascinante, mas pode ser bastante desafiador.<br \/>\nMuitos se deparam com a dificuldade de realizar leituras para si mesmos e para os outros, o que gera inseguran\u00e7a e falta de pr\u00e1tica.<br \/>\n\u00c9 aqui que este curso entra em cena: nosso objetivo \u00e9 aprimorar suas habilidades de leitura de tarot, promovendo uma pr\u00e1tica cont\u00ednua atrav\u00e9s de m\u00e9todos e tiragens. Utilizando o renomado m\u00e9todo europeu, que combina os Arcanos Maiores e Menores, voc\u00ea ganhar\u00e1 confian\u00e7a e precis\u00e3o em suas interpreta\u00e7\u00f5es.<br \/>\nPrepare-se para transformar suas leituras de tarot em uma experi\u00eancia verdadeiramente reveladora!<\/p>\n","protected":false},"featured_media":15567,"comment_status":"closed","ping_status":"closed","template":"","meta":{"content-type":"","_joinchat":[]},"product_brand":[],"product_cat":[100],"product_tag":[],"class_list":{"0":"post-15566","1":"product","2":"type-product","3":"status-publish","4":"has-post-thumbnail","6":"product_cat-tarot","8":"first","9":"instock","10":"virtual","11":"purchasable","12":"product-type-simple"},"_links":{"self":[{"href":"https:\/\/espacomerkaba.com.br\/site\/wp-json\/wp\/v2\/product\/15566","targetHints":{"allow":["GET"]}}],"collection":[{"href":"https:\/\/espacomerkaba.com.br\/site\/wp-json\/wp\/v2\/product"}],"about":[{"href":"https:\/\/espacomerkaba.com.br\/site\/wp-json\/wp\/v2\/types\/product"}],"replies":[{"embeddable":true,"href":"https:\/\/espacomerkaba.com.br\/site\/wp-json\/wp\/v2\/comments?post=15566"}],"version-history":[{"count":1,"href":"https:\/\/espacomerkaba.com.br\/site\/wp-json\/wp\/v2\/product\/15566\/revisions"}],"predecessor-version":[{"id":15568,"href":"https:\/\/espacomerkaba.com.br\/site\/wp-json\/wp\/v2\/product\/15566\/revisions\/15568"}],"wp:featuredmedia":[{"embeddable":true,"href":"https:\/\/espacomerkaba.com.br\/site\/wp-json\/wp\/v2\/media\/15567"}],"wp:attachment":[{"href":"https:\/\/espacomerkaba.com.br\/site\/wp-json\/wp\/v2\/media?parent=15566"}],"wp:term":[{"taxonomy":"product_brand","embeddable":true,"href":"https:\/\/espacomerkaba.com.br\/site\/wp-json\/wp\/v2\/product_brand?post=15566"},{"taxonomy":"product_cat","embeddable":true,"href":"https:\/\/espacomerkaba.com.br\/site\/wp-json\/wp\/v2\/product_cat?post=15566"},{"taxonomy":"product_tag","embeddable":true,"href":"https:\/\/espacomerkaba.com.br\/site\/wp-json\/wp\/v2\/product_tag?post=15566"}],"curies":[{"name":"wp","href":"https:\/\/api.w.org\/{rel}","templated":true}]}}