{"id":15584,"date":"2024-08-22T17:16:52","date_gmt":"2024-08-22T20:16:52","guid":{"rendered":"https:\/\/espacomerkaba.com.br\/site\/?post_type=product&#038;p=15584"},"modified":"2024-08-22T17:18:10","modified_gmt":"2024-08-22T20:18:10","slug":"tarot-essencial-copia","status":"publish","type":"product","link":"https:\/\/espacomerkaba.com.br\/site\/produto\/tarot-essencial-copia\/","title":{"rendered":"Tarot Essencial &#8211; M\u00f3dulo B\u00e1sico (2024)"},"content":{"rendered":"<p>Este curso \u00e9 para todos aqueles que desejam aprender a ler, jogar e\/ou ampliar seus conhecimentos acerca dessa ferramenta t\u00e3o poderosa que \u00e9 o tarot!<\/p>\n<p>Se o seu desejo \u00e9 atuar como profissional do tarot, ou quem sabe utilizar uma ferramenta que possibilite ampliar seu autoconhecimento e conectar-se com a sua espiritualidade e at\u00e9 mesmo iniciar uma jornada m\u00e1gica,\u00a0este curso \u00e9 sob medida para voc\u00ea!<\/p>\n<p>Este m\u00f3dulo, com dura\u00e7\u00e3o de 4 meses, \u00e9 desenvolvido para quem nunca estudou Tarot na vida e tem vontade de aprender a ler e a compreender todos os mist\u00e9rios das 78 l\u00e2minas, para estudantes que n\u00e3o se sentem seguros em trabalhar profissionalmente com o or\u00e1culo, para tar\u00f3log@s que desejam aprimorar seu olhar e leitura sobre as cartas e para todo o p\u00fablico focado no autoconhecimento e espiritualidade, com pretens\u00f5es de trabalhar ou n\u00e3o com o tarot.<\/p>\n<p>&nbsp;<\/p>\n<p><strong><u>O curso inclui:<\/u><\/strong><\/p>\n<p>\u2705 Material Digital para Download<\/p>\n<p>\u2705 Acesso por pelo menos 12 meses \u00e0s grava\u00e7\u00f5es das aulas<\/p>\n<p>\u2705 Acesso ao grupo exclusivo de estudos com o professor Giancarlo Kind Schmid<\/p>\n<p>\u2705 Certificado de Conclus\u00e3o ao final do curso<\/p>\n","protected":false},"excerpt":{"rendered":"<p>Este curso \u00e9 para todos aqueles que desejam aprender a ler, jogar e\/ou ampliar seus conhecimentos acerca dessa ferramenta t\u00e3o poderosa que \u00e9 o tarot!<\/p>\n<p>Se o seu desejo \u00e9 atuar como profissional do tarot, ou quem sabe utilizar uma ferramenta que possibilite ampliar seu autoconhecimento e conectar-se com a sua espiritualidade e at\u00e9 mesmo iniciar uma jornada m\u00e1gica,\u00a0este curso \u00e9 sob medida para voc\u00ea!<\/p>\n<p>Este m\u00f3dulo, com dura\u00e7\u00e3o de 4 meses, \u00e9 desenvolvido para quem nunca estudou Tarot na vida e tem vontade de aprender a ler e a compreender todos os mist\u00e9rios das 78 l\u00e2minas, para estudantes que n\u00e3o se sentem seguros em trabalhar profissionalmente com o or\u00e1culo, para tar\u00f3log@s que desejam aprimorar seu olhar e leitura sobre as cartas e para todo o p\u00fablico focado no autoconhecimento e espiritualidade, com pretens\u00f5es de trabalhar ou n\u00e3o com o tarot.<\/p>\n<p>&nbsp;<\/p>\n<p><strong><u>O curso inclui:<\/u><\/strong><\/p>\n<p>\u2705 Material Digital para Download<\/p>\n<p>\u2705 Acesso por pelo menos 12 meses \u00e0s grava\u00e7\u00f5es das aulas<\/p>\n<p>\u2705 Acesso ao grupo exclusivo de estudos com o professor Giancarlo Kind Schmid<\/p>\n<p>\u2705 Certificado de Conclus\u00e3o ao final do curso<\/p>\n","protected":false},"featured_media":15279,"comment_status":"closed","ping_status":"closed","template":"","meta":{"content-type":"","_joinchat":[]},"product_brand":[],"product_cat":[101,100],"product_tag":[],"class_list":{"0":"post-15584","1":"product","2":"type-product","3":"status-publish","4":"has-post-thumbnail","6":"product_cat-oraculos","7":"product_cat-tarot","9":"first","10":"instock","11":"virtual","12":"purchasable","13":"product-type-simple"},"_links":{"self":[{"href":"https:\/\/espacomerkaba.com.br\/site\/wp-json\/wp\/v2\/product\/15584","targetHints":{"allow":["GET"]}}],"collection":[{"href":"https:\/\/espacomerkaba.com.br\/site\/wp-json\/wp\/v2\/product"}],"about":[{"href":"https:\/\/espacomerkaba.com.br\/site\/wp-json\/wp\/v2\/types\/product"}],"replies":[{"embeddable":true,"href":"https:\/\/espacomerkaba.com.br\/site\/wp-json\/wp\/v2\/comments?post=15584"}],"version-history":[{"count":3,"href":"https:\/\/espacomerkaba.com.br\/site\/wp-json\/wp\/v2\/product\/15584\/revisions"}],"predecessor-version":[{"id":15587,"href":"https:\/\/espacomerkaba.com.br\/site\/wp-json\/wp\/v2\/product\/15584\/revisions\/15587"}],"wp:featuredmedia":[{"embeddable":true,"href":"https:\/\/espacomerkaba.com.br\/site\/wp-json\/wp\/v2\/media\/15279"}],"wp:attachment":[{"href":"https:\/\/espacomerkaba.com.br\/site\/wp-json\/wp\/v2\/media?parent=15584"}],"wp:term":[{"taxonomy":"product_brand","embeddable":true,"href":"https:\/\/espacomerkaba.com.br\/site\/wp-json\/wp\/v2\/product_brand?post=15584"},{"taxonomy":"product_cat","embeddable":true,"href":"https:\/\/espacomerkaba.com.br\/site\/wp-json\/wp\/v2\/product_cat?post=15584"},{"taxonomy":"product_tag","embeddable":true,"href":"https:\/\/espacomerkaba.com.br\/site\/wp-json\/wp\/v2\/product_tag?post=15584"}],"curies":[{"name":"wp","href":"https:\/\/api.w.org\/{rel}","templated":true}]}}