{"id":15596,"date":"2024-08-22T17:50:07","date_gmt":"2024-08-22T20:50:07","guid":{"rendered":"https:\/\/espacomerkaba.com.br\/site\/?post_type=product&#038;p=15596"},"modified":"2024-08-22T17:50:07","modified_gmt":"2024-08-22T20:50:07","slug":"talismas-e-amuletos-2024","status":"publish","type":"product","link":"https:\/\/espacomerkaba.com.br\/site\/produto\/talismas-e-amuletos-2024\/","title":{"rendered":"Talism\u00e3s e Amuletos (2024)"},"content":{"rendered":"<p>A utiliza\u00e7\u00e3o de Talism\u00e3s ou objetos de poder \u00e9 t\u00e3o antiga quanto a pr\u00f3pria hist\u00f3ria humana.<\/p>\n<p>&nbsp;<\/p>\n<p>Neste curso, vamos aprender sua origem, significado, como podem ser feitos e consagrados para serem aplicados no cotidiano da sociedade moderna.<\/p>\n","protected":false},"excerpt":{"rendered":"<p>A utiliza\u00e7\u00e3o de Talism\u00e3s ou objetos de poder \u00e9 t\u00e3o antiga quanto a pr\u00f3pria hist\u00f3ria humana.<\/p>\n<p>Neste curso, vamos aprender sua origem, significado, como podem ser feitos e consagrados para serem aplicados no cotidiano da sociedade moderna.<\/p>\n","protected":false},"featured_media":15597,"comment_status":"closed","ping_status":"closed","template":"","meta":{"content-type":"","_joinchat":[]},"product_brand":[],"product_cat":[105,102],"product_tag":[],"class_list":{"0":"post-15596","1":"product","2":"type-product","3":"status-publish","4":"has-post-thumbnail","6":"product_cat-espiritualidade","7":"product_cat-magia","9":"first","10":"instock","11":"virtual","12":"purchasable","13":"product-type-simple"},"_links":{"self":[{"href":"https:\/\/espacomerkaba.com.br\/site\/wp-json\/wp\/v2\/product\/15596","targetHints":{"allow":["GET"]}}],"collection":[{"href":"https:\/\/espacomerkaba.com.br\/site\/wp-json\/wp\/v2\/product"}],"about":[{"href":"https:\/\/espacomerkaba.com.br\/site\/wp-json\/wp\/v2\/types\/product"}],"replies":[{"embeddable":true,"href":"https:\/\/espacomerkaba.com.br\/site\/wp-json\/wp\/v2\/comments?post=15596"}],"version-history":[{"count":1,"href":"https:\/\/espacomerkaba.com.br\/site\/wp-json\/wp\/v2\/product\/15596\/revisions"}],"predecessor-version":[{"id":15598,"href":"https:\/\/espacomerkaba.com.br\/site\/wp-json\/wp\/v2\/product\/15596\/revisions\/15598"}],"wp:featuredmedia":[{"embeddable":true,"href":"https:\/\/espacomerkaba.com.br\/site\/wp-json\/wp\/v2\/media\/15597"}],"wp:attachment":[{"href":"https:\/\/espacomerkaba.com.br\/site\/wp-json\/wp\/v2\/media?parent=15596"}],"wp:term":[{"taxonomy":"product_brand","embeddable":true,"href":"https:\/\/espacomerkaba.com.br\/site\/wp-json\/wp\/v2\/product_brand?post=15596"},{"taxonomy":"product_cat","embeddable":true,"href":"https:\/\/espacomerkaba.com.br\/site\/wp-json\/wp\/v2\/product_cat?post=15596"},{"taxonomy":"product_tag","embeddable":true,"href":"https:\/\/espacomerkaba.com.br\/site\/wp-json\/wp\/v2\/product_tag?post=15596"}],"curies":[{"name":"wp","href":"https:\/\/api.w.org\/{rel}","templated":true}]}}