{"id":15625,"date":"2024-08-23T11:34:20","date_gmt":"2024-08-23T14:34:20","guid":{"rendered":"https:\/\/espacomerkaba.com.br\/site\/?post_type=product&#038;p=15625"},"modified":"2024-08-23T11:57:48","modified_gmt":"2024-08-23T14:57:48","slug":"conexoes-2024","status":"publish","type":"product","link":"https:\/\/espacomerkaba.com.br\/site\/produto\/conexoes-2024\/","title":{"rendered":"Conex\u00f5es 2024"},"content":{"rendered":"<p>A segunda edi\u00e7\u00e3o do evento CONEX\u00d5ES &#8211; VIV\u00caNCIA IMERSIVA tem como prop\u00f3sito oferecer tr\u00eas dias dedicados aos estudos e pr\u00e1ticas do Tarot, Magia Enochiana, Qabalah e Tai Chi Chuan.<\/p>\n<p>Este evento ser\u00e1 especialmente focado na pr\u00e1tica dos temas explorados nos cursos ministrados por Frater Goya no Espa\u00e7o Merkaba. \u00c9 uma oportunidade \u00fanica para praticarmos juntos, sob a supervis\u00e3o e orienta\u00e7\u00e3o do professor e dos tutores que nos acompanham ao longo do ano. E o mais importante: n\u00e3o \u00e9 necess\u00e1rio ter frequentado os cursos anteriores para participar, pois as pr\u00e1ticas ser\u00e3o conduzidas de forma que tanto alunos<br \/>\nquanto n\u00e3o-alunos possam se envolver plenamente e colher os benef\u00edcios dessa intera\u00e7\u00e3o.<\/p>\n<p>Junte-se a n\u00f3s para compartilhar experi\u00eancias e, acima de tudo, para ter a oportunidade de vivenciar a magia al\u00e9m da teoria.<\/p>\n","protected":false},"excerpt":{"rendered":"<p>A segunda edi\u00e7\u00e3o do evento CONEX\u00d5ES &#8211; VIV\u00caNCIA IMERSIVA tem como prop\u00f3sito oferecer tr\u00eas dias dedicados aos estudos e pr\u00e1ticas do Tarot, Magia Enochiana, Qabalah e Tai Chi Chuan.<\/p>\n<p>Este evento ser\u00e1 especialmente focado na pr\u00e1tica dos temas explorados nos cursos ministrados por Frater Goya no Espa\u00e7o Merkaba. \u00c9 uma oportunidade \u00fanica para praticarmos juntos, sob a supervis\u00e3o e orienta\u00e7\u00e3o do professor e dos tutores que nos acompanham ao longo do ano. E o mais importante: n\u00e3o \u00e9 necess\u00e1rio ter frequentado os cursos anteriores para participar, pois as pr\u00e1ticas ser\u00e3o conduzidas de forma que tanto alunos<br \/>\nquanto n\u00e3o-alunos possam se envolver plenamente e colher os benef\u00edcios dessa intera\u00e7\u00e3o.<\/p>\n<p>Junte-se a n\u00f3s para compartilhar experi\u00eancias e, acima de tudo, para ter a oportunidade de vivenciar a magia al\u00e9m da teoria.<\/p>\n","protected":false},"featured_media":15632,"comment_status":"closed","ping_status":"closed","template":"","meta":{"content-type":"","_joinchat":[]},"product_brand":[],"product_cat":[105,106,102],"product_tag":[215,214,216,212,213,187,183],"class_list":{"0":"post-15625","1":"product","2":"type-product","3":"status-publish","4":"has-post-thumbnail","6":"product_cat-espiritualidade","7":"product_cat-eventos","8":"product_cat-magia","9":"product_tag-autoconhecimento","10":"product_tag-conexoes","11":"product_tag-espiritualidade","12":"product_tag-evento-magia","13":"product_tag-evento-tarot","14":"product_tag-magia","15":"product_tag-tarot","17":"first","18":"instock","19":"virtual","20":"purchasable","21":"product-type-simple"},"_links":{"self":[{"href":"https:\/\/espacomerkaba.com.br\/site\/wp-json\/wp\/v2\/product\/15625","targetHints":{"allow":["GET"]}}],"collection":[{"href":"https:\/\/espacomerkaba.com.br\/site\/wp-json\/wp\/v2\/product"}],"about":[{"href":"https:\/\/espacomerkaba.com.br\/site\/wp-json\/wp\/v2\/types\/product"}],"replies":[{"embeddable":true,"href":"https:\/\/espacomerkaba.com.br\/site\/wp-json\/wp\/v2\/comments?post=15625"}],"version-history":[{"count":1,"href":"https:\/\/espacomerkaba.com.br\/site\/wp-json\/wp\/v2\/product\/15625\/revisions"}],"predecessor-version":[{"id":15627,"href":"https:\/\/espacomerkaba.com.br\/site\/wp-json\/wp\/v2\/product\/15625\/revisions\/15627"}],"wp:featuredmedia":[{"embeddable":true,"href":"https:\/\/espacomerkaba.com.br\/site\/wp-json\/wp\/v2\/media\/15632"}],"wp:attachment":[{"href":"https:\/\/espacomerkaba.com.br\/site\/wp-json\/wp\/v2\/media?parent=15625"}],"wp:term":[{"taxonomy":"product_brand","embeddable":true,"href":"https:\/\/espacomerkaba.com.br\/site\/wp-json\/wp\/v2\/product_brand?post=15625"},{"taxonomy":"product_cat","embeddable":true,"href":"https:\/\/espacomerkaba.com.br\/site\/wp-json\/wp\/v2\/product_cat?post=15625"},{"taxonomy":"product_tag","embeddable":true,"href":"https:\/\/espacomerkaba.com.br\/site\/wp-json\/wp\/v2\/product_tag?post=15625"}],"curies":[{"name":"wp","href":"https:\/\/api.w.org\/{rel}","templated":true}]}}