{"id":15641,"date":"2024-08-25T14:09:55","date_gmt":"2024-08-25T17:09:55","guid":{"rendered":"https:\/\/espacomerkaba.com.br\/site\/?post_type=product&#038;p=15641"},"modified":"2024-08-25T14:09:55","modified_gmt":"2024-08-25T17:09:55","slug":"oraculos-digitais","status":"publish","type":"product","link":"https:\/\/espacomerkaba.com.br\/site\/produto\/oraculos-digitais\/","title":{"rendered":"Or\u00e1culos Digitais"},"content":{"rendered":"<p>As redes sociais s\u00e3o hoje uma ferramenta essencial para a divulga\u00e7\u00e3o de cursos e atendimentos oraculares. Elas oferecem um alcance significativamente ampliado, permitem uma intera\u00e7\u00e3o direta e imediata com o p\u00fablico e proporcionam excelente custo-benef\u00edcio na publicidade.<\/p>\n<p>Este curso tem como objetivo capacitar voc\u00ea a explorar diversas ferramentas para a cria\u00e7\u00e3o de sua marca e conte\u00fado, utilizando-as estrategicamente para aumentar sua visibilidade, expandir seu p\u00fablico e, como resultado, impulsionar suas vendas. Crie sua hist\u00f3ria de sucesso!<\/p>\n","protected":false},"excerpt":{"rendered":"<p>As redes sociais s\u00e3o hoje uma ferramenta essencial para a divulga\u00e7\u00e3o de cursos e atendimentos oraculares. Elas oferecem um alcance significativamente ampliado, permitem uma intera\u00e7\u00e3o direta e imediata com o p\u00fablico e proporcionam excelente custo-benef\u00edcio na publicidade.<\/p>\n<p>Este curso tem como objetivo capacitar voc\u00ea a explorar diversas ferramentas para a cria\u00e7\u00e3o de sua marca e conte\u00fado, utilizando-as estrategicamente para aumentar sua visibilidade, expandir seu p\u00fablico e, como resultado, impulsionar suas vendas. Crie sua hist\u00f3ria de sucesso!<\/p>\n","protected":false},"featured_media":15642,"comment_status":"closed","ping_status":"closed","template":"","meta":{"content-type":"","_joinchat":[]},"product_brand":[],"product_cat":[101,220],"product_tag":[],"class_list":{"0":"post-15641","1":"product","2":"type-product","3":"status-publish","4":"has-post-thumbnail","6":"product_cat-oraculos","7":"product_cat-redes-socias","9":"first","10":"instock","11":"virtual","12":"purchasable","13":"product-type-simple"},"_links":{"self":[{"href":"https:\/\/espacomerkaba.com.br\/site\/wp-json\/wp\/v2\/product\/15641","targetHints":{"allow":["GET"]}}],"collection":[{"href":"https:\/\/espacomerkaba.com.br\/site\/wp-json\/wp\/v2\/product"}],"about":[{"href":"https:\/\/espacomerkaba.com.br\/site\/wp-json\/wp\/v2\/types\/product"}],"replies":[{"embeddable":true,"href":"https:\/\/espacomerkaba.com.br\/site\/wp-json\/wp\/v2\/comments?post=15641"}],"version-history":[{"count":1,"href":"https:\/\/espacomerkaba.com.br\/site\/wp-json\/wp\/v2\/product\/15641\/revisions"}],"predecessor-version":[{"id":15643,"href":"https:\/\/espacomerkaba.com.br\/site\/wp-json\/wp\/v2\/product\/15641\/revisions\/15643"}],"wp:featuredmedia":[{"embeddable":true,"href":"https:\/\/espacomerkaba.com.br\/site\/wp-json\/wp\/v2\/media\/15642"}],"wp:attachment":[{"href":"https:\/\/espacomerkaba.com.br\/site\/wp-json\/wp\/v2\/media?parent=15641"}],"wp:term":[{"taxonomy":"product_brand","embeddable":true,"href":"https:\/\/espacomerkaba.com.br\/site\/wp-json\/wp\/v2\/product_brand?post=15641"},{"taxonomy":"product_cat","embeddable":true,"href":"https:\/\/espacomerkaba.com.br\/site\/wp-json\/wp\/v2\/product_cat?post=15641"},{"taxonomy":"product_tag","embeddable":true,"href":"https:\/\/espacomerkaba.com.br\/site\/wp-json\/wp\/v2\/product_tag?post=15641"}],"curies":[{"name":"wp","href":"https:\/\/api.w.org\/{rel}","templated":true}]}}