{"id":15740,"date":"2024-11-25T20:04:19","date_gmt":"2024-11-25T23:04:19","guid":{"rendered":"https:\/\/espacomerkaba.com.br\/site\/?post_type=product&#038;p=15740"},"modified":"2024-11-25T20:05:57","modified_gmt":"2024-11-25T23:05:57","slug":"magia-sexual-2024","status":"publish","type":"product","link":"https:\/\/espacomerkaba.com.br\/site\/produto\/magia-sexual-2024\/","title":{"rendered":"Magia Sexual (2024)"},"content":{"rendered":"<p>\u201cSexo \u00e9 a sagrada can\u00e7\u00e3o da alma. Sexo \u00e9 o santu\u00e1rio do Ser.&#8221; (Aleister Crowley)<\/p>\n<p>Voc\u00ea sabia que todos fazem magia sexual? Partindo do pressuposto que fazer errado \u00e9 ainda fazer, h\u00e1 um desperd\u00edcio de uma energia natural que est\u00e1 acess\u00edvel a todos. Mesmo os abst\u00eamios das rela\u00e7\u00f5es sexuais, podem utilizar essa for\u00e7a como alquimia interna. Quer saber como?<\/p>\n<p>Este curso, dividido em dois m\u00f3dulos, foi pensando nos interessados que desejam conhecer e explorar um poder que nasce com todos, mas um tabu na nossa sociedade.<\/p>\n<p>O curso apresentar\u00e1 os conceitos b\u00e1sicos da magia sexual desde o Tantra, passando pela Alquimia Chinesa, Vampirismo, a vis\u00e3o europeia com Aleister Crowley, Austin Osman Spare, Magia do Caos, Frater U.D. dentre outras abordagens. Foi desenvolvido para os que desconhecem o assunto e tamb\u00e9m para os que j\u00e1 conhecem, mas desejam ampliar a sua vis\u00e3o e experi\u00eancias.<\/p>\n","protected":false},"excerpt":{"rendered":"<p>\u201cSexo \u00e9 a sagrada can\u00e7\u00e3o da alma. Sexo \u00e9 o santu\u00e1rio do Ser.&#8221; (Aleister Crowley)<\/p>\n<p>Voc\u00ea sabia que todos fazem magia sexual? Partindo do pressuposto que fazer errado \u00e9 ainda fazer, h\u00e1 um desperd\u00edcio de uma energia natural que est\u00e1 acess\u00edvel a todos. Mesmo os abst\u00eamios das rela\u00e7\u00f5es sexuais, podem utilizar essa for\u00e7a como alquimia interna. Quer saber como?<\/p>\n<p>Este curso, dividido em dois m\u00f3dulos, foi pensando nos interessados que desejam conhecer e explorar um poder que nasce com todos, mas um tabu na nossa sociedade.<\/p>\n<p>O curso apresentar\u00e1 os conceitos b\u00e1sicos da magia sexual desde o Tantra, passando pela Alquimia Chinesa, Vampirismo, a vis\u00e3o europeia com Aleister Crowley, Austin Osman Spare, Magia do Caos, Frater U.D. dentre outras abordagens. Foi desenvolvido para os que desconhecem o assunto e tamb\u00e9m para os que j\u00e1 conhecem, mas desejam ampliar a sua vis\u00e3o e experi\u00eancias.<\/p>\n","protected":false},"featured_media":15741,"comment_status":"closed","ping_status":"closed","template":"","meta":{"content-type":"","_joinchat":[]},"product_brand":[],"product_cat":[105,102],"product_tag":[],"class_list":{"0":"post-15740","1":"product","2":"type-product","3":"status-publish","4":"has-post-thumbnail","6":"product_cat-espiritualidade","7":"product_cat-magia","9":"first","10":"instock","11":"virtual","12":"purchasable","13":"product-type-simple"},"_links":{"self":[{"href":"https:\/\/espacomerkaba.com.br\/site\/wp-json\/wp\/v2\/product\/15740","targetHints":{"allow":["GET"]}}],"collection":[{"href":"https:\/\/espacomerkaba.com.br\/site\/wp-json\/wp\/v2\/product"}],"about":[{"href":"https:\/\/espacomerkaba.com.br\/site\/wp-json\/wp\/v2\/types\/product"}],"replies":[{"embeddable":true,"href":"https:\/\/espacomerkaba.com.br\/site\/wp-json\/wp\/v2\/comments?post=15740"}],"version-history":[{"count":1,"href":"https:\/\/espacomerkaba.com.br\/site\/wp-json\/wp\/v2\/product\/15740\/revisions"}],"predecessor-version":[{"id":15742,"href":"https:\/\/espacomerkaba.com.br\/site\/wp-json\/wp\/v2\/product\/15740\/revisions\/15742"}],"wp:featuredmedia":[{"embeddable":true,"href":"https:\/\/espacomerkaba.com.br\/site\/wp-json\/wp\/v2\/media\/15741"}],"wp:attachment":[{"href":"https:\/\/espacomerkaba.com.br\/site\/wp-json\/wp\/v2\/media?parent=15740"}],"wp:term":[{"taxonomy":"product_brand","embeddable":true,"href":"https:\/\/espacomerkaba.com.br\/site\/wp-json\/wp\/v2\/product_brand?post=15740"},{"taxonomy":"product_cat","embeddable":true,"href":"https:\/\/espacomerkaba.com.br\/site\/wp-json\/wp\/v2\/product_cat?post=15740"},{"taxonomy":"product_tag","embeddable":true,"href":"https:\/\/espacomerkaba.com.br\/site\/wp-json\/wp\/v2\/product_tag?post=15740"}],"curies":[{"name":"wp","href":"https:\/\/api.w.org\/{rel}","templated":true}]}}