{"id":15759,"date":"2024-11-25T20:41:09","date_gmt":"2024-11-25T23:41:09","guid":{"rendered":"https:\/\/espacomerkaba.com.br\/site\/?post_type=product&#038;p=15759"},"modified":"2024-11-25T20:41:32","modified_gmt":"2024-11-25T23:41:32","slug":"autodefesa-astral-e-psiquica-2024","status":"publish","type":"product","link":"https:\/\/espacomerkaba.com.br\/site\/produto\/autodefesa-astral-e-psiquica-2024\/","title":{"rendered":"Autodefesa Astral e Ps\u00edquica (2024)"},"content":{"rendered":"<p>Voc\u00ea possui algum desses sintomas?<\/p>\n<ul>\n<li>Desequil\u00edbrio ou exaust\u00e3o nervosa sem justificativas recentes ou plaus\u00edveis;<\/li>\n<li>Inseguran\u00e7a extrema, ang\u00fastias;<\/li>\n<li>Exaust\u00e3o f\u00edsica mesmo quando bem alimentado e com repouso suficiente;<\/li>\n<li>Desgaste de condi\u00e7\u00f5es f\u00edsicas ou doen\u00e7as inusitadas e sem explica\u00e7\u00e3o, quando nenhum tratamento parece surtir efeito.<\/li>\n<li>Pesadelos constantes;<\/li>\n<li>Pensamentos obsessivos;<\/li>\n<li>Marcas sem justificativa na pele;<\/li>\n<li>Odores desagrad\u00e1veis repentinos ou sem justificativa;<\/li>\n<li>Quebra de objetos dentro de casa, ou coisas caindo da estante;<\/li>\n<li>Mudan\u00e7a repentina de sorte\/azar;<\/li>\n<li>Quebra de harmonia no lar;<\/li>\n<li>Perdas financeiras frequentes, ou desemprego de uma situa\u00e7\u00e3o antes est\u00e1vel;<\/li>\n<li>Perda repentina da libido, etc.Ent\u00e3o voc\u00ea pode ser uma v\u00edtima de ataque astral!<\/li>\n<\/ul>\n","protected":false},"excerpt":{"rendered":"<p>Voc\u00ea possui algum desses sintomas?<\/p>\n<ul>\n<li>Desequil\u00edbrio ou exaust\u00e3o nervosa sem justificativas recentes ou plaus\u00edveis;<\/li>\n<li>Inseguran\u00e7a extrema, ang\u00fastias;<\/li>\n<li>Exaust\u00e3o f\u00edsica mesmo quando bem alimentado e com repouso suficiente;<\/li>\n<li>Desgaste de condi\u00e7\u00f5es f\u00edsicas ou doen\u00e7as inusitadas e sem explica\u00e7\u00e3o, quando nenhum tratamento parece surtir efeito.<\/li>\n<li>Pesadelos constantes;<\/li>\n<li>Pensamentos obsessivos;<\/li>\n<li>Marcas sem justificativa na pele;<\/li>\n<li>Odores desagrad\u00e1veis repentinos ou sem justificativa;<\/li>\n<li>Quebra de objetos dentro de casa, ou coisas caindo da estante;<\/li>\n<li>Mudan\u00e7a repentina de sorte\/azar;<\/li>\n<li>Quebra de harmonia no lar;<\/li>\n<li>Perdas financeiras frequentes, ou desemprego de uma situa\u00e7\u00e3o antes est\u00e1vel;<\/li>\n<li>Perda repentina da libido, etc.Ent\u00e3o voc\u00ea pode ser uma v\u00edtima de ataque astral!<\/li>\n<\/ul>\n","protected":false},"featured_media":15340,"comment_status":"closed","ping_status":"closed","template":"","meta":{"content-type":"","_joinchat":[]},"product_brand":[],"product_cat":[105,102],"product_tag":[187],"class_list":{"0":"post-15759","1":"product","2":"type-product","3":"status-publish","4":"has-post-thumbnail","6":"product_cat-espiritualidade","7":"product_cat-magia","8":"product_tag-magia","10":"first","11":"instock","12":"virtual","13":"purchasable","14":"product-type-simple"},"_links":{"self":[{"href":"https:\/\/espacomerkaba.com.br\/site\/wp-json\/wp\/v2\/product\/15759","targetHints":{"allow":["GET"]}}],"collection":[{"href":"https:\/\/espacomerkaba.com.br\/site\/wp-json\/wp\/v2\/product"}],"about":[{"href":"https:\/\/espacomerkaba.com.br\/site\/wp-json\/wp\/v2\/types\/product"}],"replies":[{"embeddable":true,"href":"https:\/\/espacomerkaba.com.br\/site\/wp-json\/wp\/v2\/comments?post=15759"}],"version-history":[{"count":1,"href":"https:\/\/espacomerkaba.com.br\/site\/wp-json\/wp\/v2\/product\/15759\/revisions"}],"predecessor-version":[{"id":15760,"href":"https:\/\/espacomerkaba.com.br\/site\/wp-json\/wp\/v2\/product\/15759\/revisions\/15760"}],"wp:featuredmedia":[{"embeddable":true,"href":"https:\/\/espacomerkaba.com.br\/site\/wp-json\/wp\/v2\/media\/15340"}],"wp:attachment":[{"href":"https:\/\/espacomerkaba.com.br\/site\/wp-json\/wp\/v2\/media?parent=15759"}],"wp:term":[{"taxonomy":"product_brand","embeddable":true,"href":"https:\/\/espacomerkaba.com.br\/site\/wp-json\/wp\/v2\/product_brand?post=15759"},{"taxonomy":"product_cat","embeddable":true,"href":"https:\/\/espacomerkaba.com.br\/site\/wp-json\/wp\/v2\/product_cat?post=15759"},{"taxonomy":"product_tag","embeddable":true,"href":"https:\/\/espacomerkaba.com.br\/site\/wp-json\/wp\/v2\/product_tag?post=15759"}],"curies":[{"name":"wp","href":"https:\/\/api.w.org\/{rel}","templated":true}]}}