{"id":15875,"date":"2025-03-31T13:59:11","date_gmt":"2025-03-31T16:59:11","guid":{"rendered":"https:\/\/espacomerkaba.com.br\/site\/?post_type=product&#038;p=15875"},"modified":"2026-01-21T15:23:02","modified_gmt":"2026-01-21T18:23:02","slug":"curso-completo-de-especializacao-terapeutico","status":"publish","type":"product","link":"https:\/\/espacomerkaba.com.br\/site\/produto\/curso-completo-de-especializacao-terapeutico\/","title":{"rendered":"Curso Completo de Especializa\u00e7\u00e3o em Tarot Terap\u00eautico"},"content":{"rendered":"<p>Chegou a hora de mergulhar na riqueza simb\u00f3lica do tarot e transformar sua vida!\u00a0 Seja para aprofundar seu autoconhecimento ou para trilhar uma jornada profissional como oraculista de destaque, esta \u00e9 a sua chance.<\/p>\n<p>\u2728 O Curso completo de especializa\u00e7\u00e3o em tarot, tem dura\u00e7\u00e3o de 7 m\u00f3dulos com conte\u00fado exclusivo, para dominar todos os aspectos dessa arte milenar <span class=\"OYPEnA font-feature-liga-off font-feature-clig-off font-feature-calt-off text-decoration-none text-strikethrough-none\">com foco na sa\u00fade e no autoconhecimento.<\/span><\/p>\n<p>Aproveite a chance de aprimorar suas habilidades no tarot e desvendar os mist\u00e9rios das cartas que moldam nossas vidas. Junte-se a n\u00f3s nessa jornada enriquecedora e transformadora!<\/p>\n<p>&nbsp;<\/p>\n<p>\u2728 <strong>Especializa\u00e7\u00e3o em Tarot Terap\u00eautico<\/strong><\/p>\n<p>Composto por 7 m\u00f3dulos, esta especializa\u00e7\u00e3o \u00e9 voltada para o <strong>uso terap\u00eautico do tarot<\/strong>, ajudando no autoconhecimento e equil\u00edbrio emocional. Voc\u00ea aprender\u00e1 a simbologia das cartas com enfoque terap\u00eautico e ir\u00e1 dominar m\u00e9todos e combina\u00e7\u00f5es para aplicar o tarot na \u00e1rea da sa\u00fade e bem-estar. Confira:<\/p>\n<ul>\n<li>Arcanos Maiores<\/li>\n<li>Arcanos Menores<\/li>\n<li>Tarot e Sa\u00fade<\/li>\n<li>Tarot e Florais<\/li>\n<li>Tarot e Personalidades<\/li>\n<li>Mandala Terap\u00eautica I \u2013 Conceitos<\/li>\n<li>Mandala Terap\u00eautica II \u2013 Pr\u00e1ticas<\/li>\n<\/ul>\n<p>&nbsp;<\/p>\n<p>O curso inclui:<\/p>\n<p>\u2705 Material Digital para Download<br \/>\n\u2705 Acesso por pelo menos 12 meses \u00e0s grava\u00e7\u00f5es das aulas<br \/>\n\u2705 Acesso ao grupo exclusivo de estudos com o professor Giancarlo Kind Schmid<br \/>\n\u2705 Certificado de Conclus\u00e3o ao final do curso<\/p>\n<p>&nbsp;<\/p>\n<p>Informa\u00e7\u00f5es importantes:<\/p>\n<p>\u2022 A aula \u00e9 composta por m\u00f3dulos gravados.<br \/>\n\u2022 Ap\u00f3s a transmiss\u00e3o, a grava\u00e7\u00e3o da aula ser\u00e1 disponibilizada para os alunos por um per\u00edodo m\u00ednimo de 12 meses.<br \/>\n\u2022 O material do curso ser\u00e1 disponibilizado para download ao aluno. O mesmo se compromete a n\u00e3o compartilhar v\u00eddeos, textos, imagens ou qualquer outro material referente ao curso adquirido (sess\u00e3o de uso) com terceiros, sob pena do artigo 184 do C\u00f3digo Penal.<br \/>\n\u2022 Todos os alunos em curso ter\u00e3o acesso ao grupo de estudos via WhatsApp com o professor, para o esclarecimento de d\u00favidas, pr\u00e1ticas e trocas.<br \/>\n\u2022 O Certificado de Conclus\u00e3o ser\u00e1 emitido ap\u00f3s o curso e enviado aos alunos que realizarem todas as aulas e forem apontados como aptos \/ aprovados pelo professor.<\/p>\n<p>&nbsp;<\/p>\n<p>Ao realizar sua inscri\u00e7\u00e3o e matr\u00edcula no curso, o aluno concorda com todos os termos citados neste documento.<\/p>\n","protected":false},"excerpt":{"rendered":"<p>Chegou a hora de mergulhar na riqueza simb\u00f3lica do tarot e transformar sua vida!\u00a0 Seja para aprofundar seu autoconhecimento ou para trilhar uma jornada profissional como oraculista de destaque, esta \u00e9 a sua chance.<\/p>\n<p>\u2728 O Curso completo de especializa\u00e7\u00e3o em tarot, tem dura\u00e7\u00e3o de 7 m\u00f3dulos com conte\u00fado exclusivo, para dominar todos os aspectos dessa arte milenar <span class=\"OYPEnA font-feature-liga-off font-feature-clig-off font-feature-calt-off text-decoration-none text-strikethrough-none\">com foco na sa\u00fade e no autoconhecimento.<\/span><\/p>\n<p>Aproveite a chance de aprimorar suas habilidades no tarot e desvendar os mist\u00e9rios das cartas que moldam nossas vidas. Junte-se a n\u00f3s nessa jornada enriquecedora e transformadora!<\/p>\n<p>&nbsp;<\/p>\n<p>\u2728 <strong>Especializa\u00e7\u00e3o em Tarot Terap\u00eautico<\/strong><\/p>\n<p>Composto por 7 m\u00f3dulos, esta especializa\u00e7\u00e3o \u00e9 voltada para o <strong>uso terap\u00eautico do tarot<\/strong>, ajudando no autoconhecimento e equil\u00edbrio emocional. Voc\u00ea aprender\u00e1 a simbologia das cartas com enfoque terap\u00eautico e ir\u00e1 dominar m\u00e9todos e combina\u00e7\u00f5es para aplicar o tarot na \u00e1rea da sa\u00fade e bem-estar. Confira:<\/p>\n<ul>\n<li>Arcanos Maiores<\/li>\n<li>Arcanos Menores<\/li>\n<li>Tarot e Sa\u00fade<\/li>\n<li>Tarot e Florais<\/li>\n<li>Tarot e Personalidades<\/li>\n<li>Mandala Terap\u00eautica I \u2013 Conceitos<\/li>\n<li>Mandala Terap\u00eautica II \u2013 Pr\u00e1ticas<\/li>\n<\/ul>\n<p>&nbsp;<\/p>\n<p>O curso inclui:<\/p>\n<p>\u2705 Material Digital para Download<br \/>\n\u2705 Acesso por pelo menos 12 meses \u00e0s grava\u00e7\u00f5es das aulas<br \/>\n\u2705 Acesso ao grupo exclusivo de estudos com o professor Giancarlo Kind Schmid<br \/>\n\u2705 Certificado de Conclus\u00e3o ao final do curso<\/p>\n<p>&nbsp;<\/p>\n<p>Informa\u00e7\u00f5es importantes:<\/p>\n<p>\u2022 A aula \u00e9 composta por m\u00f3dulos gravados.<br \/>\n\u2022 Ap\u00f3s a transmiss\u00e3o, a grava\u00e7\u00e3o da aula ser\u00e1 disponibilizada para os alunos por um per\u00edodo m\u00ednimo de 12 meses.<br \/>\n\u2022 O material do curso ser\u00e1 disponibilizado para download ao aluno. O mesmo se compromete a n\u00e3o compartilhar v\u00eddeos, textos, imagens ou qualquer outro material referente ao curso adquirido (sess\u00e3o de uso) com terceiros, sob pena do artigo 184 do C\u00f3digo Penal.<br \/>\n\u2022 Todos os alunos em curso ter\u00e3o acesso ao grupo de estudos via WhatsApp com o professor, para o esclarecimento de d\u00favidas, pr\u00e1ticas e trocas.<br \/>\n\u2022 O Certificado de Conclus\u00e3o ser\u00e1 emitido ap\u00f3s o curso e enviado aos alunos que realizarem todas as aulas e forem apontados como aptos \/ aprovados pelo professor.<\/p>\n<p>&nbsp;<\/p>\n<p>Ao realizar sua inscri\u00e7\u00e3o e matr\u00edcula no curso, o aluno concorda com todos os termos citados neste documento.<\/p>\n","protected":false},"featured_media":15900,"comment_status":"closed","ping_status":"closed","template":"","meta":{"content-type":"","_joinchat":[]},"product_brand":[],"product_cat":[105,101,100],"product_tag":[],"class_list":{"0":"post-15875","1":"product","2":"type-product","3":"status-publish","4":"has-post-thumbnail","6":"product_cat-espiritualidade","7":"product_cat-oraculos","8":"product_cat-tarot","10":"first","11":"instock","12":"sale","13":"virtual","14":"purchasable","15":"product-type-simple"},"_links":{"self":[{"href":"https:\/\/espacomerkaba.com.br\/site\/wp-json\/wp\/v2\/product\/15875","targetHints":{"allow":["GET"]}}],"collection":[{"href":"https:\/\/espacomerkaba.com.br\/site\/wp-json\/wp\/v2\/product"}],"about":[{"href":"https:\/\/espacomerkaba.com.br\/site\/wp-json\/wp\/v2\/types\/product"}],"replies":[{"embeddable":true,"href":"https:\/\/espacomerkaba.com.br\/site\/wp-json\/wp\/v2\/comments?post=15875"}],"version-history":[{"count":4,"href":"https:\/\/espacomerkaba.com.br\/site\/wp-json\/wp\/v2\/product\/15875\/revisions"}],"predecessor-version":[{"id":16745,"href":"https:\/\/espacomerkaba.com.br\/site\/wp-json\/wp\/v2\/product\/15875\/revisions\/16745"}],"wp:featuredmedia":[{"embeddable":true,"href":"https:\/\/espacomerkaba.com.br\/site\/wp-json\/wp\/v2\/media\/15900"}],"wp:attachment":[{"href":"https:\/\/espacomerkaba.com.br\/site\/wp-json\/wp\/v2\/media?parent=15875"}],"wp:term":[{"taxonomy":"product_brand","embeddable":true,"href":"https:\/\/espacomerkaba.com.br\/site\/wp-json\/wp\/v2\/product_brand?post=15875"},{"taxonomy":"product_cat","embeddable":true,"href":"https:\/\/espacomerkaba.com.br\/site\/wp-json\/wp\/v2\/product_cat?post=15875"},{"taxonomy":"product_tag","embeddable":true,"href":"https:\/\/espacomerkaba.com.br\/site\/wp-json\/wp\/v2\/product_tag?post=15875"}],"curies":[{"name":"wp","href":"https:\/\/api.w.org\/{rel}","templated":true}]}}