{"id":16000,"date":"2025-06-30T12:54:15","date_gmt":"2025-06-30T15:54:15","guid":{"rendered":"https:\/\/espacomerkaba.com.br\/site\/?post_type=product&#038;p=16000"},"modified":"2026-01-21T15:20:29","modified_gmt":"2026-01-21T18:20:29","slug":"curso-combinacoes-arcanos-maiores-e-menores-do-tarot","status":"publish","type":"product","link":"https:\/\/espacomerkaba.com.br\/site\/produto\/curso-combinacoes-arcanos-maiores-e-menores-do-tarot\/","title":{"rendered":"Curso Combina\u00e7\u00f5es &#8211; Arcanos Maiores e Menores do Tarot"},"content":{"rendered":"<p>N\u00e3o basta que saibamos apenas realizar a an\u00e1lise simb\u00f3lica e conhecer a natureza de cada uma as 78 l\u00e2minas do tarot. Para uma leitura rica e abrangente \u00e9 necess\u00e1rio que saibamos combin\u00e1-las entre si, e sendo assim, por meio deste curso, propomos o estudo e a pr\u00e1tica envolvendo os arcanos maiores e menores, visando o entendimento das combina\u00e7\u00f5es em sua natureza, simb\u00f3lica e ess\u00eancia, permitindo alcan\u00e7ar um maior dinamismo e aprofundamento da leitura do tarot.<\/p>\n<p>Com um conte\u00fado ricamente ilustrado, realizaremos o estudo te\u00f3rico e pr\u00e1tico dessas combina\u00e7\u00f5es e interpreta\u00e7\u00f5es, utilizando m\u00e9todos acess\u00edveis para quest\u00f5es objetivas.<\/p>\n<p>Temas abordados no Curso:<\/p>\n<p>\u2022 Hierarquia dos Arcanos Maiores e Menores<br \/>\n\u2022 Dom\u00ednios dos Arcanos<br \/>\n\u2022 Pontes Simb\u00f3licas<br \/>\n\u2022 Resolvendo os Conflitos Arcanos<br \/>\n\u2022 Pr\u00e1ticas com os 78 Arcanos<\/p>\n<p>O curso inclui:<\/p>\n<p>\u2705 Material Digital para Download<br \/>\n\u2705 Acesso por pelo menos 12 meses \u00e0s grava\u00e7\u00f5es das aulas<br \/>\n\u2705 Acesso ao grupo exclusivo de estudos com o professor Giancarlo Kind Schmid<br \/>\n\u2705 Certificado de Conclus\u00e3o ao final do curso<\/p>\n<p>&nbsp;<\/p>\n<p>Informa\u00e7\u00f5es importantes:<\/p>\n<p>\u2022 A aula \u00e9 composta por uma grava\u00e7\u00e3o.<br \/>\n\u2022 Ap\u00f3s a transmiss\u00e3o, a grava\u00e7\u00e3o da aula ser\u00e1 disponibilizada para os alunos por um per\u00edodo m\u00ednimo de 12 meses.<br \/>\n\u2022 O material do curso ser\u00e1 disponibilizado para download ao aluno. O mesmo se compromete a n\u00e3o compartilhar v\u00eddeos, textos, imagens ou qualquer outro material referente ao curso adquirido (sess\u00e3o de uso) com terceiros, sob pena do artigo 184 do C\u00f3digo Penal.<br \/>\n\u2022 Todos os alunos em curso ter\u00e3o acesso ao grupo de estudos via WhatsApp com o professor, para o esclarecimento de d\u00favidas, pr\u00e1ticas e trocas.<br \/>\n\u2022 O Certificado de Conclus\u00e3o ser\u00e1 emitido ap\u00f3s o curso e enviado aos alunos que realizarem todas as aulas e forem apontados como aptos \/ aprovados pelo professor.<\/p>\n<p>&nbsp;<\/p>\n<p>Ao realizar sua inscri\u00e7\u00e3o e matr\u00edcula no curso, o aluno concorda com todos os termos citados neste documento.<\/p>\n","protected":false},"excerpt":{"rendered":"<p>N\u00e3o basta que saibamos apenas realizar a an\u00e1lise simb\u00f3lica e conhecer a natureza de cada uma as 78 l\u00e2minas do tarot. Para uma leitura rica e abrangente \u00e9 necess\u00e1rio que saibamos combin\u00e1-las entre si, e sendo assim, por meio deste curso, propomos o estudo e a pr\u00e1tica envolvendo os arcanos maiores e menores, visando o entendimento das combina\u00e7\u00f5es em sua natureza, simb\u00f3lica e ess\u00eancia, permitindo alcan\u00e7ar um maior dinamismo e aprofundamento da leitura do tarot.<\/p>\n<p>Com um conte\u00fado ricamente ilustrado, realizaremos o estudo te\u00f3rico e pr\u00e1tico dessas combina\u00e7\u00f5es e interpreta\u00e7\u00f5es, utilizando m\u00e9todos acess\u00edveis para quest\u00f5es objetivas.<\/p>\n<p>Temas abordados no Curso:<\/p>\n<p>\u2022 Hierarquia dos Arcanos Maiores e Menores<br \/>\n\u2022 Dom\u00ednios dos Arcanos<br \/>\n\u2022 Pontes Simb\u00f3licas<br \/>\n\u2022 Resolvendo os Conflitos Arcanos<br \/>\n\u2022 Pr\u00e1ticas com os 78 Arcanos<\/p>\n<p>O curso inclui:<\/p>\n<p>\u2705 Material Digital para Download<br \/>\n\u2705 Acesso por pelo menos 12 meses \u00e0s grava\u00e7\u00f5es das aulas<br \/>\n\u2705 Acesso ao grupo exclusivo de estudos com o professor Giancarlo Kind Schmid<br \/>\n\u2705 Certificado de Conclus\u00e3o ao final do curso<\/p>\n<p>&nbsp;<\/p>\n<p>Informa\u00e7\u00f5es importantes:<\/p>\n<p>\u2022 A aula \u00e9 composta por uma grava\u00e7\u00e3o.<br \/>\n\u2022 Ap\u00f3s a transmiss\u00e3o, a grava\u00e7\u00e3o da aula ser\u00e1 disponibilizada para os alunos por um per\u00edodo m\u00ednimo de 12 meses.<br \/>\n\u2022 O material do curso ser\u00e1 disponibilizado para download ao aluno. O mesmo se compromete a n\u00e3o compartilhar v\u00eddeos, textos, imagens ou qualquer outro material referente ao curso adquirido (sess\u00e3o de uso) com terceiros, sob pena do artigo 184 do C\u00f3digo Penal.<br \/>\n\u2022 Todos os alunos em curso ter\u00e3o acesso ao grupo de estudos via WhatsApp com o professor, para o esclarecimento de d\u00favidas, pr\u00e1ticas e trocas.<br \/>\n\u2022 O Certificado de Conclus\u00e3o ser\u00e1 emitido ap\u00f3s o curso e enviado aos alunos que realizarem todas as aulas e forem apontados como aptos \/ aprovados pelo professor.<\/p>\n<p>&nbsp;<\/p>\n<p>Ao realizar sua inscri\u00e7\u00e3o e matr\u00edcula no curso, o aluno concorda com todos os termos citados neste documento.<\/p>\n","protected":false},"featured_media":16001,"comment_status":"closed","ping_status":"closed","template":"","meta":{"content-type":"","_joinchat":[]},"product_brand":[],"product_cat":[105,101,100],"product_tag":[],"class_list":{"0":"post-16000","1":"product","2":"type-product","3":"status-publish","4":"has-post-thumbnail","6":"product_cat-espiritualidade","7":"product_cat-oraculos","8":"product_cat-tarot","10":"first","11":"instock","12":"sale","13":"virtual","14":"purchasable","15":"product-type-simple"},"_links":{"self":[{"href":"https:\/\/espacomerkaba.com.br\/site\/wp-json\/wp\/v2\/product\/16000","targetHints":{"allow":["GET"]}}],"collection":[{"href":"https:\/\/espacomerkaba.com.br\/site\/wp-json\/wp\/v2\/product"}],"about":[{"href":"https:\/\/espacomerkaba.com.br\/site\/wp-json\/wp\/v2\/types\/product"}],"replies":[{"embeddable":true,"href":"https:\/\/espacomerkaba.com.br\/site\/wp-json\/wp\/v2\/comments?post=16000"}],"version-history":[{"count":3,"href":"https:\/\/espacomerkaba.com.br\/site\/wp-json\/wp\/v2\/product\/16000\/revisions"}],"predecessor-version":[{"id":16741,"href":"https:\/\/espacomerkaba.com.br\/site\/wp-json\/wp\/v2\/product\/16000\/revisions\/16741"}],"wp:featuredmedia":[{"embeddable":true,"href":"https:\/\/espacomerkaba.com.br\/site\/wp-json\/wp\/v2\/media\/16001"}],"wp:attachment":[{"href":"https:\/\/espacomerkaba.com.br\/site\/wp-json\/wp\/v2\/media?parent=16000"}],"wp:term":[{"taxonomy":"product_brand","embeddable":true,"href":"https:\/\/espacomerkaba.com.br\/site\/wp-json\/wp\/v2\/product_brand?post=16000"},{"taxonomy":"product_cat","embeddable":true,"href":"https:\/\/espacomerkaba.com.br\/site\/wp-json\/wp\/v2\/product_cat?post=16000"},{"taxonomy":"product_tag","embeddable":true,"href":"https:\/\/espacomerkaba.com.br\/site\/wp-json\/wp\/v2\/product_tag?post=16000"}],"curies":[{"name":"wp","href":"https:\/\/api.w.org\/{rel}","templated":true}]}}