{"id":16016,"date":"2025-06-30T13:37:35","date_gmt":"2025-06-30T16:37:35","guid":{"rendered":"https:\/\/espacomerkaba.com.br\/site\/?post_type=product&#038;p=16016"},"modified":"2026-01-21T15:20:02","modified_gmt":"2026-01-21T18:20:02","slug":"curso-tarot-e-florais","status":"publish","type":"product","link":"https:\/\/espacomerkaba.com.br\/site\/produto\/curso-tarot-e-florais\/","title":{"rendered":"Curso Tarot e Florais"},"content":{"rendered":"<p>O grande avan\u00e7o e conquista na \u00e1rea terap\u00eautica do tarot foi exatamente proporcionar aos consulentes um tratamento imediato de acordo com o seu estado psicoemocional. O simples fato de ajudar, quem nos procura, em sua ang\u00fastia ou ansiedade, j\u00e1 facilita (e muito) em sua capacidade de discernimento, concentra\u00e7\u00e3o e conscientiza\u00e7\u00e3o perante as orienta\u00e7\u00f5es dadas.<br \/>\nEm muitos casos, os florais abreviaram anos de an\u00e1lises psicoterap\u00eauticas ou aceleraram mudan\u00e7as \u00edntimas de tal forma que em dois ou tr\u00eas atendimentos os consulentes j\u00e1 sinalizavam equil\u00edbrio e bem estar emocional excepcional.<\/p>\n<p>Neste curso, Giancarlo Kind Schmid alia seus conhecimentos como tar\u00f3logo, professor de tarot e terapeuta floral para trazer at\u00e9 voc\u00ea o conhecimento necess\u00e1rio para cuidar de seus consulentes terapeuticamente de maneira mais abrangente, com a utiliza\u00e7\u00e3o de florais.<\/p>\n<p>Temas abordados no Curso:<\/p>\n<p>\u2022 O que \u00e9 terapia floral?<br \/>\n\u2022 Dr. Bach: sua hist\u00f3ria e cria\u00e7\u00e3o do repert\u00f3rio floral<br \/>\n\u2022 As 38 ess\u00eancias e os 07 estados emocionais<br \/>\n\u2022 Associa\u00e7\u00e3o dos arcanos maiores e ess\u00eancias florais<br \/>\n\u2022 Aplica\u00e7\u00f5es dos florais atrav\u00e9s de m\u00e9todos<\/p>\n<p>O curso inclui:<\/p>\n<p>\u2705 Material Digital para Download<br \/>\n\u2705 Acesso por pelo menos 12 meses \u00e0s grava\u00e7\u00f5es das aulas<br \/>\n\u2705 Acesso ao grupo exclusivo de estudos com o professor Giancarlo Kind Schmid<br \/>\n\u2705 Certificado de Conclus\u00e3o ao final do curso<\/p>\n<p>&nbsp;<\/p>\n<p>Informa\u00e7\u00f5es importantes:<\/p>\n<p>\u2022 A aula \u00e9 composta por uma grava\u00e7\u00e3o.<br \/>\n\u2022 Ap\u00f3s a transmiss\u00e3o, a grava\u00e7\u00e3o da aula ser\u00e1 disponibilizada para os alunos por um per\u00edodo m\u00ednimo de 12 meses.<br \/>\n\u2022 O material do curso ser\u00e1 disponibilizado para download ao aluno. O mesmo se compromete a n\u00e3o compartilhar v\u00eddeos, textos, imagens ou qualquer outro material referente ao curso adquirido (sess\u00e3o de uso) com terceiros, sob pena do artigo 184 do C\u00f3digo Penal.<br \/>\n\u2022 Todos os alunos em curso ter\u00e3o acesso ao grupo de estudos via WhatsApp com o professor, para o esclarecimento de d\u00favidas, pr\u00e1ticas e trocas.<br \/>\n\u2022 O Certificado de Conclus\u00e3o ser\u00e1 emitido ap\u00f3s o curso e enviado aos alunos que realizarem todas as aulas e forem apontados como aptos \/ aprovados pelo professor.<\/p>\n<p>&nbsp;<\/p>\n<p>Ao realizar sua inscri\u00e7\u00e3o e matr\u00edcula no curso, o aluno concorda com todos os termos citados neste documento.<\/p>\n","protected":false},"excerpt":{"rendered":"<p>O grande avan\u00e7o e conquista na \u00e1rea terap\u00eautica do tarot foi exatamente proporcionar aos consulentes um tratamento imediato de acordo com o seu estado psicoemocional. O simples fato de ajudar, quem nos procura, em sua ang\u00fastia ou ansiedade, j\u00e1 facilita (e muito) em sua capacidade de discernimento, concentra\u00e7\u00e3o e conscientiza\u00e7\u00e3o perante as orienta\u00e7\u00f5es dadas.<br \/>\nEm muitos casos, os florais abreviaram anos de an\u00e1lises psicoterap\u00eauticas ou aceleraram mudan\u00e7as \u00edntimas de tal forma que em dois ou tr\u00eas atendimentos os consulentes j\u00e1 sinalizavam equil\u00edbrio e bem estar emocional excepcional.<\/p>\n<p>Neste curso, Giancarlo Kind Schmid alia seus conhecimentos como tar\u00f3logo, professor de tarot e terapeuta floral para trazer at\u00e9 voc\u00ea o conhecimento necess\u00e1rio para cuidar de seus consulentes terapeuticamente de maneira mais abrangente, com a utiliza\u00e7\u00e3o de florais.<\/p>\n<p>Temas abordados no Curso:<\/p>\n<p>\u2022 O que \u00e9 terapia floral?<br \/>\n\u2022 Dr. Bach: sua hist\u00f3ria e cria\u00e7\u00e3o do repert\u00f3rio floral<br \/>\n\u2022 As 38 ess\u00eancias e os 07 estados emocionais<br \/>\n\u2022 Associa\u00e7\u00e3o dos arcanos maiores e ess\u00eancias florais<br \/>\n\u2022 Aplica\u00e7\u00f5es dos florais atrav\u00e9s de m\u00e9todos<\/p>\n<p>O curso inclui:<\/p>\n<p>\u2705 Material Digital para Download<br \/>\n\u2705 Acesso por pelo menos 12 meses \u00e0s grava\u00e7\u00f5es das aulas<br \/>\n\u2705 Acesso ao grupo exclusivo de estudos com o professor Giancarlo Kind Schmid<br \/>\n\u2705 Certificado de Conclus\u00e3o ao final do curso<\/p>\n<p>&nbsp;<\/p>\n<p>Informa\u00e7\u00f5es importantes:<\/p>\n<p>\u2022 A aula \u00e9 composta por uma grava\u00e7\u00e3o.<br \/>\n\u2022 Ap\u00f3s a transmiss\u00e3o, a grava\u00e7\u00e3o da aula ser\u00e1 disponibilizada para os alunos por um per\u00edodo m\u00ednimo de 12 meses.<br \/>\n\u2022 O material do curso ser\u00e1 disponibilizado para download ao aluno. O mesmo se compromete a n\u00e3o compartilhar v\u00eddeos, textos, imagens ou qualquer outro material referente ao curso adquirido (sess\u00e3o de uso) com terceiros, sob pena do artigo 184 do C\u00f3digo Penal.<br \/>\n\u2022 Todos os alunos em curso ter\u00e3o acesso ao grupo de estudos via WhatsApp com o professor, para o esclarecimento de d\u00favidas, pr\u00e1ticas e trocas.<br \/>\n\u2022 O Certificado de Conclus\u00e3o ser\u00e1 emitido ap\u00f3s o curso e enviado aos alunos que realizarem todas as aulas e forem apontados como aptos \/ aprovados pelo professor.<\/p>\n<p>&nbsp;<\/p>\n<p>Ao realizar sua inscri\u00e7\u00e3o e matr\u00edcula no curso, o aluno concorda com todos os termos citados neste documento.<\/p>\n","protected":false},"featured_media":16017,"comment_status":"closed","ping_status":"closed","template":"","meta":{"content-type":"","_joinchat":[]},"product_brand":[],"product_cat":[101,100],"product_tag":[],"class_list":{"0":"post-16016","1":"product","2":"type-product","3":"status-publish","4":"has-post-thumbnail","6":"product_cat-oraculos","7":"product_cat-tarot","9":"first","10":"instock","11":"sale","12":"virtual","13":"purchasable","14":"product-type-simple"},"_links":{"self":[{"href":"https:\/\/espacomerkaba.com.br\/site\/wp-json\/wp\/v2\/product\/16016","targetHints":{"allow":["GET"]}}],"collection":[{"href":"https:\/\/espacomerkaba.com.br\/site\/wp-json\/wp\/v2\/product"}],"about":[{"href":"https:\/\/espacomerkaba.com.br\/site\/wp-json\/wp\/v2\/types\/product"}],"replies":[{"embeddable":true,"href":"https:\/\/espacomerkaba.com.br\/site\/wp-json\/wp\/v2\/comments?post=16016"}],"version-history":[{"count":3,"href":"https:\/\/espacomerkaba.com.br\/site\/wp-json\/wp\/v2\/product\/16016\/revisions"}],"predecessor-version":[{"id":16739,"href":"https:\/\/espacomerkaba.com.br\/site\/wp-json\/wp\/v2\/product\/16016\/revisions\/16739"}],"wp:featuredmedia":[{"embeddable":true,"href":"https:\/\/espacomerkaba.com.br\/site\/wp-json\/wp\/v2\/media\/16017"}],"wp:attachment":[{"href":"https:\/\/espacomerkaba.com.br\/site\/wp-json\/wp\/v2\/media?parent=16016"}],"wp:term":[{"taxonomy":"product_brand","embeddable":true,"href":"https:\/\/espacomerkaba.com.br\/site\/wp-json\/wp\/v2\/product_brand?post=16016"},{"taxonomy":"product_cat","embeddable":true,"href":"https:\/\/espacomerkaba.com.br\/site\/wp-json\/wp\/v2\/product_cat?post=16016"},{"taxonomy":"product_tag","embeddable":true,"href":"https:\/\/espacomerkaba.com.br\/site\/wp-json\/wp\/v2\/product_tag?post=16016"}],"curies":[{"name":"wp","href":"https:\/\/api.w.org\/{rel}","templated":true}]}}