{"id":16026,"date":"2025-06-30T13:52:20","date_gmt":"2025-06-30T16:52:20","guid":{"rendered":"https:\/\/espacomerkaba.com.br\/site\/?post_type=product&#038;p=16026"},"modified":"2026-01-21T15:19:34","modified_gmt":"2026-01-21T18:19:34","slug":"curso-tarot-saude-e-anatomia","status":"publish","type":"product","link":"https:\/\/espacomerkaba.com.br\/site\/produto\/curso-tarot-saude-e-anatomia\/","title":{"rendered":"Curso Tarot, Sa\u00fade e Anatomia"},"content":{"rendered":"<p>Em uma consulta, um dos assuntos mais questionados pelos consulentes \u00e9 sobre sua sa\u00fade e de seus familiares.<br \/>\nPor ser uma quest\u00e3o delicada, muitos oraculistas n\u00e3o se aprofundam neste tipo de leitura, deixando uma lacuna na consulta e assim n\u00e3o atendendo \u00e0s expectativas de seus clientes.<\/p>\n<p>O objetivo deste curso \u00e9 ampliar a vis\u00e3o e o conhecimento do tar\u00f3logo e do estudante de tarot para que, a partir do estudo de cada l\u00e2mina, seja poss\u00edvel realizar uma correla\u00e7\u00e3o entre o arcano, a anatomia e os sintomas. Desta forma, ao identificar a quest\u00e3o, o tarot ser\u00e1 capaz de apontar as mudan\u00e7as necess\u00e1rias de h\u00e1bitos que favore\u00e7am o consulente, para uma melhor qualidade de vida.<\/p>\n<p>Temas abordados no Curso:<\/p>\n<p>\u2022 Arcanos maiores e o estudo anat\u00f4mico e fisiol\u00f3gico;<br \/>\n\u2022 Arcanos menores e sintomas;<br \/>\n\u2022 Arcanos da corte e os profissionais de sa\u00fade;<br \/>\n\u2022 Entre outros<\/p>\n<p>O curso inclui:<\/p>\n<p>\u2705 Material Digital para Download<br \/>\n\u2705 Acesso por pelo menos 12 meses \u00e0s grava\u00e7\u00f5es das aulas<br \/>\n\u2705 Acesso ao grupo exclusivo de estudos com o professor Giancarlo Kind Schmid<br \/>\n\u2705 Certificado de Conclus\u00e3o ao final do curso<\/p>\n<p>&nbsp;<\/p>\n<p>Informa\u00e7\u00f5es importantes:<\/p>\n<p>\u2022 A aula \u00e9 composta por uma grava\u00e7\u00e3o.<br \/>\n\u2022 Ap\u00f3s a transmiss\u00e3o, a grava\u00e7\u00e3o da aula ser\u00e1 disponibilizada para os alunos por um per\u00edodo m\u00ednimo de 12 meses.<br \/>\n\u2022 O material do curso ser\u00e1 disponibilizado para download ao aluno. O mesmo se compromete a n\u00e3o compartilhar v\u00eddeos, textos, imagens ou qualquer outro material referente ao curso adquirido (sess\u00e3o de uso) com terceiros, sob pena do artigo 184 do C\u00f3digo Penal.<br \/>\n\u2022 Todos os alunos em curso ter\u00e3o acesso ao grupo de estudos via WhatsApp com o professor, para o esclarecimento de d\u00favidas, pr\u00e1ticas e trocas.<br \/>\n\u2022 O Certificado de Conclus\u00e3o ser\u00e1 emitido ap\u00f3s o curso e enviado aos alunos que realizarem todas as aulas e forem apontados como aptos \/ aprovados pelo professor.<\/p>\n<p>&nbsp;<\/p>\n<p>Ao realizar sua inscri\u00e7\u00e3o e matr\u00edcula no curso, o aluno concorda com todos os termos citados neste documento.<\/p>\n","protected":false},"excerpt":{"rendered":"<p>Em uma consulta, um dos assuntos mais questionados pelos consulentes \u00e9 sobre sua sa\u00fade e de seus familiares.<br \/>\nPor ser uma quest\u00e3o delicada, muitos oraculistas n\u00e3o se aprofundam neste tipo de leitura, deixando uma lacuna na consulta e assim n\u00e3o atendendo \u00e0s expectativas de seus clientes.<\/p>\n<p>O objetivo deste curso \u00e9 ampliar a vis\u00e3o e o conhecimento do tar\u00f3logo e do estudante de tarot para que, a partir do estudo de cada l\u00e2mina, seja poss\u00edvel realizar uma correla\u00e7\u00e3o entre o arcano, a anatomia e os sintomas. Desta forma, ao identificar a quest\u00e3o, o tarot ser\u00e1 capaz de apontar as mudan\u00e7as necess\u00e1rias de h\u00e1bitos que favore\u00e7am o consulente, para uma melhor qualidade de vida.<\/p>\n<p>Temas abordados no Curso:<\/p>\n<p>\u2022 Arcanos maiores e o estudo anat\u00f4mico e fisiol\u00f3gico;<br \/>\n\u2022 Arcanos menores e sintomas;<br \/>\n\u2022 Arcanos da corte e os profissionais de sa\u00fade;<br \/>\n\u2022 Entre outros<\/p>\n<p>O curso inclui:<\/p>\n<p>\u2705 Material Digital para Download<br \/>\n\u2705 Acesso por pelo menos 12 meses \u00e0s grava\u00e7\u00f5es das aulas<br \/>\n\u2705 Acesso ao grupo exclusivo de estudos com o professor Giancarlo Kind Schmid<br \/>\n\u2705 Certificado de Conclus\u00e3o ao final do curso<\/p>\n<p>&nbsp;<\/p>\n<p>Informa\u00e7\u00f5es importantes:<\/p>\n<p>\u2022 A aula \u00e9 composta por uma grava\u00e7\u00e3o.<br \/>\n\u2022 Ap\u00f3s a transmiss\u00e3o, a grava\u00e7\u00e3o da aula ser\u00e1 disponibilizada para os alunos por um per\u00edodo m\u00ednimo de 12 meses.<br \/>\n\u2022 O material do curso ser\u00e1 disponibilizado para download ao aluno. O mesmo se compromete a n\u00e3o compartilhar v\u00eddeos, textos, imagens ou qualquer outro material referente ao curso adquirido (sess\u00e3o de uso) com terceiros, sob pena do artigo 184 do C\u00f3digo Penal.<br \/>\n\u2022 Todos os alunos em curso ter\u00e3o acesso ao grupo de estudos via WhatsApp com o professor, para o esclarecimento de d\u00favidas, pr\u00e1ticas e trocas.<br \/>\n\u2022 O Certificado de Conclus\u00e3o ser\u00e1 emitido ap\u00f3s o curso e enviado aos alunos que realizarem todas as aulas e forem apontados como aptos \/ aprovados pelo professor.<\/p>\n<p>&nbsp;<\/p>\n<p>Ao realizar sua inscri\u00e7\u00e3o e matr\u00edcula no curso, o aluno concorda com todos os termos citados neste documento.<\/p>\n","protected":false},"featured_media":16027,"comment_status":"closed","ping_status":"closed","template":"","meta":{"content-type":"","_joinchat":[]},"product_brand":[],"product_cat":[101,100],"product_tag":[],"class_list":{"0":"post-16026","1":"product","2":"type-product","3":"status-publish","4":"has-post-thumbnail","6":"product_cat-oraculos","7":"product_cat-tarot","9":"first","10":"instock","11":"sale","12":"virtual","13":"purchasable","14":"product-type-simple"},"_links":{"self":[{"href":"https:\/\/espacomerkaba.com.br\/site\/wp-json\/wp\/v2\/product\/16026","targetHints":{"allow":["GET"]}}],"collection":[{"href":"https:\/\/espacomerkaba.com.br\/site\/wp-json\/wp\/v2\/product"}],"about":[{"href":"https:\/\/espacomerkaba.com.br\/site\/wp-json\/wp\/v2\/types\/product"}],"replies":[{"embeddable":true,"href":"https:\/\/espacomerkaba.com.br\/site\/wp-json\/wp\/v2\/comments?post=16026"}],"version-history":[{"count":3,"href":"https:\/\/espacomerkaba.com.br\/site\/wp-json\/wp\/v2\/product\/16026\/revisions"}],"predecessor-version":[{"id":16737,"href":"https:\/\/espacomerkaba.com.br\/site\/wp-json\/wp\/v2\/product\/16026\/revisions\/16737"}],"wp:featuredmedia":[{"embeddable":true,"href":"https:\/\/espacomerkaba.com.br\/site\/wp-json\/wp\/v2\/media\/16027"}],"wp:attachment":[{"href":"https:\/\/espacomerkaba.com.br\/site\/wp-json\/wp\/v2\/media?parent=16026"}],"wp:term":[{"taxonomy":"product_brand","embeddable":true,"href":"https:\/\/espacomerkaba.com.br\/site\/wp-json\/wp\/v2\/product_brand?post=16026"},{"taxonomy":"product_cat","embeddable":true,"href":"https:\/\/espacomerkaba.com.br\/site\/wp-json\/wp\/v2\/product_cat?post=16026"},{"taxonomy":"product_tag","embeddable":true,"href":"https:\/\/espacomerkaba.com.br\/site\/wp-json\/wp\/v2\/product_tag?post=16026"}],"curies":[{"name":"wp","href":"https:\/\/api.w.org\/{rel}","templated":true}]}}