{"id":16084,"date":"2025-06-30T17:04:41","date_gmt":"2025-06-30T20:04:41","guid":{"rendered":"https:\/\/espacomerkaba.com.br\/site\/?post_type=product&#038;p=16084"},"modified":"2025-06-30T17:06:00","modified_gmt":"2025-06-30T20:06:00","slug":"leitura-de-tarot-5-perguntas","status":"publish","type":"product","link":"https:\/\/espacomerkaba.com.br\/site\/produto\/leitura-de-tarot-5-perguntas\/","title":{"rendered":"Leitura de Tarot &#8211; 5 Perguntas"},"content":{"rendered":"<p>A leitura de Tarot \u00e9 uma ferramenta poderosa de autoconhecimento, orienta\u00e7\u00e3o e expans\u00e3o da consci\u00eancia. Sua import\u00e2ncia est\u00e1 em diversos aspectos, que v\u00e3o al\u00e9m de previs\u00f5es:<\/p>\n<p>\ud83c\udf1f 1. Clareza para o momento presente<br \/>\nO Tarot ajuda a enxergar a situa\u00e7\u00e3o com mais lucidez, revelando aspectos ocultos, padr\u00f5es inconscientes e influ\u00eancias que voc\u00ea talvez n\u00e3o perceba sozinho(a).<\/p>\n<p>\ud83d\udd2e 2. Direcionamento e tomada de decis\u00f5es<br \/>\nAs cartas mostram caminhos poss\u00edveis e ajudam a entender as consequ\u00eancias de cada escolha. Assim, voc\u00ea age com mais seguran\u00e7a e alinhamento com seus objetivos e valores.<\/p>\n<p>\ud83e\udde0 3. Conex\u00e3o com a intui\u00e7\u00e3o<br \/>\nA leitura fortalece sua escuta interior. Ao interpretar os s\u00edmbolos do Tarot, voc\u00ea acessa sua sabedoria interna e aprende a confiar mais na sua percep\u00e7\u00e3o.<\/p>\n<p>\ud83d\udd25 4. Transforma\u00e7\u00e3o pessoal<br \/>\nO Tarot n\u00e3o \u00e9 apenas sobre o futuro: ele convida \u00e0 mudan\u00e7a no agora. Ao reconhecer bloqueios e potenciais, voc\u00ea pode agir de forma mais consciente e transformar sua realidade.<\/p>\n<p>\ud83c\udf19 5. Aprofundamento espiritual<br \/>\nPara quem caminha por trilhas espirituais ou esot\u00e9ricas, o Tarot \u00e9 uma ponte entre o mundo vis\u00edvel e o invis\u00edvel. Ele permite di\u00e1logos com o inconsciente, com o sagrado e com as for\u00e7as que te guiam.<\/p>\n<p>Em resumo, o Tarot \u00e9 um espelho da alma e um mapa simb\u00f3lico que pode iluminar seu caminho com verdade, sensibilidade e poder de escolha.<\/p>\n<p data-start=\"74\" data-end=\"484\">\n","protected":false},"excerpt":{"rendered":"<p data-start=\"131\" data-end=\"302\"><strong data-start=\"133\" data-end=\"188\">Fa\u00e7a at\u00e9 cinco perguntas pontuais sobre o seu momento atual<\/strong><br data-start=\"188\" data-end=\"191\" \/>Escolha um tema que esteja te inquietando \u2014 amor, trabalho, decis\u00f5es, espiritualidade ou qualquer outra \u00e1rea.<\/p>\n<p>&nbsp;<\/p>\n<p data-start=\"304\" data-end=\"435\">\ud83d\udd2e Envie suas perguntas de forma clara e objetiva.<br data-start=\"343\" data-end=\"346\" \/>\ud83d\udce9 Em at\u00e9 24 horas, voc\u00ea receber\u00e1 sua leitura personalizada com orienta\u00e7\u00f5es para o agora, via WhatsApp ou E-mail.<\/p>\n<p>&nbsp;<\/p>\n<p data-start=\"437\" data-end=\"580\">A resposta vem com sensibilidade, profundidade e foco no que realmente importa: <strong data-start=\"517\" data-end=\"580\">te ajudar a ver com mais clareza e agir com mais confian\u00e7a.<\/strong><\/p>\n<p>&nbsp;<\/p>\n<p data-start=\"74\" data-end=\"484\">Voc\u00ea poder\u00e1 enviar sua pergunta via WhatsApp ap\u00f3s a compra.<\/p>\n<p>&nbsp;<\/p>\n","protected":false},"featured_media":16085,"comment_status":"closed","ping_status":"closed","template":"","meta":{"content-type":"","_joinchat":[]},"product_brand":[],"product_cat":[240],"product_tag":[],"class_list":{"0":"post-16084","1":"product","2":"type-product","3":"status-publish","4":"has-post-thumbnail","6":"product_cat-atendimentos","8":"first","9":"instock","10":"virtual","11":"purchasable","12":"product-type-simple"},"_links":{"self":[{"href":"https:\/\/espacomerkaba.com.br\/site\/wp-json\/wp\/v2\/product\/16084","targetHints":{"allow":["GET"]}}],"collection":[{"href":"https:\/\/espacomerkaba.com.br\/site\/wp-json\/wp\/v2\/product"}],"about":[{"href":"https:\/\/espacomerkaba.com.br\/site\/wp-json\/wp\/v2\/types\/product"}],"replies":[{"embeddable":true,"href":"https:\/\/espacomerkaba.com.br\/site\/wp-json\/wp\/v2\/comments?post=16084"}],"version-history":[{"count":1,"href":"https:\/\/espacomerkaba.com.br\/site\/wp-json\/wp\/v2\/product\/16084\/revisions"}],"predecessor-version":[{"id":16086,"href":"https:\/\/espacomerkaba.com.br\/site\/wp-json\/wp\/v2\/product\/16084\/revisions\/16086"}],"wp:featuredmedia":[{"embeddable":true,"href":"https:\/\/espacomerkaba.com.br\/site\/wp-json\/wp\/v2\/media\/16085"}],"wp:attachment":[{"href":"https:\/\/espacomerkaba.com.br\/site\/wp-json\/wp\/v2\/media?parent=16084"}],"wp:term":[{"taxonomy":"product_brand","embeddable":true,"href":"https:\/\/espacomerkaba.com.br\/site\/wp-json\/wp\/v2\/product_brand?post=16084"},{"taxonomy":"product_cat","embeddable":true,"href":"https:\/\/espacomerkaba.com.br\/site\/wp-json\/wp\/v2\/product_cat?post=16084"},{"taxonomy":"product_tag","embeddable":true,"href":"https:\/\/espacomerkaba.com.br\/site\/wp-json\/wp\/v2\/product_tag?post=16084"}],"curies":[{"name":"wp","href":"https:\/\/api.w.org\/{rel}","templated":true}]}}