{"id":16102,"date":"2025-06-30T17:29:18","date_gmt":"2025-06-30T20:29:18","guid":{"rendered":"https:\/\/espacomerkaba.com.br\/site\/?post_type=product&#038;p=16102"},"modified":"2025-07-01T15:12:37","modified_gmt":"2025-07-01T18:12:37","slug":"mesa-radionica","status":"publish","type":"product","link":"https:\/\/espacomerkaba.com.br\/site\/produto\/mesa-radionica\/","title":{"rendered":"Mesa Radi\u00f4nica"},"content":{"rendered":"<p data-start=\"97\" data-end=\"128\"><strong>\u2728 O que \u00e9 a Mesa Radi\u00f4nica?<\/strong><\/p>\n<p data-start=\"130\" data-end=\"379\"><strong data-start=\"132\" data-end=\"150\">A Mesa Radi\u00f4nica<\/strong> \u00e9 uma ferramenta terap\u00eautica e energ\u00e9tica que atua na <strong data-start=\"205\" data-end=\"261\">identifica\u00e7\u00e3o, limpeza e harmoniza\u00e7\u00e3o de frequ\u00eancias<\/strong> que est\u00e3o em desequil\u00edbrio em diversas \u00e1reas da vida: amor, sa\u00fade, trabalho, finan\u00e7as, espiritualidade, entre outras.\u00a0Ideal para quem sente que est\u00e1 travado(a), cansado(a) ou repetindo ciclos.<\/p>\n<p data-start=\"381\" data-end=\"578\">Ela utiliza o p\u00eandulo, gr\u00e1ficos, s\u00edmbolos sagrados e comandos verbais para acessar o campo vibracional da pessoa e <strong data-start=\"496\" data-end=\"577\">trabalhar diretamente na origem energ\u00e9tica de bloqueios e padr\u00f5es repetitivos<\/strong>.<\/p>\n<p>&nbsp;<\/p>\n<p data-start=\"585\" data-end=\"606\"><strong>\ud83d\udd2e Como funciona?<\/strong><\/p>\n<p data-start=\"608\" data-end=\"745\">A partir de uma inten\u00e7\u00e3o clara ou de uma quest\u00e3o espec\u00edfica, o terapeuta utiliza o p\u00eandulo para investigar o campo da pessoa e verificar:<\/p>\n<ul data-start=\"747\" data-end=\"1020\">\n<li data-start=\"747\" data-end=\"788\">\n<p data-start=\"749\" data-end=\"788\">Quais energias est\u00e3o em desequil\u00edbrio<\/p>\n<\/li>\n<li data-start=\"789\" data-end=\"907\">\n<p data-start=\"791\" data-end=\"907\">Quais interfer\u00eancias precisam ser limpas (formas-pensamento, magias, cren\u00e7as limitantes, cord\u00f5es energ\u00e9ticos etc.)<\/p>\n<\/li>\n<li data-start=\"908\" data-end=\"1020\">\n<p data-start=\"910\" data-end=\"1020\">Quais frequ\u00eancias precisam ser ativadas (amor-pr\u00f3prio, prosperidade, coragem, foco, prote\u00e7\u00e3o espiritual, etc.)<\/p>\n<\/li>\n<\/ul>\n<p data-start=\"1022\" data-end=\"1184\">A Mesa atua como uma ponte entre o plano sutil e o plano material, <strong data-start=\"1089\" data-end=\"1183\">reprogramando padr\u00f5es e realinhando a energia do consulente com seu prop\u00f3sito mais elevado<\/strong>.<\/p>\n<p>&nbsp;<\/p>\n<p data-start=\"1191\" data-end=\"1230\"><strong>\ud83c\udf1f Para que serve a Mesa Radi\u00f4nica?<\/strong><\/p>\n<ul data-start=\"1232\" data-end=\"1511\">\n<li data-start=\"1232\" data-end=\"1267\">\n<p data-start=\"1234\" data-end=\"1267\">Limpeza energ\u00e9tica profunda<\/p>\n<\/li>\n<li data-start=\"1268\" data-end=\"1327\">\n<p data-start=\"1270\" data-end=\"1327\">Desbloqueio de caminhos em diferentes \u00e1reas da vida<\/p>\n<\/li>\n<li data-start=\"1328\" data-end=\"1373\">\n<p data-start=\"1330\" data-end=\"1373\">Fortalecimento espiritual e emocional<\/p>\n<\/li>\n<li data-start=\"1374\" data-end=\"1417\">\n<p data-start=\"1376\" data-end=\"1417\">Reprograma\u00e7\u00e3o de cren\u00e7as limitantes<\/p>\n<\/li>\n<li data-start=\"1418\" data-end=\"1459\">\n<p data-start=\"1420\" data-end=\"1459\">Prote\u00e7\u00e3o e alinhamento energ\u00e9tico<\/p>\n<\/li>\n<li data-start=\"1460\" data-end=\"1511\">\n<p data-start=\"1462\" data-end=\"1511\">Harmoniza\u00e7\u00e3o de relacionamentos e ambientes<\/p>\n<\/li>\n<\/ul>\n<p>&nbsp;<\/p>\n<p data-start=\"1518\" data-end=\"1546\"><strong>\ud83d\udca0 Para quem \u00e9 indicada?<\/strong><\/p>\n<p data-start=\"1548\" data-end=\"1757\">Para todas as pessoas que sentem que h\u00e1 algo travado, repetitivo ou pesado em sua vida \u2014 mesmo sem uma causa aparente. A Mesa pode ser feita para adultos, crian\u00e7as, empresas, relacionamentos, casas e at\u00e9 pets.<\/p>\n","protected":false},"excerpt":{"rendered":"<p data-start=\"131\" data-end=\"302\"><strong>Harmoniza\u00e7\u00e3o energ\u00e9tica e desbloqueio de caminhos.<\/strong><\/p>\n<p data-start=\"259\" data-end=\"344\">Esse atendimento \u00e9 uma jornada de limpeza, equil\u00edbrio e reconex\u00e3o com sua ess\u00eancia.<\/p>\n<p data-start=\"259\" data-end=\"344\">Atrav\u00e9s da Mesa Radi\u00f4nica, acessamos o seu campo energ\u00e9tico para identificar e tratar <strong data-start=\"432\" data-end=\"504\">padr\u00f5es vibracionais que est\u00e3o impedindo o fluxo natural da sua vida<\/strong> \u2013 seja no amor, nas finan\u00e7as, na sa\u00fade, na espiritualidade ou em qualquer outro aspecto.<\/p>\n<p>&nbsp;<\/p>\n<p data-start=\"633\" data-end=\"1078\"><strong>O que acontece durante a sess\u00e3o?<\/strong><\/p>\n<p data-start=\"633\" data-end=\"1078\">\ud83d\udd39 Alinhamento da inten\u00e7\u00e3o (voc\u00ea pode trazer uma quest\u00e3o espec\u00edfica ou deixar que a Mesa revele o que precisa ser tratado)<br data-start=\"755\" data-end=\"758\" \/>\ud83d\udd39 Investiga\u00e7\u00e3o das energias em desequil\u00edbrio com o uso do p\u00eandulo<br data-start=\"824\" data-end=\"827\" \/>\ud83d\udd39 Limpeza de bloqueios, interfer\u00eancias externas, cren\u00e7as limitantes e padr\u00f5es repetitivos<br data-start=\"917\" data-end=\"920\" \/>\ud83d\udd39 Ativa\u00e7\u00e3o de frequ\u00eancias positivas, como coragem, foco, merecimento, prosperidade, autoconfian\u00e7a, etc.<br data-start=\"1024\" data-end=\"1027\" \/>\ud83d\udd39 Reequil\u00edbrio e harmoniza\u00e7\u00e3o do seu campo sutil<\/p>\n<p>&nbsp;<\/p>\n<p data-start=\"1110\" data-end=\"1380\"><strong>Detalhes do Atendimento:<\/strong><\/p>\n<p data-start=\"1110\" data-end=\"1380\">\ud83c\udf00 Atendimento realizado \u00e0 dist\u00e2ncia<br data-start=\"1146\" data-end=\"1149\" \/>\ud83d\udce9 Voc\u00ea receber\u00e1 um relat\u00f3rio com os principais pontos tratados e orienta\u00e7\u00f5es p\u00f3s-sess\u00e3o<br data-start=\"1237\" data-end=\"1240\" \/>\u23f1\ufe0f Tempo m\u00e9dio de trabalho: cerca de 1 hora (varia conforme o campo)<br data-start=\"1308\" data-end=\"1311\" \/>\ud83c\udf1f Indicado para pessoas, relacionamentos, empresas, im\u00f3veis e pets.<\/p>\n<p>&nbsp;<\/p>\n<p data-start=\"437\" data-end=\"580\"><strong data-start=\"1387\" data-end=\"1447\">Esse \u00e9 um cuidado energ\u00e9tico profundo, sutil e poderoso.<\/strong><br data-start=\"1447\" data-end=\"1450\" \/>Ideal para quem sente que algo n\u00e3o est\u00e1 fluindo, mesmo com esfor\u00e7o, ou deseja iniciar uma nova fase mais leve, limpa e conectada com seu prop\u00f3sito.<\/p>\n<p>&nbsp;<\/p>\n<p data-start=\"74\" data-end=\"484\">Voc\u00ea poder\u00e1 enviar suas quest\u00f5es via WhatsApp ap\u00f3s a compra.<\/p>\n<p>&nbsp;<\/p>\n","protected":false},"featured_media":16112,"comment_status":"closed","ping_status":"closed","template":"","meta":{"content-type":"","_joinchat":[]},"product_brand":[],"product_cat":[240],"product_tag":[],"class_list":{"0":"post-16102","1":"product","2":"type-product","3":"status-publish","4":"has-post-thumbnail","6":"product_cat-atendimentos","8":"first","9":"instock","10":"virtual","11":"purchasable","12":"product-type-simple"},"_links":{"self":[{"href":"https:\/\/espacomerkaba.com.br\/site\/wp-json\/wp\/v2\/product\/16102","targetHints":{"allow":["GET"]}}],"collection":[{"href":"https:\/\/espacomerkaba.com.br\/site\/wp-json\/wp\/v2\/product"}],"about":[{"href":"https:\/\/espacomerkaba.com.br\/site\/wp-json\/wp\/v2\/types\/product"}],"replies":[{"embeddable":true,"href":"https:\/\/espacomerkaba.com.br\/site\/wp-json\/wp\/v2\/comments?post=16102"}],"version-history":[{"count":6,"href":"https:\/\/espacomerkaba.com.br\/site\/wp-json\/wp\/v2\/product\/16102\/revisions"}],"predecessor-version":[{"id":16173,"href":"https:\/\/espacomerkaba.com.br\/site\/wp-json\/wp\/v2\/product\/16102\/revisions\/16173"}],"wp:featuredmedia":[{"embeddable":true,"href":"https:\/\/espacomerkaba.com.br\/site\/wp-json\/wp\/v2\/media\/16112"}],"wp:attachment":[{"href":"https:\/\/espacomerkaba.com.br\/site\/wp-json\/wp\/v2\/media?parent=16102"}],"wp:term":[{"taxonomy":"product_brand","embeddable":true,"href":"https:\/\/espacomerkaba.com.br\/site\/wp-json\/wp\/v2\/product_brand?post=16102"},{"taxonomy":"product_cat","embeddable":true,"href":"https:\/\/espacomerkaba.com.br\/site\/wp-json\/wp\/v2\/product_cat?post=16102"},{"taxonomy":"product_tag","embeddable":true,"href":"https:\/\/espacomerkaba.com.br\/site\/wp-json\/wp\/v2\/product_tag?post=16102"}],"curies":[{"name":"wp","href":"https:\/\/api.w.org\/{rel}","templated":true}]}}