{"id":16117,"date":"2025-06-30T17:51:32","date_gmt":"2025-06-30T20:51:32","guid":{"rendered":"https:\/\/espacomerkaba.com.br\/site\/?post_type=product&#038;p=16117"},"modified":"2025-06-30T18:11:46","modified_gmt":"2025-06-30T21:11:46","slug":"mapa-astral","status":"publish","type":"product","link":"https:\/\/espacomerkaba.com.br\/site\/produto\/mapa-astral\/","title":{"rendered":"Relat\u00f3rio Astrol\u00f3gico &#8211; Mapa Astral"},"content":{"rendered":"<p data-start=\"192\" data-end=\"226\"><strong>\ud83c\udf0c O que \u00e9 o Mapa Astral?<\/strong><\/p>\n<p data-start=\"227\" data-end=\"477\">O <strong data-start=\"229\" data-end=\"243\">Mapa Astral ou Mapa Natal<\/strong> \u00e9 uma representa\u00e7\u00e3o simb\u00f3lica do c\u00e9u no exato momento do seu nascimento. Ele mostra onde estavam os planetas, signos e casas astrol\u00f3gicas naquele instante, formando um \u201cretrato c\u00f3smico\u201d \u00fanico \u2014 como uma impress\u00e3o digital da sua alma.<\/p>\n<p>&nbsp;<\/p>\n<p data-start=\"484\" data-end=\"505\"><strong>\u2728 Para que serve?<\/strong><\/p>\n<p data-start=\"507\" data-end=\"643\">O mapa natal \u00e9 uma ferramenta profunda de <strong data-start=\"549\" data-end=\"607\">autoconhecimento, compreens\u00e3o e direcionamento de vida<\/strong>. Atrav\u00e9s dele, \u00e9 poss\u00edvel entender:<\/p>\n<p data-start=\"645\" data-end=\"1220\">\ud83c\udf1f <strong data-start=\"648\" data-end=\"675\">Quem voc\u00ea \u00e9 em ess\u00eancia<\/strong> \u2013 sua personalidade, dons e desafios<br data-start=\"712\" data-end=\"715\" \/>\u2764\ufe0f <strong data-start=\"718\" data-end=\"750\">Como voc\u00ea ama e se relaciona<\/strong> \u2013 padr\u00f5es afetivos e emocionais<br data-start=\"782\" data-end=\"785\" \/>\ud83d\udcbc <strong data-start=\"788\" data-end=\"830\">Como voc\u00ea lida com trabalho e dinheiro<\/strong> \u2013 talentos, voca\u00e7\u00e3o e caminhos profissionais<br data-start=\"875\" data-end=\"878\" \/>\ud83e\udde0 <strong data-start=\"881\" data-end=\"908\">Como funciona sua mente<\/strong> \u2013 estilo de comunica\u00e7\u00e3o e aprendizado<br data-start=\"946\" data-end=\"949\" \/>\ud83c\udf31 <strong data-start=\"952\" data-end=\"994\">O que voc\u00ea veio desenvolver nesta vida<\/strong> \u2013 prop\u00f3sito, miss\u00e3o e li\u00e7\u00f5es c\u00e1rmicas<br data-start=\"1032\" data-end=\"1035\" \/>\ud83c\udf00 <strong data-start=\"1038\" data-end=\"1084\">Como voc\u00ea reage \u00e0s crises e transforma\u00e7\u00f5es<\/strong> \u2013 pontos de supera\u00e7\u00e3o e renascimento<br data-start=\"1121\" data-end=\"1124\" \/>\ud83e\ude90 <strong data-start=\"1127\" data-end=\"1157\">Ciclos de vida e previs\u00f5es<\/strong> \u2013 momentos de expans\u00e3o, recolhimento, desafios e oportunidades<\/p>\n<p>&nbsp;<\/p>\n<p data-start=\"1227\" data-end=\"1271\"><strong>\ud83d\udd2d O que \u00e9 necess\u00e1rio para fazer o mapa?<\/strong><\/p>\n<p data-start=\"1273\" data-end=\"1414\">Para montar um mapa natal preciso, \u00e9 necess\u00e1rio:<br data-start=\"1321\" data-end=\"1324\" \/>\ud83d\udccd <strong data-start=\"1327\" data-end=\"1349\">Data de nascimento<\/strong><br data-start=\"1349\" data-end=\"1352\" \/>\ud83d\udd70\ufe0f <strong data-start=\"1356\" data-end=\"1384\">Hora exata de nascimento<\/strong><br data-start=\"1384\" data-end=\"1387\" \/>\ud83c\udf0d <strong data-start=\"1390\" data-end=\"1412\">Cidade onde nasceu<\/strong><\/p>\n<p data-start=\"1416\" data-end=\"1533\">Essas informa\u00e7\u00f5es permitem localizar com exatid\u00e3o as posi\u00e7\u00f5es dos astros e interpretar sua influ\u00eancia sobre sua vida.<\/p>\n<p>&nbsp;<\/p>\n<p data-start=\"1540\" data-end=\"1580\"><strong>\ud83d\udcac O que voc\u00ea recebe em seu relat\u00f3rio?<\/strong><\/p>\n<p data-start=\"1582\" data-end=\"1933\">Em seu relat\u00f3rio do Mapa Astral, voc\u00ea recebe:<br data-start=\"1645\" data-end=\"1648\" \/>\u2714\ufe0f Leitura personalizada e traduzida em uma linguagem clara<br data-start=\"1707\" data-end=\"1710\" \/>\u2714\ufe0f Orienta\u00e7\u00f5es pr\u00e1ticas sobre sua vida pessoal, emocional e profissional<br data-start=\"1782\" data-end=\"1785\" \/>\u2714\ufe0f Insights profundos para compreender seus processos internos e externos<\/p>\n<p>&nbsp;<\/p>\n<p data-start=\"1940\" data-end=\"2155\"><strong data-start=\"1940\" data-end=\"2007\">Conhecer seu mapa natal \u00e9 como encontrar um manual de si mesmo.<\/strong><br data-start=\"2007\" data-end=\"2010\" \/>Ele n\u00e3o determina quem voc\u00ea \u00e9 \u2014 ele revela suas pot\u00eancias, seus desafios e as chaves para viver com mais consci\u00eancia, equil\u00edbrio e autenticidade.<\/p>\n","protected":false},"excerpt":{"rendered":"<p data-start=\"259\" data-end=\"391\">Essa consulta \u00e9 um convite para voc\u00ea se enxergar com mais profundidade, compreender seus ciclos, dons, desafios e prop\u00f3sito de vida.<\/p>\n<p data-start=\"393\" data-end=\"593\">Atrav\u00e9s da interpreta\u00e7\u00e3o do seu Mapa Natal \u2014 calculado com base na sua data, hora e local de nascimento \u2014 mergulhamos nas camadas simb\u00f3licas da sua exist\u00eancia para revelar o que os astros dizem sobre:<\/p>\n<p data-start=\"595\" data-end=\"848\">\u2728 Sua ess\u00eancia e identidade<br data-start=\"622\" data-end=\"625\" \/>\u2728 Emo\u00e7\u00f5es, afetos e relacionamentos<br data-start=\"660\" data-end=\"663\" \/>\u2728 Potenciais profissionais e voca\u00e7\u00e3o<br data-start=\"699\" data-end=\"702\" \/>\u2728 Ciclos de vida e momentos de transforma\u00e7\u00e3o<br data-start=\"746\" data-end=\"749\" \/>\u2728 Cren\u00e7as, padr\u00f5es inconscientes e caminhos de cura<br data-start=\"800\" data-end=\"803\" \/>\u2728 Miss\u00e3o de alma e aprendizados espirituais<\/p>\n<p>&nbsp;<\/p>\n<p data-start=\"304\" data-end=\"435\">\ud83d\udd2e Envie seus dados ap\u00f3s a compra.<br data-start=\"343\" data-end=\"346\" \/>\ud83d\udce9 Em at\u00e9 48 horas, voc\u00ea receber\u00e1 sua leitura personalizada, via WhatsApp ou E-mail.<\/p>\n<p>&nbsp;<\/p>\n<p data-start=\"74\" data-end=\"484\">\n","protected":false},"featured_media":16112,"comment_status":"closed","ping_status":"closed","template":"","meta":{"content-type":"","_joinchat":[]},"product_brand":[],"product_cat":[240],"product_tag":[],"class_list":{"0":"post-16117","1":"product","2":"type-product","3":"status-publish","4":"has-post-thumbnail","6":"product_cat-atendimentos","8":"first","9":"instock","10":"virtual","11":"purchasable","12":"product-type-simple"},"_links":{"self":[{"href":"https:\/\/espacomerkaba.com.br\/site\/wp-json\/wp\/v2\/product\/16117","targetHints":{"allow":["GET"]}}],"collection":[{"href":"https:\/\/espacomerkaba.com.br\/site\/wp-json\/wp\/v2\/product"}],"about":[{"href":"https:\/\/espacomerkaba.com.br\/site\/wp-json\/wp\/v2\/types\/product"}],"replies":[{"embeddable":true,"href":"https:\/\/espacomerkaba.com.br\/site\/wp-json\/wp\/v2\/comments?post=16117"}],"version-history":[{"count":1,"href":"https:\/\/espacomerkaba.com.br\/site\/wp-json\/wp\/v2\/product\/16117\/revisions"}],"predecessor-version":[{"id":16121,"href":"https:\/\/espacomerkaba.com.br\/site\/wp-json\/wp\/v2\/product\/16117\/revisions\/16121"}],"wp:featuredmedia":[{"embeddable":true,"href":"https:\/\/espacomerkaba.com.br\/site\/wp-json\/wp\/v2\/media\/16112"}],"wp:attachment":[{"href":"https:\/\/espacomerkaba.com.br\/site\/wp-json\/wp\/v2\/media?parent=16117"}],"wp:term":[{"taxonomy":"product_brand","embeddable":true,"href":"https:\/\/espacomerkaba.com.br\/site\/wp-json\/wp\/v2\/product_brand?post=16117"},{"taxonomy":"product_cat","embeddable":true,"href":"https:\/\/espacomerkaba.com.br\/site\/wp-json\/wp\/v2\/product_cat?post=16117"},{"taxonomy":"product_tag","embeddable":true,"href":"https:\/\/espacomerkaba.com.br\/site\/wp-json\/wp\/v2\/product_tag?post=16117"}],"curies":[{"name":"wp","href":"https:\/\/api.w.org\/{rel}","templated":true}]}}