{"id":16190,"date":"2025-07-09T13:28:19","date_gmt":"2025-07-09T16:28:19","guid":{"rendered":"https:\/\/espacomerkaba.com.br\/site\/?post_type=product&#038;p=16190"},"modified":"2026-01-21T15:18:52","modified_gmt":"2026-01-21T18:18:52","slug":"curso-tecnicas-ampliadoras","status":"publish","type":"product","link":"https:\/\/espacomerkaba.com.br\/site\/produto\/curso-tecnicas-ampliadoras\/","title":{"rendered":"Curso T\u00e9cnicas Ampliadoras de Leitura"},"content":{"rendered":"<p>Aprofunde suas leituras de Tarot com t\u00e9cnicas avan\u00e7adas e exclusivas.<\/p>\n<p>Conhecer a simbologia das 78 l\u00e2minas do Tarot \u00e9 fundamental. Mas o que realmente amplia o olhar do tar\u00f3logo e d\u00e1 vida a uma leitura poderosa s\u00e3o as t\u00e9cnicas desenvolvidas com anos de pr\u00e1tica, estudo e experi\u00eancia em atendimentos reais.<\/p>\n<p>E nada melhor do que aprender com um especialista: Giancarlo, tar\u00f3logo com ampla trajet\u00f3ria no universo esot\u00e9rico, compartilha neste curso o \u201cpulo do gato\u201d \u2014 um conjunto de t\u00e9cnicas e m\u00e9todos que enriquecem, dinamizam e expandem a qualidade das suas leituras.<\/p>\n<p>Voc\u00ea vai aprender a:<br \/>\n\u2022 Identificar Arcanos Yin e Yang e us\u00e1-los como chave de interpreta\u00e7\u00e3o<br \/>\n\u2022 Determinar o tempo dos acontecimentos com precis\u00e3o<br \/>\n\u2022 Utilizar os Arcanos Ocultos (Quintess\u00eancia), tanto para maiores quanto menores<br \/>\n\u2022 Interpretar l\u00e2minas invertidas, ampliando seu campo simb\u00f3lico<br \/>\n\u2022 Reconhecer temas dominantes em uma leitura<br \/>\n\u2022 Entender o papel dos Ases nas an\u00e1lises<br \/>\n\u2022 Aplicar o m\u00e9todo do Aval Divino e aprender a detectar o sexo de beb\u00eas nas leituras<\/p>\n<p>Ganhe acesso a t\u00e9cnicas pr\u00e1ticas e avan\u00e7adas que v\u00e3o transformar seu Tarot:<br \/>\n\u2022 M\u00e9todos testados e sistematizados em anos de estudo<br \/>\n\u2022 T\u00e9cnicas exclusivas que voc\u00ea n\u00e3o encontra em qualquer lugar<br \/>\n\u2022 Leitura mais din\u00e2mica, profunda e assertiva<\/p>\n<p>Torne-se um tar\u00f3logo mais confiante, intuitivo e completo.<\/p>\n<p>O curso inclui:<\/p>\n<p>\u2705 Material Digital para Download<br \/>\n\u2705 Acesso por pelo menos 12 meses \u00e0s grava\u00e7\u00f5es das aulas<br \/>\n\u2705 Acesso ao grupo exclusivo de estudos com o professor Giancarlo Kind Schmid<br \/>\n\u2705 Certificado de Conclus\u00e3o ao final do curso<\/p>\n<p>&nbsp;<\/p>\n<p>Informa\u00e7\u00f5es importantes:<\/p>\n<p>\u2022 A aula \u00e9 composta por uma grava\u00e7\u00e3o.<br \/>\n\u2022 Ap\u00f3s a transmiss\u00e3o, a grava\u00e7\u00e3o da aula ser\u00e1 disponibilizada para os alunos por um per\u00edodo m\u00ednimo de 12 meses.<br \/>\n\u2022 O material do curso ser\u00e1 disponibilizado para download ao aluno. O mesmo se compromete a n\u00e3o compartilhar v\u00eddeos, textos, imagens ou qualquer outro material referente ao curso adquirido (sess\u00e3o de uso) com terceiros, sob pena do artigo 184 do C\u00f3digo Penal.<br \/>\n\u2022 Todos os alunos em curso ter\u00e3o acesso ao grupo de estudos via WhatsApp com o professor, para o esclarecimento de d\u00favidas, pr\u00e1ticas e trocas.<br \/>\n\u2022 O Certificado de Conclus\u00e3o ser\u00e1 emitido ap\u00f3s o curso e enviado aos alunos que realizarem todas as aulas e forem apontados como aptos \/ aprovados pelo professor.<\/p>\n<p>&nbsp;<\/p>\n<p>Ao realizar sua inscri\u00e7\u00e3o e matr\u00edcula no curso, o aluno concorda com todos os termos citados neste documento.<\/p>\n","protected":false},"excerpt":{"rendered":"<p>Aprofunde suas leituras de Tarot com t\u00e9cnicas avan\u00e7adas e exclusivas.<\/p>\n<p>Conhecer a simbologia das 78 l\u00e2minas do Tarot \u00e9 fundamental. Mas o que realmente amplia o olhar do tar\u00f3logo e d\u00e1 vida a uma leitura poderosa s\u00e3o as t\u00e9cnicas desenvolvidas com anos de pr\u00e1tica, estudo e experi\u00eancia em atendimentos reais.<\/p>\n<p>E nada melhor do que aprender com um especialista: Giancarlo, tar\u00f3logo com ampla trajet\u00f3ria no universo esot\u00e9rico, compartilha neste curso o \u201cpulo do gato\u201d \u2014 um conjunto de t\u00e9cnicas e m\u00e9todos que enriquecem, dinamizam e expandem a qualidade das suas leituras.<\/p>\n<p>Voc\u00ea vai aprender a:<br \/>\n\u2022 Identificar Arcanos Yin e Yang e us\u00e1-los como chave de interpreta\u00e7\u00e3o<br \/>\n\u2022 Determinar o tempo dos acontecimentos com precis\u00e3o<br \/>\n\u2022 Utilizar os Arcanos Ocultos (Quintess\u00eancia), tanto para maiores quanto menores<br \/>\n\u2022 Interpretar l\u00e2minas invertidas, ampliando seu campo simb\u00f3lico<br \/>\n\u2022 Reconhecer temas dominantes em uma leitura<br \/>\n\u2022 Entender o papel dos Ases nas an\u00e1lises<br \/>\n\u2022 Aplicar o m\u00e9todo do Aval Divino e aprender a detectar o sexo de beb\u00eas nas leituras<\/p>\n<p>Ganhe acesso a t\u00e9cnicas pr\u00e1ticas e avan\u00e7adas que v\u00e3o transformar seu Tarot:<br \/>\n\u2022 M\u00e9todos testados e sistematizados em anos de estudo<br \/>\n\u2022 T\u00e9cnicas exclusivas que voc\u00ea n\u00e3o encontra em qualquer lugar<br \/>\n\u2022 Leitura mais din\u00e2mica, profunda e assertiva<\/p>\n<p>Torne-se um tar\u00f3logo mais confiante, intuitivo e completo.<\/p>\n<p>O curso inclui:<\/p>\n<p>\u2705 Material Digital para Download<br \/>\n\u2705 Acesso por pelo menos 12 meses \u00e0s grava\u00e7\u00f5es das aulas<br \/>\n\u2705 Acesso ao grupo exclusivo de estudos com o professor Giancarlo Kind Schmid<br \/>\n\u2705 Certificado de Conclus\u00e3o ao final do curso<\/p>\n<p>&nbsp;<\/p>\n<p>Informa\u00e7\u00f5es importantes:<\/p>\n<p>\u2022 A aula \u00e9 composta por uma grava\u00e7\u00e3o.<br \/>\n\u2022 Ap\u00f3s a transmiss\u00e3o, a grava\u00e7\u00e3o da aula ser\u00e1 disponibilizada para os alunos por um per\u00edodo m\u00ednimo de 12 meses.<br \/>\n\u2022 O material do curso ser\u00e1 disponibilizado para download ao aluno. O mesmo se compromete a n\u00e3o compartilhar v\u00eddeos, textos, imagens ou qualquer outro material referente ao curso adquirido (sess\u00e3o de uso) com terceiros, sob pena do artigo 184 do C\u00f3digo Penal.<br \/>\n\u2022 Todos os alunos em curso ter\u00e3o acesso ao grupo de estudos via WhatsApp com o professor, para o esclarecimento de d\u00favidas, pr\u00e1ticas e trocas.<br \/>\n\u2022 O Certificado de Conclus\u00e3o ser\u00e1 emitido ap\u00f3s o curso e enviado aos alunos que realizarem todas as aulas e forem apontados como aptos \/ aprovados pelo professor.<\/p>\n<p>&nbsp;<\/p>\n<p>Ao realizar sua inscri\u00e7\u00e3o e matr\u00edcula no curso, o aluno concorda com todos os termos citados neste documento.<\/p>\n","protected":false},"featured_media":16191,"comment_status":"closed","ping_status":"closed","template":"","meta":{"content-type":"","_joinchat":[]},"product_brand":[],"product_cat":[101,100],"product_tag":[],"class_list":{"0":"post-16190","1":"product","2":"type-product","3":"status-publish","4":"has-post-thumbnail","6":"product_cat-oraculos","7":"product_cat-tarot","9":"first","10":"instock","11":"sale","12":"virtual","13":"purchasable","14":"product-type-simple"},"_links":{"self":[{"href":"https:\/\/espacomerkaba.com.br\/site\/wp-json\/wp\/v2\/product\/16190","targetHints":{"allow":["GET"]}}],"collection":[{"href":"https:\/\/espacomerkaba.com.br\/site\/wp-json\/wp\/v2\/product"}],"about":[{"href":"https:\/\/espacomerkaba.com.br\/site\/wp-json\/wp\/v2\/types\/product"}],"replies":[{"embeddable":true,"href":"https:\/\/espacomerkaba.com.br\/site\/wp-json\/wp\/v2\/comments?post=16190"}],"version-history":[{"count":3,"href":"https:\/\/espacomerkaba.com.br\/site\/wp-json\/wp\/v2\/product\/16190\/revisions"}],"predecessor-version":[{"id":16735,"href":"https:\/\/espacomerkaba.com.br\/site\/wp-json\/wp\/v2\/product\/16190\/revisions\/16735"}],"wp:featuredmedia":[{"embeddable":true,"href":"https:\/\/espacomerkaba.com.br\/site\/wp-json\/wp\/v2\/media\/16191"}],"wp:attachment":[{"href":"https:\/\/espacomerkaba.com.br\/site\/wp-json\/wp\/v2\/media?parent=16190"}],"wp:term":[{"taxonomy":"product_brand","embeddable":true,"href":"https:\/\/espacomerkaba.com.br\/site\/wp-json\/wp\/v2\/product_brand?post=16190"},{"taxonomy":"product_cat","embeddable":true,"href":"https:\/\/espacomerkaba.com.br\/site\/wp-json\/wp\/v2\/product_cat?post=16190"},{"taxonomy":"product_tag","embeddable":true,"href":"https:\/\/espacomerkaba.com.br\/site\/wp-json\/wp\/v2\/product_tag?post=16190"}],"curies":[{"name":"wp","href":"https:\/\/api.w.org\/{rel}","templated":true}]}}