{"id":16395,"date":"2025-09-25T17:17:57","date_gmt":"2025-09-25T20:17:57","guid":{"rendered":"https:\/\/espacomerkaba.com.br\/site\/?post_type=product&#038;p=16395"},"modified":"2025-11-17T17:37:47","modified_gmt":"2025-11-17T20:37:47","slug":"simposio-brasileiro-de-magia-enochiana-2025","status":"publish","type":"product","link":"https:\/\/espacomerkaba.com.br\/site\/produto\/simposio-brasileiro-de-magia-enochiana-2025\/","title":{"rendered":"Simp\u00f3sio Brasileiro de Magia Enochiana 2025"},"content":{"rendered":"<section class=\"elementor-section elementor-top-section elementor-element elementor-element-757f497 elementor-section-full_width elementor-section-height-default elementor-section-height-default\" data-id=\"757f497\" data-element_type=\"section\">\n<div class=\"elementor-container elementor-column-gap-default\">\n<div class=\"elementor-column elementor-col-100 elementor-top-column elementor-element elementor-element-71a72c4\" data-id=\"71a72c4\" data-element_type=\"column\">\n<div class=\"elementor-widget-wrap elementor-element-populated\">\n<div class=\"elementor-element elementor-element-339a636 elementor-widget__width-initial elementor-widget elementor-widget-heading\" data-id=\"339a636\" data-element_type=\"widget\" data-widget_type=\"heading.default\">\n<div class=\"elementor-widget-container\">\n<h6 class=\"elementor-heading-title elementor-size-default\"><span style=\"font-size: 12pt;\">Um encontro in\u00e9dito no Brasil reunindo estudiosos, praticantes e curiosos para explorar os mist\u00e9rios da Magia Enochiana.<\/span><\/h6>\n<\/div>\n<\/div>\n<\/div>\n<\/div>\n<\/div>\n<\/section>\n<section class=\"elementor-section elementor-top-section elementor-element elementor-element-aa226ea elementor-section-boxed elementor-section-height-default elementor-section-height-default\" data-id=\"aa226ea\" data-element_type=\"section\">\n<div class=\"elementor-container elementor-column-gap-default\">\n<div class=\"elementor-column elementor-col-100 elementor-top-column elementor-element elementor-element-93ac27f\" data-id=\"93ac27f\" data-element_type=\"column\">\n<div class=\"elementor-widget-wrap elementor-element-populated\">\n<div class=\"elementor-element elementor-element-3058485 elementor-widget__width-initial elementor-widget elementor-widget-text-editor\" data-id=\"3058485\" data-element_type=\"widget\" data-widget_type=\"text-editor.default\">\n<div class=\"elementor-widget-container\">\n<p>O\u00a0<strong>Simp\u00f3sio Brasileiro de Magia Enochiana<\/strong>\u00a0\u00e9 um evento in\u00e9dito e de car\u00e1ter nacional que reunir\u00e1 alguns dos maiores nomes do esoterismo e da magia cerimonial, tanto do Brasil quanto do mundo.<\/p>\n<p>Com mais de 12 horas de programa\u00e7\u00e3o, o encontro ser\u00e1 um espa\u00e7o de estudo, pr\u00e1tica e reflex\u00e3o sobre um dos sistemas m\u00e1gicos mais complexos e influentes da hist\u00f3ria ocidental: a Magia Enochiana, revelada a John Dee e Edward Kelley no s\u00e9culo XVI.<\/p>\n<p>Al\u00e9m de palestras te\u00f3ricas, o evento contar\u00e1 com rituais coletivos, pr\u00e1ticas, consagra\u00e7\u00f5es e a Missa Enochiana, oferecendo uma experi\u00eancia \u00fanica que une tradi\u00e7\u00e3o, espiritualidade e conhecimento vivo.<\/p>\n<p>Este ser\u00e1 um marco na hist\u00f3ria do ocultismo no Brasil, uma oportunidade rara de aprofundar-se nos mist\u00e9rios enochianos e vivenciar, em comunidade, a for\u00e7a dessa tradi\u00e7\u00e3o m\u00e1gica.<\/p>\n<\/div>\n<\/div>\n<\/div>\n<\/div>\n<\/div>\n<\/section>\n","protected":false},"excerpt":{"rendered":"<section class=\"elementor-section elementor-top-section elementor-element elementor-element-757f497 elementor-section-full_width elementor-section-height-default elementor-section-height-default\" data-id=\"757f497\" data-element_type=\"section\">\n<div class=\"elementor-container elementor-column-gap-default\">\n<div class=\"elementor-column elementor-col-100 elementor-top-column elementor-element elementor-element-71a72c4\" data-id=\"71a72c4\" data-element_type=\"column\">\n<div class=\"elementor-widget-wrap elementor-element-populated\">\n<div class=\"elementor-element elementor-element-339a636 elementor-widget__width-initial elementor-widget elementor-widget-heading\" data-id=\"339a636\" data-element_type=\"widget\" data-widget_type=\"heading.default\">\n<div class=\"elementor-widget-container\">\n<h6 class=\"elementor-heading-title elementor-size-default\"><span style=\"font-size: 12pt;\">Um encontro in\u00e9dito no Brasil reunindo estudiosos, praticantes e curiosos para explorar os mist\u00e9rios da Magia Enochiana.<\/span><\/h6>\n<\/div>\n<\/div>\n<\/div>\n<\/div>\n<\/div>\n<\/section>\n<section class=\"elementor-section elementor-top-section elementor-element elementor-element-aa226ea elementor-section-boxed elementor-section-height-default elementor-section-height-default\" data-id=\"aa226ea\" data-element_type=\"section\">\n<div class=\"elementor-container elementor-column-gap-default\">\n<div class=\"elementor-column elementor-col-100 elementor-top-column elementor-element elementor-element-93ac27f\" data-id=\"93ac27f\" data-element_type=\"column\">\n<div class=\"elementor-widget-wrap elementor-element-populated\">\n<div class=\"elementor-element elementor-element-3058485 elementor-widget__width-initial elementor-widget elementor-widget-text-editor\" data-id=\"3058485\" data-element_type=\"widget\" data-widget_type=\"text-editor.default\">\n<div class=\"elementor-widget-container\">\n<p>O\u00a0<strong>Simp\u00f3sio Brasileiro de Magia Enochiana<\/strong>\u00a0\u00e9 um evento in\u00e9dito e de car\u00e1ter nacional que reunir\u00e1 alguns dos maiores nomes do esoterismo e da magia cerimonial, tanto do Brasil quanto do mundo.<\/p>\n<p>Com mais de 12 horas de programa\u00e7\u00e3o, o encontro ser\u00e1 um espa\u00e7o de estudo, pr\u00e1tica e reflex\u00e3o sobre um dos sistemas m\u00e1gicos mais complexos e influentes da hist\u00f3ria ocidental: a Magia Enochiana, revelada a John Dee e Edward Kelley no s\u00e9culo XVI.<\/p>\n<p>Al\u00e9m de palestras te\u00f3ricas, o evento contar\u00e1 com rituais coletivos, pr\u00e1ticas, consagra\u00e7\u00f5es e a Missa Enochiana, oferecendo uma experi\u00eancia \u00fanica que une tradi\u00e7\u00e3o, espiritualidade e conhecimento vivo.<\/p>\n<p>Este ser\u00e1 um marco na hist\u00f3ria do ocultismo no Brasil, uma oportunidade rara de aprofundar-se nos mist\u00e9rios enochianos e vivenciar, em comunidade, a for\u00e7a dessa tradi\u00e7\u00e3o m\u00e1gica.<\/p>\n<\/div>\n<\/div>\n<\/div>\n<\/div>\n<\/div>\n<\/section>\n","protected":false},"featured_media":16396,"comment_status":"closed","ping_status":"closed","template":"","meta":{"content-type":"","_joinchat":[]},"product_brand":[],"product_cat":[105,106,102],"product_tag":[],"class_list":{"0":"post-16395","1":"product","2":"type-product","3":"status-publish","4":"has-post-thumbnail","6":"product_cat-espiritualidade","7":"product_cat-eventos","8":"product_cat-magia","10":"first","11":"instock","12":"virtual","13":"purchasable","14":"product-type-simple"},"_links":{"self":[{"href":"https:\/\/espacomerkaba.com.br\/site\/wp-json\/wp\/v2\/product\/16395","targetHints":{"allow":["GET"]}}],"collection":[{"href":"https:\/\/espacomerkaba.com.br\/site\/wp-json\/wp\/v2\/product"}],"about":[{"href":"https:\/\/espacomerkaba.com.br\/site\/wp-json\/wp\/v2\/types\/product"}],"replies":[{"embeddable":true,"href":"https:\/\/espacomerkaba.com.br\/site\/wp-json\/wp\/v2\/comments?post=16395"}],"version-history":[{"count":1,"href":"https:\/\/espacomerkaba.com.br\/site\/wp-json\/wp\/v2\/product\/16395\/revisions"}],"predecessor-version":[{"id":16397,"href":"https:\/\/espacomerkaba.com.br\/site\/wp-json\/wp\/v2\/product\/16395\/revisions\/16397"}],"wp:featuredmedia":[{"embeddable":true,"href":"https:\/\/espacomerkaba.com.br\/site\/wp-json\/wp\/v2\/media\/16396"}],"wp:attachment":[{"href":"https:\/\/espacomerkaba.com.br\/site\/wp-json\/wp\/v2\/media?parent=16395"}],"wp:term":[{"taxonomy":"product_brand","embeddable":true,"href":"https:\/\/espacomerkaba.com.br\/site\/wp-json\/wp\/v2\/product_brand?post=16395"},{"taxonomy":"product_cat","embeddable":true,"href":"https:\/\/espacomerkaba.com.br\/site\/wp-json\/wp\/v2\/product_cat?post=16395"},{"taxonomy":"product_tag","embeddable":true,"href":"https:\/\/espacomerkaba.com.br\/site\/wp-json\/wp\/v2\/product_tag?post=16395"}],"curies":[{"name":"wp","href":"https:\/\/api.w.org\/{rel}","templated":true}]}}