{"id":16574,"date":"2025-10-20T17:47:13","date_gmt":"2025-10-20T20:47:13","guid":{"rendered":"https:\/\/espacomerkaba.com.br\/site\/?post_type=product&#038;p=16574"},"modified":"2026-01-21T15:17:54","modified_gmt":"2026-01-21T18:17:54","slug":"praticas-com-tarot","status":"publish","type":"product","link":"https:\/\/espacomerkaba.com.br\/site\/produto\/praticas-com-tarot\/","title":{"rendered":"Curso Pr\u00e1ticas com o Tarot"},"content":{"rendered":"<p>Supere suas inseguran\u00e7as e domine o tarot com confian\u00e7a! Neste m\u00f3dulo, c\u0336iado para ajud\u00e1-lo a realizar leituras mais seguras e asse\u0336tivas, seja para voc\u00ea mesmo ou para os outros, voc\u00ea aprender\u00e1:<\/p>\n<ul>\n<li>Confian\u00e7a nas leituras \u2013 aprenda a interpretar o tarot com seguran\u00e7a, sem medo de errar ou se sentir perdido nas cartas.<\/li>\n<li>M\u00e9todo estruturado \u2013 use o m\u00e9todo europeu para trazer clareza, objetividade e consist\u00eancia \u00e0s leituras.<\/li>\n<li>Pr\u00e1tica guiada e eficiente \u2013 desenvolva habilidade e agilidade para atender amigos, clientes ou a si mesmo com mais profundidade.<\/li>\n<li>Transforma\u00e7\u00e3o pessoal \u2013 utilize o tarot como ferramenta de autoconhecimento, desbloqueando padr\u00f5es e decis\u00f5es na sua vida.<\/li>\n<li>Possibilidade de renda \u2013 descubra como transformar sua paix\u00e3o pelo tarot em uma atividade profissional ou fonte extra de dinheiro.<\/li>\n<li>Suporte e direcionamento \u2013 tenha um passo a passo para crescer com o tarot e superar as inseguran\u00e7as que te impedem de avan\u00e7ar.<\/li>\n<\/ul>\n<p>Torne-se um tar\u00f3logo mais confiante, intuitivo e completo.<\/p>\n<p>O curso inclui:<\/p>\n<p>\u2705 Material Digital para Download<br \/>\n\u2705 Acesso por pelo menos 12 meses \u00e0s grava\u00e7\u00f5es das aulas<br \/>\n\u2705 Acesso ao grupo exclusivo de estudos com o professor Giancarlo Kind Schmid<br \/>\n\u2705 Certificado de Conclus\u00e3o ao final do curso<\/p>\n<p>&nbsp;<\/p>\n<p>Informa\u00e7\u00f5es importantes:<\/p>\n<p>\u2022 A aula \u00e9 composta por uma grava\u00e7\u00e3o.<br \/>\n\u2022 Ap\u00f3s a transmiss\u00e3o, a grava\u00e7\u00e3o da aula ser\u00e1 disponibilizada para os alunos por um per\u00edodo m\u00ednimo de 12 meses.<br \/>\n\u2022 O material do curso ser\u00e1 disponibilizado para download ao aluno. O mesmo se compromete a n\u00e3o compartilhar v\u00eddeos, textos, imagens ou qualquer outro material referente ao curso adquirido (sess\u00e3o de uso) com terceiros, sob pena do artigo 184 do C\u00f3digo Penal.<br \/>\n\u2022 Todos os alunos em curso ter\u00e3o acesso ao grupo de estudos via WhatsApp com o professor, para o esclarecimento de d\u00favidas, pr\u00e1ticas e trocas.<br \/>\n\u2022 O Certificado de Conclus\u00e3o ser\u00e1 emitido ap\u00f3s o curso e enviado aos alunos que realizarem todas as aulas e forem apontados como aptos \/ aprovados pelo professor.<\/p>\n<p>&nbsp;<\/p>\n<p>Ao realizar sua inscri\u00e7\u00e3o e matr\u00edcula no curso, o aluno concorda com todos os termos citados neste documento.<\/p>\n","protected":false},"excerpt":{"rendered":"<p>Supere suas inseguran\u00e7as e domine o tarot com confian\u00e7a! Neste m\u00f3dulo, c\u0336iado para ajud\u00e1-lo a realizar leituras mais seguras e asse\u0336tivas, seja para voc\u00ea mesmo ou para os outros, voc\u00ea aprender\u00e1:<\/p>\n<ul>\n<li>Confian\u00e7a nas leituras \u2013 aprenda a interpretar o tarot com seguran\u00e7a, sem medo de errar ou se sentir perdido nas cartas.<\/li>\n<li>M\u00e9todo estruturado \u2013 use o m\u00e9todo europeu para trazer clareza, objetividade e consist\u00eancia \u00e0s leituras.<\/li>\n<li>Pr\u00e1tica guiada e eficiente \u2013 desenvolva habilidade e agilidade para atender amigos, clientes ou a si mesmo com mais profundidade.<\/li>\n<li>Transforma\u00e7\u00e3o pessoal \u2013 utilize o tarot como ferramenta de autoconhecimento, desbloqueando padr\u00f5es e decis\u00f5es na sua vida.<\/li>\n<li>Possibilidade de renda \u2013 descubra como transformar sua paix\u00e3o pelo tarot em uma atividade profissional ou fonte extra de dinheiro.<\/li>\n<li>Suporte e direcionamento \u2013 tenha um passo a passo para crescer com o tarot e superar as inseguran\u00e7as que te impedem de avan\u00e7ar.<\/li>\n<\/ul>\n<p>Torne-se um tar\u00f3logo mais confiante, intuitivo e completo.<\/p>\n<p>O curso inclui:<\/p>\n<p>\u2705 Material Digital para Download<br \/>\n\u2705 Acesso por pelo menos 12 meses \u00e0s grava\u00e7\u00f5es das aulas<br \/>\n\u2705 Acesso ao grupo exclusivo de estudos com o professor Giancarlo Kind Schmid<br \/>\n\u2705 Certificado de Conclus\u00e3o ao final do curso<\/p>\n<p>&nbsp;<\/p>\n<p>Informa\u00e7\u00f5es importantes:<\/p>\n<p>\u2022 A aula \u00e9 composta por uma grava\u00e7\u00e3o.<br \/>\n\u2022 Ap\u00f3s a transmiss\u00e3o, a grava\u00e7\u00e3o da aula ser\u00e1 disponibilizada para os alunos por um per\u00edodo m\u00ednimo de 12 meses.<br \/>\n\u2022 O material do curso ser\u00e1 disponibilizado para download ao aluno. O mesmo se compromete a n\u00e3o compartilhar v\u00eddeos, textos, imagens ou qualquer outro material referente ao curso adquirido (sess\u00e3o de uso) com terceiros, sob pena do artigo 184 do C\u00f3digo Penal.<br \/>\n\u2022 Todos os alunos em curso ter\u00e3o acesso ao grupo de estudos via WhatsApp com o professor, para o esclarecimento de d\u00favidas, pr\u00e1ticas e trocas.<br \/>\n\u2022 O Certificado de Conclus\u00e3o ser\u00e1 emitido ap\u00f3s o curso e enviado aos alunos que realizarem todas as aulas e forem apontados como aptos \/ aprovados pelo professor.<\/p>\n<p>&nbsp;<\/p>\n<p>Ao realizar sua inscri\u00e7\u00e3o e matr\u00edcula no curso, o aluno concorda com todos os termos citados neste documento.<\/p>\n","protected":false},"featured_media":16575,"comment_status":"closed","ping_status":"closed","template":"","meta":{"content-type":"","_joinchat":[]},"product_brand":[],"product_cat":[101,100],"product_tag":[],"class_list":{"0":"post-16574","1":"product","2":"type-product","3":"status-publish","4":"has-post-thumbnail","6":"product_cat-oraculos","7":"product_cat-tarot","9":"first","10":"instock","11":"sale","12":"virtual","13":"purchasable","14":"product-type-simple"},"_links":{"self":[{"href":"https:\/\/espacomerkaba.com.br\/site\/wp-json\/wp\/v2\/product\/16574","targetHints":{"allow":["GET"]}}],"collection":[{"href":"https:\/\/espacomerkaba.com.br\/site\/wp-json\/wp\/v2\/product"}],"about":[{"href":"https:\/\/espacomerkaba.com.br\/site\/wp-json\/wp\/v2\/types\/product"}],"replies":[{"embeddable":true,"href":"https:\/\/espacomerkaba.com.br\/site\/wp-json\/wp\/v2\/comments?post=16574"}],"version-history":[{"count":3,"href":"https:\/\/espacomerkaba.com.br\/site\/wp-json\/wp\/v2\/product\/16574\/revisions"}],"predecessor-version":[{"id":16731,"href":"https:\/\/espacomerkaba.com.br\/site\/wp-json\/wp\/v2\/product\/16574\/revisions\/16731"}],"wp:featuredmedia":[{"embeddable":true,"href":"https:\/\/espacomerkaba.com.br\/site\/wp-json\/wp\/v2\/media\/16575"}],"wp:attachment":[{"href":"https:\/\/espacomerkaba.com.br\/site\/wp-json\/wp\/v2\/media?parent=16574"}],"wp:term":[{"taxonomy":"product_brand","embeddable":true,"href":"https:\/\/espacomerkaba.com.br\/site\/wp-json\/wp\/v2\/product_brand?post=16574"},{"taxonomy":"product_cat","embeddable":true,"href":"https:\/\/espacomerkaba.com.br\/site\/wp-json\/wp\/v2\/product_cat?post=16574"},{"taxonomy":"product_tag","embeddable":true,"href":"https:\/\/espacomerkaba.com.br\/site\/wp-json\/wp\/v2\/product_tag?post=16574"}],"curies":[{"name":"wp","href":"https:\/\/api.w.org\/{rel}","templated":true}]}}