{"id":16697,"date":"2026-01-21T13:19:08","date_gmt":"2026-01-21T16:19:08","guid":{"rendered":"https:\/\/espacomerkaba.com.br\/site\/?post_type=product&#038;p=16697"},"modified":"2026-01-21T15:16:38","modified_gmt":"2026-01-21T18:16:38","slug":"curso-mandala-terapeutica-com-o-tarot","status":"publish","type":"product","link":"https:\/\/espacomerkaba.com.br\/site\/produto\/curso-mandala-terapeutica-com-o-tarot\/","title":{"rendered":"Curso Mandala Terap\u00eautica com o Tarot"},"content":{"rendered":"<p class=\"cvGsUA direction-ltr align-center para-style-body\"><span class=\"a_GcMg font-feature-liga-off font-feature-clig-off font-feature-calt-off text-decoration-none text-strikethrough-none\">Este \u00e9 um curso essencial para tar\u00f3logos e estudantes que desejam ir al\u00e9m da leitura superficial das cartas e mergulhar nas t\u00e9cnicas de uma leitura de tarot mais ampla e profunda.<\/span><\/p>\n<p class=\"cvGsUA direction-ltr align-center para-style-body\"><span class=\"a_GcMg font-feature-liga-off font-feature-clig-off font-feature-calt-off text-decoration-none text-strikethrough-none\">Desde o cartomante Etteilla, que adaptou o mandala para o tarot, talvez seja esse um dos mais populares m\u00e9todos de leitura. Conhecimento sobre a natureza das casas, signos e reg\u00eancias, aspectos entre os arcanos, dignifica\u00e7\u00e3o atrav\u00e9s dos naipes, deriva\u00e7\u00e3o de casas (alcance para outras \u00e1reas da vida do consulente), arcanos ocultos e outros importantes indicadores nas leituras e an\u00e1lises.<\/span><\/p>\n<p>Temas abordados no Curso:<\/p>\n<p>\u2022 Montagem do m\u00e9todo e utilidades<br \/>\n\u2022 Entendendo as doze casas astrol\u00f3gicas<br \/>\n\u2022 Reflex\u00f5es e pr\u00e1ticas sobre o m\u00e9todo<\/p>\n<p>Esse estudo vai muito al\u00e9m da teoria. Ele convida voc\u00ea a uma jornada de autoconhecimento e transforma\u00e7\u00e3o, oferecendo ferramentas pr\u00e1ticas para compreender a si mesmo e aos outros com mais clareza e profundidade.<\/p>\n<p>O curso inclui:<\/p>\n<p>\u2705 Material Digital para Download<br \/>\n\u2705 Acesso por pelo menos 12 meses \u00e0s grava\u00e7\u00f5es das aulas<br \/>\n\u2705 Acesso ao grupo exclusivo de estudos com o professor Giancarlo Kind Schmid<br \/>\n\u2705 Certificado de Conclus\u00e3o ao final do curso<\/p>\n<p>&nbsp;<\/p>\n<p>Informa\u00e7\u00f5es importantes:<\/p>\n<p>\u2022 As aulas s\u00e3o compostas por duas grava\u00e7\u00f5es.<br \/>\n\u2022 Ap\u00f3s a transmiss\u00e3o, a grava\u00e7\u00e3o da aula ser\u00e1 disponibilizada para os alunos por um per\u00edodo m\u00ednimo de 12 meses.<br \/>\n\u2022 O material do curso ser\u00e1 disponibilizado para download ao aluno. O mesmo se compromete a n\u00e3o compartilhar v\u00eddeos, textos, imagens ou qualquer outro material referente ao curso adquirido (sess\u00e3o de uso) com terceiros, sob pena do artigo 184 do C\u00f3digo Penal.<br \/>\n\u2022 Todos os alunos em curso ter\u00e3o acesso ao grupo de estudos via WhatsApp com o professor, para o esclarecimento de d\u00favidas, pr\u00e1ticas e trocas.<br \/>\n\u2022 O Certificado de Conclus\u00e3o ser\u00e1 emitido ap\u00f3s o curso e enviado aos alunos que realizarem todas as aulas e forem apontados como aptos \/ aprovados pelo professor.<\/p>\n<p>&nbsp;<\/p>\n<p>Ao realizar sua inscri\u00e7\u00e3o e matr\u00edcula no curso, o aluno concorda com todos os termos citados neste documento.<\/p>\n","protected":false},"excerpt":{"rendered":"<p class=\"cvGsUA direction-ltr align-center para-style-body\"><span class=\"a_GcMg font-feature-liga-off font-feature-clig-off font-feature-calt-off text-decoration-none text-strikethrough-none\">Este \u00e9 um curso essencial para tar\u00f3logos e estudantes que desejam ir al\u00e9m da leitura superficial das cartas e mergulhar nas t\u00e9cnicas de uma leitura de tarot mais ampla e profunda.<\/span><\/p>\n<p class=\"cvGsUA direction-ltr align-center para-style-body\"><span class=\"a_GcMg font-feature-liga-off font-feature-clig-off font-feature-calt-off text-decoration-none text-strikethrough-none\">Desde o cartomante Etteilla, que adaptou o mandala para o tarot, talvez seja esse um dos mais populares m\u00e9todos de leitura. Conhecimento sobre a natureza das casas, signos e reg\u00eancias, aspectos entre os arcanos, dignifica\u00e7\u00e3o atrav\u00e9s dos naipes, deriva\u00e7\u00e3o de casas (alcance para outras \u00e1reas da vida do consulente), arcanos ocultos e outros importantes indicadores nas leituras e an\u00e1lises.<\/span><\/p>\n<p>Temas abordados no Curso:<\/p>\n<p>\u2022 Montagem do m\u00e9todo e utilidades<br \/>\n\u2022 Entendendo as doze casas astrol\u00f3gicas<br \/>\n\u2022 Reflex\u00f5es e pr\u00e1ticas sobre o m\u00e9todo<\/p>\n<p>Esse estudo vai muito al\u00e9m da teoria. Ele convida voc\u00ea a uma jornada de autoconhecimento e transforma\u00e7\u00e3o, oferecendo ferramentas pr\u00e1ticas para compreender a si mesmo e aos outros com mais clareza e profundidade.<\/p>\n<p>O curso inclui:<\/p>\n<p>\u2705 Material Digital para Download<br \/>\n\u2705 Acesso por pelo menos 12 meses \u00e0s grava\u00e7\u00f5es das aulas<br \/>\n\u2705 Acesso ao grupo exclusivo de estudos com o professor Giancarlo Kind Schmid<br \/>\n\u2705 Certificado de Conclus\u00e3o ao final do curso<\/p>\n<p>&nbsp;<\/p>\n<p>Informa\u00e7\u00f5es importantes:<\/p>\n<p>\u2022 As aulas s\u00e3o compostas por duas grava\u00e7\u00f5es.<br \/>\n\u2022 Ap\u00f3s a transmiss\u00e3o, a grava\u00e7\u00e3o da aula ser\u00e1 disponibilizada para os alunos por um per\u00edodo m\u00ednimo de 12 meses.<br \/>\n\u2022 O material do curso ser\u00e1 disponibilizado para download ao aluno. O mesmo se compromete a n\u00e3o compartilhar v\u00eddeos, textos, imagens ou qualquer outro material referente ao curso adquirido (sess\u00e3o de uso) com terceiros, sob pena do artigo 184 do C\u00f3digo Penal.<br \/>\n\u2022 Todos os alunos em curso ter\u00e3o acesso ao grupo de estudos via WhatsApp com o professor, para o esclarecimento de d\u00favidas, pr\u00e1ticas e trocas.<br \/>\n\u2022 O Certificado de Conclus\u00e3o ser\u00e1 emitido ap\u00f3s o curso e enviado aos alunos que realizarem todas as aulas e forem apontados como aptos \/ aprovados pelo professor.<\/p>\n<p>&nbsp;<\/p>\n<p>Ao realizar sua inscri\u00e7\u00e3o e matr\u00edcula no curso, o aluno concorda com todos os termos citados neste documento.<\/p>\n","protected":false},"featured_media":16700,"comment_status":"closed","ping_status":"closed","template":"","meta":{"content-type":"","_joinchat":[]},"product_brand":[],"product_cat":[101,100],"product_tag":[],"class_list":{"0":"post-16697","1":"product","2":"type-product","3":"status-publish","4":"has-post-thumbnail","6":"product_cat-oraculos","7":"product_cat-tarot","9":"first","10":"instock","11":"sale","12":"virtual","13":"purchasable","14":"product-type-simple"},"_links":{"self":[{"href":"https:\/\/espacomerkaba.com.br\/site\/wp-json\/wp\/v2\/product\/16697","targetHints":{"allow":["GET"]}}],"collection":[{"href":"https:\/\/espacomerkaba.com.br\/site\/wp-json\/wp\/v2\/product"}],"about":[{"href":"https:\/\/espacomerkaba.com.br\/site\/wp-json\/wp\/v2\/types\/product"}],"replies":[{"embeddable":true,"href":"https:\/\/espacomerkaba.com.br\/site\/wp-json\/wp\/v2\/comments?post=16697"}],"version-history":[{"count":3,"href":"https:\/\/espacomerkaba.com.br\/site\/wp-json\/wp\/v2\/product\/16697\/revisions"}],"predecessor-version":[{"id":16727,"href":"https:\/\/espacomerkaba.com.br\/site\/wp-json\/wp\/v2\/product\/16697\/revisions\/16727"}],"wp:featuredmedia":[{"embeddable":true,"href":"https:\/\/espacomerkaba.com.br\/site\/wp-json\/wp\/v2\/media\/16700"}],"wp:attachment":[{"href":"https:\/\/espacomerkaba.com.br\/site\/wp-json\/wp\/v2\/media?parent=16697"}],"wp:term":[{"taxonomy":"product_brand","embeddable":true,"href":"https:\/\/espacomerkaba.com.br\/site\/wp-json\/wp\/v2\/product_brand?post=16697"},{"taxonomy":"product_cat","embeddable":true,"href":"https:\/\/espacomerkaba.com.br\/site\/wp-json\/wp\/v2\/product_cat?post=16697"},{"taxonomy":"product_tag","embeddable":true,"href":"https:\/\/espacomerkaba.com.br\/site\/wp-json\/wp\/v2\/product_tag?post=16697"}],"curies":[{"name":"wp","href":"https:\/\/api.w.org\/{rel}","templated":true}]}}