{"id":16765,"date":"2026-03-03T21:00:07","date_gmt":"2026-03-04T00:00:07","guid":{"rendered":"https:\/\/espacomerkaba.com.br\/site\/?post_type=product&#038;p=16765"},"modified":"2026-03-03T21:26:00","modified_gmt":"2026-03-04T00:26:00","slug":"destravando-tarologos","status":"publish","type":"product","link":"https:\/\/espacomerkaba.com.br\/site\/produto\/destravando-tarologos\/","title":{"rendered":"Curso Destravando Tar\u00f3logos"},"content":{"rendered":"<p class=\"cvGsUA direction-ltr align-center para-style-body\"><span class=\"a_GcMg font-feature-liga-off font-feature-clig-off font-feature-calt-off text-decoration-none text-strikethrough-none\">Ricardo Baratela <\/span><span class=\"a_GcMg font-feature-liga-off font-feature-clig-off font-feature-calt-off text-decoration-none text-strikethrough-none\">e <\/span><span class=\"a_GcMg font-feature-liga-off font-feature-clig-off font-feature-calt-off text-decoration-none text-strikethrough-none\">Dem\u00e9trio Aristeus<\/span><span class=\"a_GcMg font-feature-liga-off font-feature-clig-off font-feature-calt-off text-decoration-none text-strikethrough-none\"> conduzem um curso dividido em dois m\u00f3dulos, voltado ao aprimoramento e aperfei\u00e7oamento de tar\u00f3logos.<\/span><\/p>\n<p class=\"cvGsUA direction-ltr align-center para-style-body\"><span class=\"a_GcMg font-feature-liga-off font-feature-clig-off font-feature-calt-off text-decoration-none text-strikethrough-none\">A proposta \u00e9 oferecer, a quem j\u00e1 conhece o tarot &#8211; mas trava na hora de interpretar, mais fluidez, fortalecendo a conex\u00e3o simb\u00f3lica e transformando o conhecimento do oraculista em leitura clara, segura e coerente.<\/span><\/p>\n<p class=\"cvGsUA direction-ltr align-center para-style-body\"><span class=\"a_GcMg font-feature-liga-off font-feature-clig-off font-feature-calt-off text-decoration-none text-strikethrough-none\">Assim, o aluno aprende a construir narrativas organizadas, aplicar t\u00e9cnicas avan\u00e7adas de leitura em camadas e desenvolver seguran\u00e7a, \u00e9tica e maturidade profissional.<\/span><\/p>\n<p>&nbsp;<\/p>\n<p>Ao longo do curso <strong>Destravando Tar\u00f3logos<\/strong>, voc\u00ea ir\u00e1 aprender a:<\/p>\n<p>\u2728 Identificar e superar bloqueios interpretativos avan\u00e7ados, como rigidez simb\u00f3lica, perfeccionismo e medo do erro.<\/p>\n<p>\u2728 Ler o Tarot de forma viva e org\u00e2nica, indo al\u00e9m da memoriza\u00e7\u00e3o de significados.<\/p>\n<p>\u2728 Desenvolver leitura pela imagem, narrativa simb\u00f3lica e s\u00edntese clara dos jogos.<\/p>\n<p>\u2728 Estruturar leituras coerentes em diferentes m\u00e9todos, compreendendo a l\u00f3gica interna de cada jogo.<\/p>\n<p>\u2728 Trabalhar com m\u00faltiplas camadas simult\u00e2neas de interpreta\u00e7\u00e3o (imagem, arqu\u00e9tipo, elemento, n\u00famero e aplica\u00e7\u00e3o pr\u00e1tica).<\/p>\n<p>\u2728 Lidar com paradoxos simb\u00f3licos e jogos complexos com seguran\u00e7a e crit\u00e9rio.<\/p>\n<p>\u2728 Ampliar repert\u00f3rio interpretativo a partir da compara\u00e7\u00e3o entre diferentes baralhos.<\/p>\n<p>\u2728 Conduzir atendimentos profissionais com \u00e9tica, clareza, maturidade e responsabilidade.<\/p>\n<p>\u2728 Formular respostas objetivas sem empobrecer o s\u00edmbolo.<\/p>\n<p>\u2728 Atuar com mais confian\u00e7a, presen\u00e7a e dom\u00ednio t\u00e9cnico em leituras profundas.<\/p>\n<p>&nbsp;<\/p>\n<p>O curso inclui:<\/p>\n<p>\u2705 Material Digital para Download<br \/>\n\u2705 Acesso por pelo menos 12 meses \u00e0s grava\u00e7\u00f5es das aulas<br \/>\n\u2705 Acesso ao grupo exclusivo de estudos com as professoras Debora King e Samantha Callegari<br \/>\n\u2705 Certificado de Conclus\u00e3o ao final do curso<\/p>\n<p>&nbsp;<\/p>\n<p>Informa\u00e7\u00f5es importantes:<\/p>\n<p>\u2022 A grava\u00e7\u00e3o da aula ser\u00e1 disponibilizada para os alunos por um per\u00edodo m\u00ednimo de 12 meses.<br \/>\n\u2022 O material do curso ser\u00e1 disponibilizado para download ao aluno. O mesmo se compromete a n\u00e3o compartilhar v\u00eddeos, textos, imagens ou qualquer outro material referente ao curso adquirido (sess\u00e3o de uso) com terceiros, sob pena do artigo 184 do C\u00f3digo Penal.<br \/>\n\u2022 Todos os alunos em curso ter\u00e3o acesso ao grupo de estudos via WhatsApp com o professor, para o esclarecimento de d\u00favidas, pr\u00e1ticas e trocas.<br \/>\n\u2022 O Certificado de Conclus\u00e3o ser\u00e1 emitido ap\u00f3s o curso e enviado aos alunos que realizarem todas as aulas e forem apontados como aptos \/ aprovados pelo professor.<\/p>\n<p>&nbsp;<\/p>\n<p>Ao realizar sua inscri\u00e7\u00e3o e matr\u00edcula no curso, o aluno concorda com todos os termos citados neste documento.<\/p>\n","protected":false},"excerpt":{"rendered":"<p class=\"cvGsUA direction-ltr align-center para-style-body\"><span class=\"a_GcMg font-feature-liga-off font-feature-clig-off font-feature-calt-off text-decoration-none text-strikethrough-none\">Ricardo Baratela <\/span><span class=\"a_GcMg font-feature-liga-off font-feature-clig-off font-feature-calt-off text-decoration-none text-strikethrough-none\">e <\/span><span class=\"a_GcMg font-feature-liga-off font-feature-clig-off font-feature-calt-off text-decoration-none text-strikethrough-none\">Dem\u00e9trio Aristeus<\/span><span class=\"a_GcMg font-feature-liga-off font-feature-clig-off font-feature-calt-off text-decoration-none text-strikethrough-none\"> conduzem um curso dividido em dois m\u00f3dulos, voltado ao aprimoramento e aperfei\u00e7oamento de tar\u00f3logos.<\/span><\/p>\n<p class=\"cvGsUA direction-ltr align-center para-style-body\"><span class=\"a_GcMg font-feature-liga-off font-feature-clig-off font-feature-calt-off text-decoration-none text-strikethrough-none\">A proposta \u00e9 oferecer, a quem j\u00e1 conhece o tarot &#8211; mas trava na hora de interpretar, mais fluidez, fortalecendo a conex\u00e3o simb\u00f3lica e transformando o conhecimento do oraculista em leitura clara, segura e coerente.<\/span><\/p>\n<p class=\"cvGsUA direction-ltr align-center para-style-body\"><span class=\"a_GcMg font-feature-liga-off font-feature-clig-off font-feature-calt-off text-decoration-none text-strikethrough-none\">Assim, o aluno aprende a construir narrativas organizadas, aplicar t\u00e9cnicas avan\u00e7adas de leitura em camadas e desenvolver seguran\u00e7a, \u00e9tica e maturidade profissional.<\/span><\/p>\n<p>&nbsp;<\/p>\n<p>Ao longo do curso <strong>Destravando Tar\u00f3logos<\/strong>, voc\u00ea ir\u00e1 aprender a:<\/p>\n<p>\u2728 Identificar e superar bloqueios interpretativos avan\u00e7ados, como rigidez simb\u00f3lica, perfeccionismo e medo do erro.<\/p>\n<p>\u2728 Ler o Tarot de forma viva e org\u00e2nica, indo al\u00e9m da memoriza\u00e7\u00e3o de significados.<\/p>\n<p>\u2728 Desenvolver leitura pela imagem, narrativa simb\u00f3lica e s\u00edntese clara dos jogos.<\/p>\n<p>\u2728 Estruturar leituras coerentes em diferentes m\u00e9todos, compreendendo a l\u00f3gica interna de cada jogo.<\/p>\n<p>\u2728 Trabalhar com m\u00faltiplas camadas simult\u00e2neas de interpreta\u00e7\u00e3o (imagem, arqu\u00e9tipo, elemento, n\u00famero e aplica\u00e7\u00e3o pr\u00e1tica).<\/p>\n<p>\u2728 Lidar com paradoxos simb\u00f3licos e jogos complexos com seguran\u00e7a e crit\u00e9rio.<\/p>\n<p>\u2728 Ampliar repert\u00f3rio interpretativo a partir da compara\u00e7\u00e3o entre diferentes baralhos.<\/p>\n<p>\u2728 Conduzir atendimentos profissionais com \u00e9tica, clareza, maturidade e responsabilidade.<\/p>\n<p>\u2728 Formular respostas objetivas sem empobrecer o s\u00edmbolo.<\/p>\n<p>\u2728 Atuar com mais confian\u00e7a, presen\u00e7a e dom\u00ednio t\u00e9cnico em leituras profundas.<\/p>\n<p>&nbsp;<\/p>\n<p>O curso inclui:<\/p>\n<p>\u2705 Material Digital para Download<br \/>\n\u2705 Acesso por pelo menos 12 meses \u00e0s grava\u00e7\u00f5es das aulas<br \/>\n\u2705 Acesso ao grupo exclusivo de estudos com as professoras Debora King e Samantha Callegari<br \/>\n\u2705 Certificado de Conclus\u00e3o ao final do curso<\/p>\n<p>&nbsp;<\/p>\n<p>Informa\u00e7\u00f5es importantes:<\/p>\n<p>\u2022 A grava\u00e7\u00e3o da aula ser\u00e1 disponibilizada para os alunos por um per\u00edodo m\u00ednimo de 12 meses.<br \/>\n\u2022 O material do curso ser\u00e1 disponibilizado para download ao aluno. O mesmo se compromete a n\u00e3o compartilhar v\u00eddeos, textos, imagens ou qualquer outro material referente ao curso adquirido (sess\u00e3o de uso) com terceiros, sob pena do artigo 184 do C\u00f3digo Penal.<br \/>\n\u2022 Todos os alunos em curso ter\u00e3o acesso ao grupo de estudos via WhatsApp com o professor, para o esclarecimento de d\u00favidas, pr\u00e1ticas e trocas.<br \/>\n\u2022 O Certificado de Conclus\u00e3o ser\u00e1 emitido ap\u00f3s o curso e enviado aos alunos que realizarem todas as aulas e forem apontados como aptos \/ aprovados pelo professor.<\/p>\n<p>&nbsp;<\/p>\n<p>Ao realizar sua inscri\u00e7\u00e3o e matr\u00edcula no curso, o aluno concorda com todos os termos citados neste documento.<\/p>\n","protected":false},"featured_media":16766,"comment_status":"closed","ping_status":"closed","template":"","meta":{"content-type":"","_joinchat":[]},"product_brand":[],"product_cat":[101,100],"product_tag":[184,183],"class_list":{"0":"post-16765","1":"product","2":"type-product","3":"status-publish","4":"has-post-thumbnail","6":"product_cat-oraculos","7":"product_cat-tarot","8":"product_tag-taro","9":"product_tag-tarot","11":"first","12":"instock","13":"sale","14":"virtual","15":"purchasable","16":"product-type-simple"},"_links":{"self":[{"href":"https:\/\/espacomerkaba.com.br\/site\/wp-json\/wp\/v2\/product\/16765","targetHints":{"allow":["GET"]}}],"collection":[{"href":"https:\/\/espacomerkaba.com.br\/site\/wp-json\/wp\/v2\/product"}],"about":[{"href":"https:\/\/espacomerkaba.com.br\/site\/wp-json\/wp\/v2\/types\/product"}],"replies":[{"embeddable":true,"href":"https:\/\/espacomerkaba.com.br\/site\/wp-json\/wp\/v2\/comments?post=16765"}],"version-history":[{"count":1,"href":"https:\/\/espacomerkaba.com.br\/site\/wp-json\/wp\/v2\/product\/16765\/revisions"}],"predecessor-version":[{"id":16767,"href":"https:\/\/espacomerkaba.com.br\/site\/wp-json\/wp\/v2\/product\/16765\/revisions\/16767"}],"wp:featuredmedia":[{"embeddable":true,"href":"https:\/\/espacomerkaba.com.br\/site\/wp-json\/wp\/v2\/media\/16766"}],"wp:attachment":[{"href":"https:\/\/espacomerkaba.com.br\/site\/wp-json\/wp\/v2\/media?parent=16765"}],"wp:term":[{"taxonomy":"product_brand","embeddable":true,"href":"https:\/\/espacomerkaba.com.br\/site\/wp-json\/wp\/v2\/product_brand?post=16765"},{"taxonomy":"product_cat","embeddable":true,"href":"https:\/\/espacomerkaba.com.br\/site\/wp-json\/wp\/v2\/product_cat?post=16765"},{"taxonomy":"product_tag","embeddable":true,"href":"https:\/\/espacomerkaba.com.br\/site\/wp-json\/wp\/v2\/product_tag?post=16765"}],"curies":[{"name":"wp","href":"https:\/\/api.w.org\/{rel}","templated":true}]}}